{"id":38,"date":"2011-09-09T08:13:57","date_gmt":"2011-09-09T08:13:57","guid":{"rendered":"https:\/\/krets.jagareforbundet.se\/template\/?page_id=38"},"modified":"2013-07-04T22:34:20","modified_gmt":"2013-07-04T20:34:20","slug":"bildgalleri","status":"publish","type":"page","link":"https:\/\/krets.jagareforbundet.se\/burtrask\/arkiv\/bildgalleri\/","title":{"rendered":"Bildgalleri"},"content":{"rendered":"<p><a href=\"https:\/\/krets.jagareforbundet.se\/burtrask\/files\/2011\/09\/skjutc3b6vning11.jpg\"><img loading=\"lazy\" decoding=\"async\" class=\"size-medium wp-image-282 alignleft\" title=\"Lerduveskytte\" src=\"https:\/\/krets.jagareforbundet.se\/burtrask\/files\/2011\/09\/skjutc3b6vning11-300x225.jpg\" alt=\"\" width=\"300\" height=\"225\" srcset=\"https:\/\/krets.jagareforbundet.se\/burtrask\/files\/2011\/09\/skjutc3b6vning11-300x225.jpg 300w, https:\/\/krets.jagareforbundet.se\/burtrask\/files\/2011\/09\/skjutc3b6vning11-1024x768.jpg 1024w\" sizes=\"auto, (max-width: 300px) 100vw, 300px\" \/><\/a>Lerduveskytte i \u00f6sregn och 2 plusgrader, men vad g\u00f6r det n\u00e4r skjutsuget \u00e4r stort efter en l\u00e5ng vinter. Skjuta \u00e4r ju roligt eller hur, och \u00f6var man inte s\u00e5 skall man inte jaga heller!<\/p>\n<p>&nbsp;<\/p>\n<p>&nbsp;<\/p>\n<p>&nbsp;<\/p>\n<p>&nbsp;<\/p>\n<p>&nbsp;<\/p>\n<p>&nbsp;<\/p>\n<p><a href=\"https:\/\/krets.jagareforbundet.se\/burtrask\/files\/2011\/09\/temp-700-1.jpg\"><img loading=\"lazy\" decoding=\"async\" class=\"wp-image-107 alignleft\" title=\"Vinterfj\u00e4ll\" src=\"https:\/\/krets.jagareforbundet.se\/burtrask\/files\/2011\/09\/temp-700-1-300x168.jpg\" alt=\"\" width=\"300\" height=\"225\" \/><\/a>\u00a0Ett vintrigt fj\u00e4ll kan vara en sagolik syn!<\/p>\n<p>&nbsp;<\/p>\n<p>&nbsp;<\/p>\n<p>&nbsp;<\/p>\n<p>&nbsp;<\/p>\n<p>&nbsp;<\/p>\n<p>&nbsp;<\/p>\n<p>&nbsp;<\/p>\n<p><a href=\"https:\/\/krets.jagareforbundet.se\/burtrask\/files\/2011\/09\/13060002.jpg\"><img loading=\"lazy\" decoding=\"async\" class=\"size-medium wp-image-321 alignleft\" title=\"Sommarmyr\" src=\"https:\/\/krets.jagareforbundet.se\/burtrask\/files\/2011\/09\/13060002-300x226.jpg\" alt=\"\" width=\"300\" height=\"226\" srcset=\"https:\/\/krets.jagareforbundet.se\/burtrask\/files\/2011\/09\/13060002-300x226.jpg 300w, https:\/\/krets.jagareforbundet.se\/burtrask\/files\/2011\/09\/13060002-1024x771.jpg 1024w\" sizes=\"auto, (max-width: 300px) 100vw, 300px\" \/><\/a>\u00a0En sommarmyr i dess fulla prakt!<\/p>\n","protected":false},"excerpt":{"rendered":"<p>Lerduveskytte i \u00f6sregn och 2 plusgrader, men vad g\u00f6r det n\u00e4r skjutsuget \u00e4r stort efter en l\u00e5ng vinter. Skjuta \u00e4r ju roligt eller hur, och \u00f6var man inte s\u00e5 skall man inte jaga heller! &nbsp; &nbsp; &nbsp; &nbsp; &nbsp; &nbsp; \u00a0Ett vintrigt fj\u00e4ll kan vara en sagolik syn! &nbsp; &nbsp; &nbsp; &nbsp; &nbsp; &nbsp; &nbsp; [&hellip;]<\/p>\n","protected":false},"author":3,"featured_media":0,"parent":41,"menu_order":1,"comment_status":"open","ping_status":"open","template":"","meta":{"footnotes":""},"class_list":["post-38","page","type-page","status-publish","hentry"],"_links":{"self":[{"href":"https:\/\/krets.jagareforbundet.se\/burtrask\/wp-json\/wp\/v2\/pages\/38","targetHints":{"allow":["GET"]}}],"collection":[{"href":"https:\/\/krets.jagareforbundet.se\/burtrask\/wp-json\/wp\/v2\/pages"}],"about":[{"href":"https:\/\/krets.jagareforbundet.se\/burtrask\/wp-json\/wp\/v2\/types\/page"}],"author":[{"embeddable":true,"href":"https:\/\/krets.jagareforbundet.se\/burtrask\/wp-json\/wp\/v2\/users\/3"}],"replies":[{"embeddable":true,"href":"https:\/\/krets.jagareforbundet.se\/burtrask\/wp-json\/wp\/v2\/comments?post=38"}],"version-history":[{"count":0,"href":"https:\/\/krets.jagareforbundet.se\/burtrask\/wp-json\/wp\/v2\/pages\/38\/revisions"}],"up":[{"embeddable":true,"href":"https:\/\/krets.jagareforbundet.se\/burtrask\/wp-json\/wp\/v2\/pages\/41"}],"wp:attachment":[{"href":"https:\/\/krets.jagareforbundet.se\/burtrask\/wp-json\/wp\/v2\/media?parent=38"}],"curies":[{"name":"wp","href":"https:\/\/api.w.org\/{rel}","templated":true}]}}