{"id":332,"date":"2019-03-18T17:15:26","date_gmt":"2019-03-18T16:15:26","guid":{"rendered":"https:\/\/krets.jagareforbundet.se\/dannemora_vendel\/?page_id=332"},"modified":"2019-03-21T18:09:14","modified_gmt":"2019-03-21T17:09:14","slug":"km-2019-jaktstig-viltspar-trap-algbanan","status":"publish","type":"page","link":"https:\/\/krets.jagareforbundet.se\/dannemora_vendel\/km-2019-jaktstig-viltspar-trap-algbanan\/","title":{"rendered":"Tider f\u00f6r KM 2019 Jaktstig Viltsp\u00e5r Trap \u00c4lgbanan"},"content":{"rendered":"<p>&nbsp;<\/p>\n<h4><strong>Jaktstig: G\u00e5vastbo banan l\u00f6rdagen den 27\/4 anm\u00e4lan mellan kl 09:00-09:30<\/strong><\/h4>\n<h4><strong>Viltsp\u00e5r: L\u00f6rdagen den 4\/5 tr\u00e4ffas vi\u00a0 kl 08:00 och drar lott om sp\u00e5r och domare, sista anm\u00e4lningsdag den 15\/4 till Mona Eden p\u00e5 tel: 070-2214140\u00a0<\/strong><\/h4>\n<h4><strong>Trap: trapbanan vid vendels skyttecenter den 24\/8 anm\u00e4lan mellan 09:00- 09:30 Km och banm\u00e4sterskap<\/strong><\/h4>\n<h4><strong>\u00c4lgbana: vid vendels skyttecenter den 21\/9 anm\u00e4lan mellen 09:00- 09:30 Km och banm\u00e4sterskap<\/strong><\/h4>\n","protected":false},"excerpt":{"rendered":"<p>&nbsp; Jaktstig: G\u00e5vastbo banan l\u00f6rdagen den 27\/4 anm\u00e4lan mellan kl 09:00-09:30 Viltsp\u00e5r: L\u00f6rdagen den 4\/5 tr\u00e4ffas vi\u00a0 kl 08:00 och drar lott om sp\u00e5r och domare, sista anm\u00e4lningsdag den 15\/4 till Mona Eden p\u00e5 tel: 070-2214140\u00a0 Trap: trapbanan vid vendels skyttecenter den 24\/8 anm\u00e4lan mellan 09:00- 09:30 Km och banm\u00e4sterskap \u00c4lgbana: vid vendels skyttecenter den [&hellip;]<\/p>\n","protected":false},"author":177,"featured_media":0,"parent":0,"menu_order":0,"comment_status":"closed","ping_status":"closed","template":"","meta":{"footnotes":""},"class_list":["post-332","page","type-page","status-publish","hentry"],"_links":{"self":[{"href":"https:\/\/krets.jagareforbundet.se\/dannemora_vendel\/wp-json\/wp\/v2\/pages\/332","targetHints":{"allow":["GET"]}}],"collection":[{"href":"https:\/\/krets.jagareforbundet.se\/dannemora_vendel\/wp-json\/wp\/v2\/pages"}],"about":[{"href":"https:\/\/krets.jagareforbundet.se\/dannemora_vendel\/wp-json\/wp\/v2\/types\/page"}],"author":[{"embeddable":true,"href":"https:\/\/krets.jagareforbundet.se\/dannemora_vendel\/wp-json\/wp\/v2\/users\/177"}],"replies":[{"embeddable":true,"href":"https:\/\/krets.jagareforbundet.se\/dannemora_vendel\/wp-json\/wp\/v2\/comments?post=332"}],"version-history":[{"count":1,"href":"https:\/\/krets.jagareforbundet.se\/dannemora_vendel\/wp-json\/wp\/v2\/pages\/332\/revisions"}],"predecessor-version":[{"id":333,"href":"https:\/\/krets.jagareforbundet.se\/dannemora_vendel\/wp-json\/wp\/v2\/pages\/332\/revisions\/333"}],"wp:attachment":[{"href":"https:\/\/krets.jagareforbundet.se\/dannemora_vendel\/wp-json\/wp\/v2\/media?parent=332"}],"curies":[{"name":"wp","href":"https:\/\/api.w.org\/{rel}","templated":true}]}}