{"id":1045,"date":"2021-03-01T20:22:43","date_gmt":"2021-03-01T19:22:43","guid":{"rendered":"https:\/\/krets.jagareforbundet.se\/eksjo\/?page_id=1045"},"modified":"2022-03-21T11:10:26","modified_gmt":"2022-03-21T10:10:26","slug":"armotesprotokoll","status":"publish","type":"page","link":"https:\/\/krets.jagareforbundet.se\/eksjo\/exempelsida\/armotesprotokoll\/","title":{"rendered":"\u00c5rsm\u00f6tesprotokoll"},"content":{"rendered":"<p>&nbsp;<\/p>\n<p><a href=\"https:\/\/krets.jagareforbundet.se\/eksjo\/files\/2022\/03\/Arsmotesprotokoll-2022.doc\">\u00c5rsm\u00f6tesprotokoll 2022<\/a><\/p>\n<p><a href=\"https:\/\/krets.jagareforbundet.se\/eksjo\/files\/2021\/03\/Arsmotesprotokoll-2021.pdf\">\u00c5rsm\u00f6tesprotokoll 2021\u00a0<\/a><\/p>\n<p>&nbsp;<\/p>\n","protected":false},"excerpt":{"rendered":"<p>&nbsp; \u00c5rsm\u00f6tesprotokoll 2022 \u00c5rsm\u00f6tesprotokoll 2021\u00a0 &nbsp;<\/p>\n","protected":false},"author":39,"featured_media":0,"parent":2,"menu_order":0,"comment_status":"closed","ping_status":"closed","template":"","meta":{"footnotes":""},"class_list":["post-1045","page","type-page","status-publish","hentry"],"_links":{"self":[{"href":"https:\/\/krets.jagareforbundet.se\/eksjo\/wp-json\/wp\/v2\/pages\/1045","targetHints":{"allow":["GET"]}}],"collection":[{"href":"https:\/\/krets.jagareforbundet.se\/eksjo\/wp-json\/wp\/v2\/pages"}],"about":[{"href":"https:\/\/krets.jagareforbundet.se\/eksjo\/wp-json\/wp\/v2\/types\/page"}],"author":[{"embeddable":true,"href":"https:\/\/krets.jagareforbundet.se\/eksjo\/wp-json\/wp\/v2\/users\/39"}],"replies":[{"embeddable":true,"href":"https:\/\/krets.jagareforbundet.se\/eksjo\/wp-json\/wp\/v2\/comments?post=1045"}],"version-history":[{"count":4,"href":"https:\/\/krets.jagareforbundet.se\/eksjo\/wp-json\/wp\/v2\/pages\/1045\/revisions"}],"predecessor-version":[{"id":1247,"href":"https:\/\/krets.jagareforbundet.se\/eksjo\/wp-json\/wp\/v2\/pages\/1045\/revisions\/1247"}],"up":[{"embeddable":true,"href":"https:\/\/krets.jagareforbundet.se\/eksjo\/wp-json\/wp\/v2\/pages\/2"}],"wp:attachment":[{"href":"https:\/\/krets.jagareforbundet.se\/eksjo\/wp-json\/wp\/v2\/media?parent=1045"}],"curies":[{"name":"wp","href":"https:\/\/api.w.org\/{rel}","templated":true}]}}