{"id":1164,"date":"2021-03-10T15:08:52","date_gmt":"2021-03-10T14:08:52","guid":{"rendered":"https:\/\/krets.jagareforbundet.se\/eksjo\/?page_id=1164"},"modified":"2021-03-10T15:14:57","modified_gmt":"2021-03-10T14:14:57","slug":"bli-medlem","status":"publish","type":"page","link":"https:\/\/krets.jagareforbundet.se\/eksjo\/bli-medlem\/","title":{"rendered":"Bli medlem"},"content":{"rendered":"<p class=\"date\">Det h\u00e4nder mycket inom jakten nu som f\u00f6rbundet jobbar h\u00e5rt med. Bland annat g\u00e5r \u00f6versynen av jakttiderna in i sin slutfas, sm\u00e5skalig f\u00f6rs\u00e4ljning av vildsvinsk\u00f6tt \u00e4r p\u00e5 g\u00e5ng, det vill s\u00e4ga att vi ska f\u00e5 s\u00e4lja vildsvinsk\u00f6tt precis som allt annat viltk\u00f6tt. Fr\u00e5gan om fj\u00e4lljakten p\u00e5 statens marker ovan odlingsgr\u00e4nsen kommer att vara aktuell l\u00e5ng tid fram\u00f6ver. Ingen av dessa fr\u00e5gor \u00e4r s\u00e4rskilt sp\u00e4nnande men det \u00e4r d\u00e4rf\u00f6r f\u00f6rbundet finns. Vi ska v\u00e4rna om det som v\u00e5ra medlemmar brinner f\u00f6r, jakten!<\/p>\n<div>\n<div class=\"page\">\n<div class=\"layoutArea\">\n<div class=\"column\">\n<div class=\"page\">\n<div class=\"section\">Ett stort f\u00f6rbund \u00e4r en stark r\u00f6st. Bli medlem du ocks\u00e5.<\/div>\n<div>Bli medlem via swish eller tryck <a href=\"https:\/\/medlem.jagareforbundet.se\/blimedlem\">h\u00e4r f\u00f6r att komma till medlemskapet p\u00e5 f\u00f6rbundets sida.<\/a><\/div>\n<\/div>\n<div>\n<div class=\"section\"><strong>Swisha s\u00e5h\u00e4r till 123 6261 986:<\/strong><\/div>\n<div class=\"section\"><em>Ordinarie medlemskap med Svensk Jakt:<\/em>\u00a0600 kr<br \/>\ni meddelanderutan skriver du JF(mellanslag)personnummer, exempel &#8221;JF 19821005-xxxx&#8221;<\/div>\n<div class=\"section\"><em>Ungdom (upp till 25 \u00e5r):<\/em>\u00a0300 kr<\/div>\n<div class=\"section\">\n<p>I meddelanderutan skriver du in JF(mellanslag)personnummer, exempel &#8221;JF 20201005-xxxx&#8221;<\/p>\n<\/div>\n<\/div>\n<div>L\u00e4s mer om vad som ing\u00e5r i ditt medlemskap genom att trycka <a href=\"https:\/\/jagareforbundet.se\/medlem\/Medlemskap\/\">h\u00e4r<\/a><\/div>\n<div>\n<div id=\"attachment_1170\" style=\"width: 1034px\" class=\"wp-caption alignleft\"><img loading=\"lazy\" decoding=\"async\" aria-describedby=\"caption-attachment-1170\" class=\"size-large wp-image-1170\" src=\"https:\/\/krets.jagareforbundet.se\/eksjo\/files\/2021\/03\/PA190159_high-1024x648.jpg\" alt=\"\" width=\"1024\" height=\"648\" srcset=\"https:\/\/krets.jagareforbundet.se\/eksjo\/files\/2021\/03\/PA190159_high-1024x648.jpg 1024w, https:\/\/krets.jagareforbundet.se\/eksjo\/files\/2021\/03\/PA190159_high-300x190.jpg 300w, https:\/\/krets.jagareforbundet.se\/eksjo\/files\/2021\/03\/PA190159_high-768x486.jpg 768w, https:\/\/krets.jagareforbundet.se\/eksjo\/files\/2021\/03\/PA190159_high-1536x971.jpg 1536w, https:\/\/krets.jagareforbundet.se\/eksjo\/files\/2021\/03\/PA190159_high-2048x1295.jpg 2048w\" sizes=\"auto, (max-width: 1024px) 100vw, 1024px\" \/><p id=\"caption-attachment-1170\" class=\"wp-caption-text\">Foto: Madeleine Lewander<\/p><\/div>\n<\/div>\n<\/div>\n<\/div>\n<\/div>\n<\/div>\n","protected":false},"excerpt":{"rendered":"<p>Det h\u00e4nder mycket inom jakten nu som f\u00f6rbundet jobbar h\u00e5rt med. Bland annat g\u00e5r \u00f6versynen av jakttiderna in i sin slutfas, sm\u00e5skalig f\u00f6rs\u00e4ljning av vildsvinsk\u00f6tt \u00e4r p\u00e5 g\u00e5ng, det vill s\u00e4ga att vi ska f\u00e5 s\u00e4lja vildsvinsk\u00f6tt precis som allt annat viltk\u00f6tt. Fr\u00e5gan om fj\u00e4lljakten p\u00e5 statens marker ovan odlingsgr\u00e4nsen kommer att vara aktuell l\u00e5ng [&hellip;]<\/p>\n","protected":false},"author":39,"featured_media":0,"parent":0,"menu_order":0,"comment_status":"closed","ping_status":"closed","template":"","meta":{"footnotes":""},"class_list":["post-1164","page","type-page","status-publish","hentry"],"_links":{"self":[{"href":"https:\/\/krets.jagareforbundet.se\/eksjo\/wp-json\/wp\/v2\/pages\/1164","targetHints":{"allow":["GET"]}}],"collection":[{"href":"https:\/\/krets.jagareforbundet.se\/eksjo\/wp-json\/wp\/v2\/pages"}],"about":[{"href":"https:\/\/krets.jagareforbundet.se\/eksjo\/wp-json\/wp\/v2\/types\/page"}],"author":[{"embeddable":true,"href":"https:\/\/krets.jagareforbundet.se\/eksjo\/wp-json\/wp\/v2\/users\/39"}],"replies":[{"embeddable":true,"href":"https:\/\/krets.jagareforbundet.se\/eksjo\/wp-json\/wp\/v2\/comments?post=1164"}],"version-history":[{"count":3,"href":"https:\/\/krets.jagareforbundet.se\/eksjo\/wp-json\/wp\/v2\/pages\/1164\/revisions"}],"predecessor-version":[{"id":1172,"href":"https:\/\/krets.jagareforbundet.se\/eksjo\/wp-json\/wp\/v2\/pages\/1164\/revisions\/1172"}],"wp:attachment":[{"href":"https:\/\/krets.jagareforbundet.se\/eksjo\/wp-json\/wp\/v2\/media?parent=1164"}],"curies":[{"name":"wp","href":"https:\/\/api.w.org\/{rel}","templated":true}]}}