{"id":146,"date":"2012-07-01T12:42:56","date_gmt":"2012-07-01T10:42:56","guid":{"rendered":"https:\/\/krets.jagareforbundet.se\/eksjo\/?page_id=146"},"modified":"2021-03-01T12:03:18","modified_gmt":"2021-03-01T11:03:18","slug":"styrelse","status":"publish","type":"page","link":"https:\/\/krets.jagareforbundet.se\/eksjo\/exempelsida\/styrelse\/","title":{"rendered":"Styrelse"},"content":{"rendered":"<p>&nbsp;<\/p>\n<p style=\"text-align: center\"><strong>J\u00c4GARF\u00d6RBUNDET EKSJ\u00d6KRETSEN<\/strong><\/p>\n<p style=\"text-align: center\"><strong>STYRELSE 2021<\/strong><\/p>\n<p>Carlsson Magnus Ordf\u00f6rande \/ AU<br \/>\nH\u00e4rstensbo 073 \u2013 093 28 00<br \/>\n575 91 Eksj\u00f6<br \/>\ne-post magnus.harstensbo@gmail.com<\/p>\n<p>Berglind Marie Sekreterare \/ AU<br \/>\nR\u00f6lund 070 \u2013 512 03 84<br \/>\n598 98 Mariannelund<br \/>\ne-post smalandsskogens@telia.com<\/p>\n<p>Torgny Evertsson Vice ordf\u00f6rande\/AU<br \/>\nH\u00e5karp 1 070 \u2013 323 92 44<br \/>\n575 93 Eksj\u00f6<br \/>\ne-post hakarp@outlook.com<\/p>\n<p>Martinsson Jonny kass\u00f6r \/ AU<br \/>\nKinnagatan 4 073 \u2013 98\u00a0307 02<br \/>\n575 35 Eksj\u00f6<br \/>\ne-post jonny.martinsson@och.nu<\/p>\n<p>Nordstr\u00f6m Peter Ledamot<br \/>\nLilla Fagerhult 070 \u2013 811 81 73<br \/>\n598 98 Mariannelund<br \/>\ne-post lilla.fagerhult@gmail.com<\/p>\n<p>Jonatan Henricson Ledamot<br \/>\n\u00d6stra N\u00e4s 3 073 \u2013 057 97 59<br \/>\n575 95 Eksj\u00f6<br \/>\ne-post jonatan_henricson@hotmail.com<\/p>\n<p>Robert Lindhe Ledamot<br \/>\nRunh\u00e4llsv\u00e4gen 10 076 \u2013 186 31 33<br \/>\n575 39 Eksj\u00f6<br \/>\ne-post Robert.lindhe@hotmail.com<\/p>\n<p>Victor Carlsson Ledamot<br \/>\nTotarp 070 \u2013 547 99 80<br \/>\n598 98 Mariannelund<br \/>\ne-post vickes_92@hotmail.com<\/p>\n<p>Mikael Fransson Ledamot<br \/>\nArnaberget 1 070 \u2013 658 02 83<br \/>\n575 96 Eksj\u00f6<br \/>\ne-post mikaelfransson63@gmail.com<\/p>\n<p>Berglind Marie Korrespondent<br \/>\nR\u00f6lund 0496 -103 84<br \/>\n598 98 Mariannelund 070 \u2013 512 03 84<br \/>\ne-post smalandsskogens@telia.com<\/p>\n<p><strong>Valberedningen J\u00e4garf\u00f6rbundet Eksj\u00f6kretsen<\/strong><\/p>\n<p>Stefan Yngvesson Sammankallande<br \/>\nMarkestad, Uvhemmet 2 076 \u2013 634 72 15<br \/>\n575 95 Eksj\u00f6<br \/>\ne-mail: stefan.yngvesson@gmail.se<\/p>\n<p>Johan Gunnarsson Ledamot<br \/>\nHadd\u00e5s 1 070 \u2013 681 29 98<br \/>\n570 31 Ingatorp<br \/>\ne-mail: johangunnarsson1@hotmail.com<\/p>\n<p>Helen Weckfors Ledamot<br \/>\nM\u00e5sgatan 9 070 \u2013 364 03 42<br \/>\n575 34 Eksj\u00f6<br \/>\ne-mail: helen@weckfors.se<\/p>\n<p><strong>Revisorer<\/strong><br \/>\nLeif Rydell<br \/>\nBoo Dahlberg<\/p>\n<p><strong>Revisorsuppleanter<\/strong><br \/>\nLennart Olausson<br \/>\nBj\u00f6rn Kyhlberg<\/p>\n<p><strong>Omr\u00e5desansvariga<\/strong><br \/>\nVictor Carlsson\u00a0 \u00a0 \u00a0 \u00a0 \u00a0 \u00a0 \u00a0 \u00a0 \u00a0 \u00a0 \u00a0 \u00a0 \u00a0 \u00a0 \u00a0 \u00a0 \u00a0 \u00a0 \u00a0 \u00a0 \u00a0 \u00a0 \u00a0 \u00a0 \u00a0 \u00a0 \u00a0Skytteansvarig<br \/>\nMagnus Carlsson\u00a0 \u00a0 \u00a0 \u00a0 \u00a0 \u00a0 \u00a0 \u00a0 \u00a0 \u00a0 \u00a0 \u00a0 \u00a0 \u00a0 \u00a0 \u00a0 \u00a0 \u00a0 \u00a0 \u00a0 \u00a0 \u00a0 \u00a0 \u00a0 \u00a0 Utbildningsansvarig<br \/>\nPeter Nordstr\u00f6m Lars Olofsson\/Kjellberg\u00a0 \u00a0 \u00a0 \u00a0Rovviltsansvariga<br \/>\nTorgny Evertsson\/ Mikael Fransson\u00a0 \u00a0 \u00a0 \u00a0 \u00a0 \u00a0 \u00a0 \u00a0 \u00a0Viltrapport\u00f6rer<br \/>\nJonatan Henricson\u00a0 \u00a0 \u00a0 \u00a0 \u00a0 \u00a0 \u00a0 \u00a0 \u00a0 \u00a0 \u00a0 \u00a0 \u00a0 \u00a0 \u00a0 \u00a0 \u00a0 \u00a0 \u00a0 \u00a0 \u00a0 \u00a0 \u00a0 \u00a0Ungdomsansvarig<br \/>\nMarie Berglind\u00a0 \u00a0 \u00a0 \u00a0 \u00a0 \u00a0 \u00a0 \u00a0 \u00a0 \u00a0 \u00a0 \u00a0 \u00a0 \u00a0 \u00a0 \u00a0 \u00a0 \u00a0 \u00a0 \u00a0 \u00a0 \u00a0 \u00a0 \u00a0 \u00a0 \u00a0 \u00a0 Hundansvarig<br \/>\nErik Berglind\u00a0 \u00a0 \u00a0 \u00a0 \u00a0 \u00a0 \u00a0 \u00a0 \u00a0 \u00a0 \u00a0 \u00a0 \u00a0 \u00a0 \u00a0 \u00a0 \u00a0 \u00a0 \u00a0 \u00a0 \u00a0 \u00a0 \u00a0 \u00a0 \u00a0 \u00a0 \u00a0 \u00a0 \u00a0Efters\u00f6kssamordnare<br \/>\nRobert Lindhe\u00a0 \u00a0 \u00a0 \u00a0 \u00a0 \u00a0 \u00a0 \u00a0 \u00a0 \u00a0 \u00a0 \u00a0 \u00a0 \u00a0 \u00a0 \u00a0 \u00a0 \u00a0 \u00a0 \u00a0 \u00a0 \u00a0 \u00a0 \u00a0 \u00a0 \u00a0 \u00a0 \u00a0Kommunikat\u00f6r<br \/>\nTorgny Evertsson\u00a0 \u00a0 \u00a0 \u00a0 \u00a0 \u00a0 \u00a0 \u00a0 \u00a0 \u00a0 \u00a0 \u00a0 \u00a0 \u00a0 \u00a0 \u00a0 \u00a0 \u00a0 \u00a0 \u00a0 \u00a0 \u00a0 \u00a0 \u00a0 \u00a0Vildsvinsansvarig<br \/>\nVakant(styrelsen)\u00a0 \u00a0 \u00a0 \u00a0 \u00a0 \u00a0 \u00a0 \u00a0 \u00a0 \u00a0 \u00a0 \u00a0 \u00a0 \u00a0 \u00a0 \u00a0 \u00a0 \u00a0 \u00a0 \u00a0 \u00a0 \u00a0 \u00a0 \u00a0 \u00a0Viltv\u00e5rdsansvarig<br \/>\nHelen Weckfors\u00a0 \u00a0 \u00a0 \u00a0 \u00a0 \u00a0 \u00a0 \u00a0 \u00a0 \u00a0 \u00a0 \u00a0 \u00a0 \u00a0 \u00a0 \u00a0 \u00a0 \u00a0 \u00a0 \u00a0 \u00a0 \u00a0 \u00a0 \u00a0 \u00a0 \u00a0 \u00a0Jaqt<br \/>\nMarie Berglind\u00a0 \u00a0 \u00a0 \u00a0 \u00a0 \u00a0 \u00a0 \u00a0 \u00a0 \u00a0 \u00a0 \u00a0 \u00a0 \u00a0 \u00a0 \u00a0 \u00a0 \u00a0 \u00a0 \u00a0 \u00a0 \u00a0 \u00a0 \u00a0 \u00a0 \u00a0 \u00a0 Postmottagare<\/p>\n","protected":false},"excerpt":{"rendered":"<p>&nbsp; J\u00c4GARF\u00d6RBUNDET EKSJ\u00d6KRETSEN STYRELSE 2021 Carlsson Magnus Ordf\u00f6rande \/ AU H\u00e4rstensbo 073 \u2013 093 28 00 575 91 Eksj\u00f6 e-post magnus.harstensbo@gmail.com Berglind Marie Sekreterare \/ AU R\u00f6lund 070 \u2013 512 03 84 598 98 Mariannelund e-post smalandsskogens@telia.com Torgny Evertsson Vice ordf\u00f6rande\/AU H\u00e5karp 1 070 \u2013 323 92 44 575 93 Eksj\u00f6 e-post hakarp@outlook.com Martinsson Jonny [&hellip;]<\/p>\n","protected":false},"author":39,"featured_media":0,"parent":2,"menu_order":0,"comment_status":"open","ping_status":"open","template":"","meta":{"footnotes":""},"class_list":["post-146","page","type-page","status-publish","hentry"],"_links":{"self":[{"href":"https:\/\/krets.jagareforbundet.se\/eksjo\/wp-json\/wp\/v2\/pages\/146","targetHints":{"allow":["GET"]}}],"collection":[{"href":"https:\/\/krets.jagareforbundet.se\/eksjo\/wp-json\/wp\/v2\/pages"}],"about":[{"href":"https:\/\/krets.jagareforbundet.se\/eksjo\/wp-json\/wp\/v2\/types\/page"}],"author":[{"embeddable":true,"href":"https:\/\/krets.jagareforbundet.se\/eksjo\/wp-json\/wp\/v2\/users\/39"}],"replies":[{"embeddable":true,"href":"https:\/\/krets.jagareforbundet.se\/eksjo\/wp-json\/wp\/v2\/comments?post=146"}],"version-history":[{"count":3,"href":"https:\/\/krets.jagareforbundet.se\/eksjo\/wp-json\/wp\/v2\/pages\/146\/revisions"}],"predecessor-version":[{"id":905,"href":"https:\/\/krets.jagareforbundet.se\/eksjo\/wp-json\/wp\/v2\/pages\/146\/revisions\/905"}],"up":[{"embeddable":true,"href":"https:\/\/krets.jagareforbundet.se\/eksjo\/wp-json\/wp\/v2\/pages\/2"}],"wp:attachment":[{"href":"https:\/\/krets.jagareforbundet.se\/eksjo\/wp-json\/wp\/v2\/media?parent=146"}],"curies":[{"name":"wp","href":"https:\/\/api.w.org\/{rel}","templated":true}]}}