{"id":2,"date":"2011-09-07T09:28:43","date_gmt":"2011-09-07T09:28:43","guid":{"rendered":"https:\/\/krets.jagareforbundet.se\/template\/?page_id=2"},"modified":"2021-03-09T11:04:56","modified_gmt":"2021-03-09T10:04:56","slug":"exempelsida","status":"publish","type":"page","link":"https:\/\/krets.jagareforbundet.se\/eksjo\/exempelsida\/","title":{"rendered":"Om Eksj\u00f6 jaktv\u00e5rdskrets"},"content":{"rendered":"<p>&nbsp;<\/p>\n<p><a href=\"https:\/\/krets.jagareforbundet.se\/eksjo\/files\/2011\/09\/eksjo-lokala-org.jpg\"><img loading=\"lazy\" decoding=\"async\" class=\" wp-image-498 aligncenter\" src=\"https:\/\/krets.jagareforbundet.se\/eksjo\/files\/2011\/09\/eksjo-lokala-org-300x158.jpg\" alt=\"eksjo-lokala-org\" width=\"480\" height=\"253\" srcset=\"https:\/\/krets.jagareforbundet.se\/eksjo\/files\/2011\/09\/eksjo-lokala-org-300x158.jpg 300w, https:\/\/krets.jagareforbundet.se\/eksjo\/files\/2011\/09\/eksjo-lokala-org.jpg 700w\" sizes=\"auto, (max-width: 480px) 100vw, 480px\" \/><\/a><\/p>\n<p>Eksj\u00f6kretsen omfattar Eksj\u00f6 kommun och har c a 650 medlemmar. Kretsens anordnar utbildningar och information i jaktliga fr\u00e5gor och kretsm\u00e4sterskap i skytte och efters\u00f6k. Kretsen samordnar efters\u00f6ksverksamheten inom kommunen samt st\u00f6djer lokala verksamheter. Inom kretsen finns 8 lokala f\u00f6reningar.<\/p>\n<p>L\u00e4s mer om Eksj\u00f6 jaktv\u00e5rdskrets genom att v\u00e4lja kategorisering i menyn.<\/p>\n<p>&nbsp;<\/p>\n","protected":false},"excerpt":{"rendered":"<p>&nbsp; Eksj\u00f6kretsen omfattar Eksj\u00f6 kommun och har c a 650 medlemmar. Kretsens anordnar utbildningar och information i jaktliga fr\u00e5gor och kretsm\u00e4sterskap i skytte och efters\u00f6k. Kretsen samordnar efters\u00f6ksverksamheten inom kommunen samt st\u00f6djer lokala verksamheter. Inom kretsen finns 8 lokala f\u00f6reningar. L\u00e4s mer om Eksj\u00f6 jaktv\u00e5rdskrets genom att v\u00e4lja kategorisering i menyn. &nbsp;<\/p>\n","protected":false},"author":3,"featured_media":0,"parent":0,"menu_order":8,"comment_status":"open","ping_status":"open","template":"","meta":{"footnotes":""},"class_list":["post-2","page","type-page","status-publish","hentry"],"_links":{"self":[{"href":"https:\/\/krets.jagareforbundet.se\/eksjo\/wp-json\/wp\/v2\/pages\/2","targetHints":{"allow":["GET"]}}],"collection":[{"href":"https:\/\/krets.jagareforbundet.se\/eksjo\/wp-json\/wp\/v2\/pages"}],"about":[{"href":"https:\/\/krets.jagareforbundet.se\/eksjo\/wp-json\/wp\/v2\/types\/page"}],"author":[{"embeddable":true,"href":"https:\/\/krets.jagareforbundet.se\/eksjo\/wp-json\/wp\/v2\/users\/3"}],"replies":[{"embeddable":true,"href":"https:\/\/krets.jagareforbundet.se\/eksjo\/wp-json\/wp\/v2\/comments?post=2"}],"version-history":[{"count":4,"href":"https:\/\/krets.jagareforbundet.se\/eksjo\/wp-json\/wp\/v2\/pages\/2\/revisions"}],"predecessor-version":[{"id":1085,"href":"https:\/\/krets.jagareforbundet.se\/eksjo\/wp-json\/wp\/v2\/pages\/2\/revisions\/1085"}],"wp:attachment":[{"href":"https:\/\/krets.jagareforbundet.se\/eksjo\/wp-json\/wp\/v2\/media?parent=2"}],"curies":[{"name":"wp","href":"https:\/\/api.w.org\/{rel}","templated":true}]}}