{"id":28,"date":"2011-09-09T08:06:13","date_gmt":"2011-09-09T08:06:13","guid":{"rendered":"https:\/\/krets.jagareforbundet.se\/template\/?page_id=28"},"modified":"2021-03-01T19:03:35","modified_gmt":"2021-03-01T18:03:35","slug":"kontakta-oss","status":"publish","type":"page","link":"https:\/\/krets.jagareforbundet.se\/eksjo\/kontakta-oss\/","title":{"rendered":"Kontakta oss"},"content":{"rendered":"<p>Skriv din fr\u00e5ga eller ett meddelande till Eksj\u00f6 jaktv\u00e5rdskrets i kontaktformul\u00e4ret nedan:<\/p>\n<div class=\"post contact-form\">\n<form action=\"\" id=\"contactForm\" method=\"post\">\n<fieldset class=\"forms\">\n<p><label for=\"contactName\">Name<\/label>\n<input type=\"text\" name=\"contactName\" id=\"contactName\" value=\"\" class=\"txt requiredField\" \/>\n<\/p>\n<p><label for=\"contactEmail\">Email<\/label>\n<input type=\"text\" name=\"contactEmail\" id=\"contactEmail\" value=\"\" class=\"txt requiredField email\" \/>\n<\/p>\n<p class=\"textarea\"><label for=\"contactMessage\">Message<\/label>\n<textarea name=\"contactMessage\" id=\"contactMessage\" rows=\"20\" cols=\"30\" class=\"textarea requiredField\"><\/textarea>\n<\/p>\n<p class=\"inline\"><input type=\"checkbox\" name=\"sendCopy\" id=\"sendCopy\" value=\"true\" \/><label for=\"sendCopy\">Send a copy of this email to yourself<\/label><\/p>\n<p class=\"screenReader\"><label for=\"checking\" class=\"screenReader\">If you want to submit this form, do not enter anything in this field<\/label><input type=\"text\" name=\"checking\" id=\"checking\" class=\"screenReader\" value=\"\" \/><\/p>\n<p class=\"buttons\"><input type=\"hidden\" name=\"submitted\" id=\"submitted\" value=\"true\" \/><input class=\"submit button\" type=\"submit\" value=\"Submit\" \/><\/p><\/fieldset>\n<\/form>\n<\/div><!--\/.post .contact-form-->\n<div class=\"fix\"><\/div>\n\n<p><strong>Kontaktpersoner:<\/strong><\/p>\n<p>Carlsson Magnus Ordf\u00f6rande \/ AU<br \/>\nH\u00e4rstensbo 073 \u2013 093 28 00<br \/>\n575 91 Eksj\u00f6<br \/>\ne-post magnus.harstensbo@gmail.com<\/p>\n<p>Berglind Marie Sekreterare \/ AU<br \/>\nR\u00f6lund 070 \u2013 512 03 84<br \/>\n598 98 Mariannelund<br \/>\ne-post smalandsskogens@telia.com<\/p>\n<p>Torgny Evertsson Vice ordf\u00f6rande\/AU<br \/>\nH\u00e5karp 1 070 \u2013 323 92 44<br \/>\n575 93 Eksj\u00f6<br \/>\ne-post hakarp@outlook.com<\/p>\n<p>Martinsson Jonny kass\u00f6r \/ AU<br \/>\nKinnagatan 4 073 \u2013 98\u00a0307 02<br \/>\n575 35 Eksj\u00f6<br \/>\ne-post jonny.martinsson@och.nu<\/p>\n<p>Nordstr\u00f6m Peter Ledamot<br \/>\nLilla Fagerhult 070 \u2013 811 81 73<br \/>\n598 98 Mariannelund<br \/>\ne-post lilla.fagerhult@gmail.com<\/p>\n<p>Jonatan Henricson Ledamot<br \/>\n\u00d6stra N\u00e4s 3 073 \u2013 057 97 59<br \/>\n575 95 Eksj\u00f6<br \/>\ne-post jonatan_henricson@hotmail.com<\/p>\n<p>Robert Lindhe Ledamot<br \/>\nRunh\u00e4llsv\u00e4gen 10 076 \u2013 186 31 33<br \/>\n575 39 Eksj\u00f6<br \/>\ne-post Robert.lindhee@gmail.com<\/p>\n<p>Victor Carlsson Ledamot<br \/>\nTotarp 070 \u2013 547 99 80<br \/>\n598 98 Mariannelund<br \/>\ne-post vickes_92@hotmail.com<\/p>\n<p>Mikael Fransson Ledamot<br \/>\nArnaberget 1 070 \u2013 658 02 83<br \/>\n575 96 Eksj\u00f6<br \/>\ne-post mikaelfransson63@gmail.com<\/p>\n<p>Berglind Marie Korrespondent<br \/>\nR\u00f6lund 0496 -103 84<br \/>\n598 98 Mariannelund 070 \u2013 512 03 84<br \/>\ne-post smalandsskogens@telia.com<\/p>\n<p><strong>Valberedningen J\u00e4garf\u00f6rbundet Eksj\u00f6kretsen<\/strong><\/p>\n<p>Stefan Yngvesson Sammankallande<br \/>\nMarkestad, Uvhemmet 2 076 \u2013 634 72 15<br \/>\n575 95 Eksj\u00f6<br \/>\ne-mail: stefan.yngvesson@gmail.se<\/p>\n<p>Johan Gunnarsson Ledamot<br \/>\nHadd\u00e5s 1 070 \u2013 681 29 98<br \/>\n570 31 Ingatorp<br \/>\ne-mail: johangunnarsson1@hotmail.com<\/p>\n<p>Helen Weckfors Ledamot<br \/>\nM\u00e5sgatan 9 070 \u2013 364 03 42<br \/>\n575 34 Eksj\u00f6<br \/>\ne-mail: helen@weckfors.se<\/p>\n","protected":false},"excerpt":{"rendered":"<p>Skriv din fr\u00e5ga eller ett meddelande till Eksj\u00f6 jaktv\u00e5rdskrets i kontaktformul\u00e4ret nedan: Kontaktpersoner: Carlsson Magnus Ordf\u00f6rande \/ AU H\u00e4rstensbo 073 \u2013 093 28 00 575 91 Eksj\u00f6 e-post magnus.harstensbo@gmail.com Berglind Marie Sekreterare \/ AU R\u00f6lund 070 \u2013 512 03 84 598 98 Mariannelund e-post smalandsskogens@telia.com Torgny Evertsson Vice ordf\u00f6rande\/AU H\u00e5karp 1 070 \u2013 323 92 [&hellip;]<\/p>\n","protected":false},"author":3,"featured_media":0,"parent":0,"menu_order":10,"comment_status":"open","ping_status":"open","template":"","meta":{"footnotes":""},"class_list":["post-28","page","type-page","status-publish","hentry"],"_links":{"self":[{"href":"https:\/\/krets.jagareforbundet.se\/eksjo\/wp-json\/wp\/v2\/pages\/28","targetHints":{"allow":["GET"]}}],"collection":[{"href":"https:\/\/krets.jagareforbundet.se\/eksjo\/wp-json\/wp\/v2\/pages"}],"about":[{"href":"https:\/\/krets.jagareforbundet.se\/eksjo\/wp-json\/wp\/v2\/types\/page"}],"author":[{"embeddable":true,"href":"https:\/\/krets.jagareforbundet.se\/eksjo\/wp-json\/wp\/v2\/users\/3"}],"replies":[{"embeddable":true,"href":"https:\/\/krets.jagareforbundet.se\/eksjo\/wp-json\/wp\/v2\/comments?post=28"}],"version-history":[{"count":4,"href":"https:\/\/krets.jagareforbundet.se\/eksjo\/wp-json\/wp\/v2\/pages\/28\/revisions"}],"predecessor-version":[{"id":982,"href":"https:\/\/krets.jagareforbundet.se\/eksjo\/wp-json\/wp\/v2\/pages\/28\/revisions\/982"}],"wp:attachment":[{"href":"https:\/\/krets.jagareforbundet.se\/eksjo\/wp-json\/wp\/v2\/media?parent=28"}],"curies":[{"name":"wp","href":"https:\/\/api.w.org\/{rel}","templated":true}]}}