{"id":319,"date":"2013-09-14T09:59:31","date_gmt":"2013-09-14T07:59:31","guid":{"rendered":"https:\/\/krets.jagareforbundet.se\/eksjo\/?page_id=319"},"modified":"2021-03-01T16:07:32","modified_gmt":"2021-03-01T15:07:32","slug":"infor-algjakten","status":"publish","type":"page","link":"https:\/\/krets.jagareforbundet.se\/eksjo\/rapporteringar-anmalningar\/infor-algjakten\/","title":{"rendered":"\u00c5ldersbest\u00e4mning av \u00e4lgar"},"content":{"rendered":"<p>Eksj\u00f6kretsen samlar in \u00e4lgk\u00e4kar f\u00f6r \u00e5ldersbest\u00e4mning av vuxna djur. \u00a0Detta \u00e4r en viktig del i \u00e4lgf\u00f6rvaltningen.<\/p>\n<p>L\u00e4mna in dem (kokta och m\u00e4rkta) till:<br \/>\nG\u00f6te Hult, \u00a0070 \u2013 398 88 70<br \/>\nRoland Ljunggren,\u00a0\u00a00381 \u2013 410 54\u00a0eller<br \/>\nMarie Berglind,\u00a0070 \u2013 512 03 84<\/p>\n<p>Ta kontakt med n\u00e5gon av dessa\u00a0via telefon s\u00e5 kommer ni \u00f6verens om var de ska l\u00e4mnas\/h\u00e4mtas.<\/p>\n<p>&nbsp;<\/p>\n<p>&nbsp;<\/p>\n<p>&nbsp;<\/p>\n","protected":false},"excerpt":{"rendered":"<p>Eksj\u00f6kretsen samlar in \u00e4lgk\u00e4kar f\u00f6r \u00e5ldersbest\u00e4mning av vuxna djur. \u00a0Detta \u00e4r en viktig del i \u00e4lgf\u00f6rvaltningen. L\u00e4mna in dem (kokta och m\u00e4rkta) till: G\u00f6te Hult, \u00a0070 \u2013 398 88 70 Roland Ljunggren,\u00a0\u00a00381 \u2013 410 54\u00a0eller Marie Berglind,\u00a0070 \u2013 512 03 84 Ta kontakt med n\u00e5gon av dessa\u00a0via telefon s\u00e5 kommer ni \u00f6verens om var de [&hellip;]<\/p>\n","protected":false},"author":39,"featured_media":0,"parent":812,"menu_order":1,"comment_status":"open","ping_status":"open","template":"","meta":{"footnotes":""},"class_list":["post-319","page","type-page","status-publish","hentry"],"_links":{"self":[{"href":"https:\/\/krets.jagareforbundet.se\/eksjo\/wp-json\/wp\/v2\/pages\/319","targetHints":{"allow":["GET"]}}],"collection":[{"href":"https:\/\/krets.jagareforbundet.se\/eksjo\/wp-json\/wp\/v2\/pages"}],"about":[{"href":"https:\/\/krets.jagareforbundet.se\/eksjo\/wp-json\/wp\/v2\/types\/page"}],"author":[{"embeddable":true,"href":"https:\/\/krets.jagareforbundet.se\/eksjo\/wp-json\/wp\/v2\/users\/39"}],"replies":[{"embeddable":true,"href":"https:\/\/krets.jagareforbundet.se\/eksjo\/wp-json\/wp\/v2\/comments?post=319"}],"version-history":[{"count":2,"href":"https:\/\/krets.jagareforbundet.se\/eksjo\/wp-json\/wp\/v2\/pages\/319\/revisions"}],"predecessor-version":[{"id":895,"href":"https:\/\/krets.jagareforbundet.se\/eksjo\/wp-json\/wp\/v2\/pages\/319\/revisions\/895"}],"up":[{"embeddable":true,"href":"https:\/\/krets.jagareforbundet.se\/eksjo\/wp-json\/wp\/v2\/pages\/812"}],"wp:attachment":[{"href":"https:\/\/krets.jagareforbundet.se\/eksjo\/wp-json\/wp\/v2\/media?parent=319"}],"curies":[{"name":"wp","href":"https:\/\/api.w.org\/{rel}","templated":true}]}}