{"id":460,"date":"2015-10-28T12:29:08","date_gmt":"2015-10-28T11:29:08","guid":{"rendered":"https:\/\/krets.jagareforbundet.se\/eksjo\/?page_id=460"},"modified":"2021-03-01T15:56:49","modified_gmt":"2021-03-01T14:56:49","slug":"otjanlig-alg","status":"publish","type":"page","link":"https:\/\/krets.jagareforbundet.se\/eksjo\/rapporteringar-anmalningar\/otjanlig-alg\/","title":{"rendered":"Otj\u00e4nlig \u00e4lg"},"content":{"rendered":"<h2>Ny hantering av otj\u00e4nlig \u00e4lg<\/h2>\n<p>L\u00e4nsstyrelsen har utbildat och utsett personer f\u00f6r besiktning av \u00e4lgar som anm\u00e4ls otj\u00e4nliga till L\u00e4nsstyrelsen. Personerna som utbildats har tidigare genomf\u00f6rt Viltunders\u00f6karutbildningen som anordnas av J\u00e4garef\u00f6rbundet eller J\u00e4garnas Riksf\u00f6rbund.<br \/>\nJaktlaget som skjuter en \u00e4lg som efter att den f\u00e4llts bed\u00f6ms som otj\u00e4nlig tar kontakt med besiktningsmannen som ska genomf\u00f6ra besiktningen (se bilagd kontaktlista).Vid besiktningen uppr\u00e4ttas ett besiktningsintyg som \u00e4lgjaktomr\u00e5det sj\u00e4lva l\u00e4mnar in som ans\u00f6kan om befrielse fr\u00e5n f\u00e4llavgift till L\u00e4nsstyrelsen.<\/p>\n<p>&nbsp;<\/p>\n<h4>Besiktningsm\u00e4n inom \u00c4FO 7 (Eksj\u00f6kretsen) \u00e4r<\/h4>\n<p>Lars Wiktorsson \u00a0 Bj\u00f6rkholmen \u00a0 \u00a0 \u00a0 \u00a0 \u00a0 \u00a0575 91 Eksj\u00f6 \u00a0 \u00a0 \u00a0 \u00a0 \u00a0 \u00a0 \u00a0 \u00a0 \u00a0 \u00a0 \u00a0 \u00a0070-880 77 36 \u00a0 \u00a0 lars.wiktorsson@sodra.com<br \/>\nErik Berglind \u00a0 \u00a0 \u00a0 \u00a0G\u00e4ddeg\u00f6l, R\u00f6lund \u00a0 \u00a0598 98 Mariannelund \u00a0 \u00a0 \u00a0073-438 21 76 \u00a0 \u00a0 \u00a0 \u00a0berglind.erik@gmail.com<\/p>\n","protected":false},"excerpt":{"rendered":"<p>Ny hantering av otj\u00e4nlig \u00e4lg L\u00e4nsstyrelsen har utbildat och utsett personer f\u00f6r besiktning av \u00e4lgar som anm\u00e4ls otj\u00e4nliga till L\u00e4nsstyrelsen. Personerna som utbildats har tidigare genomf\u00f6rt Viltunders\u00f6karutbildningen som anordnas av J\u00e4garef\u00f6rbundet eller J\u00e4garnas Riksf\u00f6rbund. Jaktlaget som skjuter en \u00e4lg som efter att den f\u00e4llts bed\u00f6ms som otj\u00e4nlig tar kontakt med besiktningsmannen som ska genomf\u00f6ra besiktningen [&hellip;]<\/p>\n","protected":false},"author":39,"featured_media":0,"parent":812,"menu_order":0,"comment_status":"closed","ping_status":"closed","template":"","meta":{"footnotes":""},"class_list":["post-460","page","type-page","status-publish","hentry"],"_links":{"self":[{"href":"https:\/\/krets.jagareforbundet.se\/eksjo\/wp-json\/wp\/v2\/pages\/460","targetHints":{"allow":["GET"]}}],"collection":[{"href":"https:\/\/krets.jagareforbundet.se\/eksjo\/wp-json\/wp\/v2\/pages"}],"about":[{"href":"https:\/\/krets.jagareforbundet.se\/eksjo\/wp-json\/wp\/v2\/types\/page"}],"author":[{"embeddable":true,"href":"https:\/\/krets.jagareforbundet.se\/eksjo\/wp-json\/wp\/v2\/users\/39"}],"replies":[{"embeddable":true,"href":"https:\/\/krets.jagareforbundet.se\/eksjo\/wp-json\/wp\/v2\/comments?post=460"}],"version-history":[{"count":2,"href":"https:\/\/krets.jagareforbundet.se\/eksjo\/wp-json\/wp\/v2\/pages\/460\/revisions"}],"predecessor-version":[{"id":930,"href":"https:\/\/krets.jagareforbundet.se\/eksjo\/wp-json\/wp\/v2\/pages\/460\/revisions\/930"}],"up":[{"embeddable":true,"href":"https:\/\/krets.jagareforbundet.se\/eksjo\/wp-json\/wp\/v2\/pages\/812"}],"wp:attachment":[{"href":"https:\/\/krets.jagareforbundet.se\/eksjo\/wp-json\/wp\/v2\/media?parent=460"}],"curies":[{"name":"wp","href":"https:\/\/api.w.org\/{rel}","templated":true}]}}