{"id":754,"date":"2021-02-26T22:33:54","date_gmt":"2021-02-26T21:33:54","guid":{"rendered":"https:\/\/krets.jagareforbundet.se\/eksjo\/?page_id=754"},"modified":"2021-03-01T19:44:16","modified_gmt":"2021-03-01T18:44:16","slug":"viltvard","status":"publish","type":"page","link":"https:\/\/krets.jagareforbundet.se\/eksjo\/vilt\/viltvard\/","title":{"rendered":"Viltv\u00e5rd"},"content":{"rendered":"<p>Under viltv\u00e5rd p\u00e5 Svenska J\u00e4garef\u00f6rbundet hemsida kan du bland annat l\u00e4sa om vad f\u00f6r viltv\u00e5rd\u00e5tg\u00e4rder f\u00f6rbundet \u00e5tar sig samt tips och r\u00e5d p\u00e5 viltv\u00e5rdstips som du kan g\u00f6ra.<br \/>\nKlicka <a href=\"https:\/\/jagareforbundet.se\/vilt\/viltvard\/\">h\u00e4r<\/a> f\u00f6r att ta dig dit.<\/p>\n<div id=\"attachment_1005\" style=\"width: 617px\" class=\"wp-caption alignleft\"><a href=\"https:\/\/krets.jagareforbundet.se\/eksjo\/files\/2021\/03\/4253246-deer-feeding-cratch-scaled.jpg\"><img loading=\"lazy\" decoding=\"async\" aria-describedby=\"caption-attachment-1005\" class=\" wp-image-1005\" src=\"https:\/\/krets.jagareforbundet.se\/eksjo\/files\/2021\/03\/4253246-deer-feeding-cratch-300x200.jpg\" alt=\"\" width=\"607\" height=\"404\" srcset=\"https:\/\/krets.jagareforbundet.se\/eksjo\/files\/2021\/03\/4253246-deer-feeding-cratch-300x200.jpg 300w, https:\/\/krets.jagareforbundet.se\/eksjo\/files\/2021\/03\/4253246-deer-feeding-cratch-1024x683.jpg 1024w, https:\/\/krets.jagareforbundet.se\/eksjo\/files\/2021\/03\/4253246-deer-feeding-cratch-768x512.jpg 768w, https:\/\/krets.jagareforbundet.se\/eksjo\/files\/2021\/03\/4253246-deer-feeding-cratch-1536x1024.jpg 1536w, https:\/\/krets.jagareforbundet.se\/eksjo\/files\/2021\/03\/4253246-deer-feeding-cratch-2048x1365.jpg 2048w\" sizes=\"auto, (max-width: 607px) 100vw, 607px\" \/><\/a><p id=\"caption-attachment-1005\" class=\"wp-caption-text\">Foto: Mostphotos<\/p><\/div>\n","protected":false},"excerpt":{"rendered":"<p>Under viltv\u00e5rd p\u00e5 Svenska J\u00e4garef\u00f6rbundet hemsida kan du bland annat l\u00e4sa om vad f\u00f6r viltv\u00e5rd\u00e5tg\u00e4rder f\u00f6rbundet \u00e5tar sig samt tips och r\u00e5d p\u00e5 viltv\u00e5rdstips som du kan g\u00f6ra. Klicka h\u00e4r f\u00f6r att ta dig dit.<\/p>\n","protected":false},"author":39,"featured_media":0,"parent":749,"menu_order":0,"comment_status":"closed","ping_status":"closed","template":"template-biz.php","meta":{"footnotes":""},"class_list":["post-754","page","type-page","status-publish","hentry"],"_links":{"self":[{"href":"https:\/\/krets.jagareforbundet.se\/eksjo\/wp-json\/wp\/v2\/pages\/754","targetHints":{"allow":["GET"]}}],"collection":[{"href":"https:\/\/krets.jagareforbundet.se\/eksjo\/wp-json\/wp\/v2\/pages"}],"about":[{"href":"https:\/\/krets.jagareforbundet.se\/eksjo\/wp-json\/wp\/v2\/types\/page"}],"author":[{"embeddable":true,"href":"https:\/\/krets.jagareforbundet.se\/eksjo\/wp-json\/wp\/v2\/users\/39"}],"replies":[{"embeddable":true,"href":"https:\/\/krets.jagareforbundet.se\/eksjo\/wp-json\/wp\/v2\/comments?post=754"}],"version-history":[{"count":3,"href":"https:\/\/krets.jagareforbundet.se\/eksjo\/wp-json\/wp\/v2\/pages\/754\/revisions"}],"predecessor-version":[{"id":1009,"href":"https:\/\/krets.jagareforbundet.se\/eksjo\/wp-json\/wp\/v2\/pages\/754\/revisions\/1009"}],"up":[{"embeddable":true,"href":"https:\/\/krets.jagareforbundet.se\/eksjo\/wp-json\/wp\/v2\/pages\/749"}],"wp:attachment":[{"href":"https:\/\/krets.jagareforbundet.se\/eksjo\/wp-json\/wp\/v2\/media?parent=754"}],"curies":[{"name":"wp","href":"https:\/\/api.w.org\/{rel}","templated":true}]}}