{"id":756,"date":"2021-02-26T22:36:22","date_gmt":"2021-02-26T21:36:22","guid":{"rendered":"https:\/\/krets.jagareforbundet.se\/eksjo\/?page_id=756"},"modified":"2021-03-01T16:50:12","modified_gmt":"2021-03-01T15:50:12","slug":"vildsvinshjalp","status":"publish","type":"page","link":"https:\/\/krets.jagareforbundet.se\/eksjo\/vilt\/vildsvinshjalp\/","title":{"rendered":"Vildsvinshj\u00e4lp"},"content":{"rendered":"<p>\u00c4r du lantbrukare och beh\u00f6ver hj\u00e4lp med jakten? Eller \u00e4r du som j\u00e4gare intresserad av att hj\u00e4lpa till med skyddsjakt av gr\u00f6dor?<\/p>\n<p>Tryck <a href=\"https:\/\/jagareforbundet.se\/vildsvinshjalp\/ar-du-lantbrukare-och-behover-hjalp-med-jakten\/\">h\u00e4r<\/a> f\u00f6r att komma till f\u00f6rbundets kontaktformul\u00e4r.<\/p>\n<div id=\"attachment_957\" style=\"width: 310px\" class=\"wp-caption alignleft\"><a href=\"https:\/\/krets.jagareforbundet.se\/eksjo\/files\/2021\/03\/38492369-shy-wild-boar-standing-on-a-meadow-at-dusk-and-looking-scaled.jpg\"><img loading=\"lazy\" decoding=\"async\" aria-describedby=\"caption-attachment-957\" class=\"size-medium wp-image-957\" src=\"https:\/\/krets.jagareforbundet.se\/eksjo\/files\/2021\/03\/38492369-shy-wild-boar-standing-on-a-meadow-at-dusk-and-looking-300x200.jpg\" alt=\"\" width=\"300\" height=\"200\" srcset=\"https:\/\/krets.jagareforbundet.se\/eksjo\/files\/2021\/03\/38492369-shy-wild-boar-standing-on-a-meadow-at-dusk-and-looking-300x200.jpg 300w, https:\/\/krets.jagareforbundet.se\/eksjo\/files\/2021\/03\/38492369-shy-wild-boar-standing-on-a-meadow-at-dusk-and-looking-1024x683.jpg 1024w, https:\/\/krets.jagareforbundet.se\/eksjo\/files\/2021\/03\/38492369-shy-wild-boar-standing-on-a-meadow-at-dusk-and-looking-768x512.jpg 768w, https:\/\/krets.jagareforbundet.se\/eksjo\/files\/2021\/03\/38492369-shy-wild-boar-standing-on-a-meadow-at-dusk-and-looking-1536x1024.jpg 1536w, https:\/\/krets.jagareforbundet.se\/eksjo\/files\/2021\/03\/38492369-shy-wild-boar-standing-on-a-meadow-at-dusk-and-looking-2048x1365.jpg 2048w\" sizes=\"auto, (max-width: 300px) 100vw, 300px\" \/><\/a><p id=\"caption-attachment-957\" class=\"wp-caption-text\">Foto: Wildmedia<\/p><\/div>\n<p>&nbsp;<\/p>\n","protected":false},"excerpt":{"rendered":"<p>\u00c4r du lantbrukare och beh\u00f6ver hj\u00e4lp med jakten? Eller \u00e4r du som j\u00e4gare intresserad av att hj\u00e4lpa till med skyddsjakt av gr\u00f6dor? Tryck h\u00e4r f\u00f6r att komma till f\u00f6rbundets kontaktformul\u00e4r. &nbsp;<\/p>\n","protected":false},"author":39,"featured_media":0,"parent":749,"menu_order":0,"comment_status":"closed","ping_status":"closed","template":"template-contact.php","meta":{"footnotes":""},"class_list":["post-756","page","type-page","status-publish","hentry"],"_links":{"self":[{"href":"https:\/\/krets.jagareforbundet.se\/eksjo\/wp-json\/wp\/v2\/pages\/756","targetHints":{"allow":["GET"]}}],"collection":[{"href":"https:\/\/krets.jagareforbundet.se\/eksjo\/wp-json\/wp\/v2\/pages"}],"about":[{"href":"https:\/\/krets.jagareforbundet.se\/eksjo\/wp-json\/wp\/v2\/types\/page"}],"author":[{"embeddable":true,"href":"https:\/\/krets.jagareforbundet.se\/eksjo\/wp-json\/wp\/v2\/users\/39"}],"replies":[{"embeddable":true,"href":"https:\/\/krets.jagareforbundet.se\/eksjo\/wp-json\/wp\/v2\/comments?post=756"}],"version-history":[{"count":3,"href":"https:\/\/krets.jagareforbundet.se\/eksjo\/wp-json\/wp\/v2\/pages\/756\/revisions"}],"predecessor-version":[{"id":958,"href":"https:\/\/krets.jagareforbundet.se\/eksjo\/wp-json\/wp\/v2\/pages\/756\/revisions\/958"}],"up":[{"embeddable":true,"href":"https:\/\/krets.jagareforbundet.se\/eksjo\/wp-json\/wp\/v2\/pages\/749"}],"wp:attachment":[{"href":"https:\/\/krets.jagareforbundet.se\/eksjo\/wp-json\/wp\/v2\/media?parent=756"}],"curies":[{"name":"wp","href":"https:\/\/api.w.org\/{rel}","templated":true}]}}