{"id":760,"date":"2021-02-26T22:40:57","date_gmt":"2021-02-26T21:40:57","guid":{"rendered":"https:\/\/krets.jagareforbundet.se\/eksjo\/?page_id=760"},"modified":"2021-02-26T22:40:57","modified_gmt":"2021-02-26T21:40:57","slug":"kretsens-jaktbara-viltarter","status":"publish","type":"page","link":"https:\/\/krets.jagareforbundet.se\/eksjo\/vilt\/kretsens-jaktbara-viltarter\/","title":{"rendered":"Kretsens jaktbara viltarter"},"content":{"rendered":"<p>Under kretsen jaktbara viltarter kan du l\u00e4sa om de vanligaste djuren som jagas i kretsen. V\u00e4lj i kategoriseringen till h\u00f6ger.<\/p>\n","protected":false},"excerpt":{"rendered":"<p>Under kretsen jaktbara viltarter kan du l\u00e4sa om de vanligaste djuren som jagas i kretsen. V\u00e4lj i kategoriseringen till h\u00f6ger.<\/p>\n","protected":false},"author":39,"featured_media":0,"parent":749,"menu_order":0,"comment_status":"closed","ping_status":"closed","template":"","meta":{"footnotes":""},"class_list":["post-760","page","type-page","status-publish","hentry"],"_links":{"self":[{"href":"https:\/\/krets.jagareforbundet.se\/eksjo\/wp-json\/wp\/v2\/pages\/760","targetHints":{"allow":["GET"]}}],"collection":[{"href":"https:\/\/krets.jagareforbundet.se\/eksjo\/wp-json\/wp\/v2\/pages"}],"about":[{"href":"https:\/\/krets.jagareforbundet.se\/eksjo\/wp-json\/wp\/v2\/types\/page"}],"author":[{"embeddable":true,"href":"https:\/\/krets.jagareforbundet.se\/eksjo\/wp-json\/wp\/v2\/users\/39"}],"replies":[{"embeddable":true,"href":"https:\/\/krets.jagareforbundet.se\/eksjo\/wp-json\/wp\/v2\/comments?post=760"}],"version-history":[{"count":1,"href":"https:\/\/krets.jagareforbundet.se\/eksjo\/wp-json\/wp\/v2\/pages\/760\/revisions"}],"predecessor-version":[{"id":761,"href":"https:\/\/krets.jagareforbundet.se\/eksjo\/wp-json\/wp\/v2\/pages\/760\/revisions\/761"}],"up":[{"embeddable":true,"href":"https:\/\/krets.jagareforbundet.se\/eksjo\/wp-json\/wp\/v2\/pages\/749"}],"wp:attachment":[{"href":"https:\/\/krets.jagareforbundet.se\/eksjo\/wp-json\/wp\/v2\/media?parent=760"}],"curies":[{"name":"wp","href":"https:\/\/api.w.org\/{rel}","templated":true}]}}