{"id":762,"date":"2021-02-26T22:41:12","date_gmt":"2021-02-26T21:41:12","guid":{"rendered":"https:\/\/krets.jagareforbundet.se\/eksjo\/?page_id=762"},"modified":"2022-03-21T11:03:26","modified_gmt":"2022-03-21T10:03:26","slug":"alg","status":"publish","type":"page","link":"https:\/\/krets.jagareforbundet.se\/eksjo\/vilt\/kretsens-jaktbara-viltarter\/alg\/","title":{"rendered":"\u00c4lg"},"content":{"rendered":"<div id=\"attachment_1099\" style=\"width: 1034px\" class=\"wp-caption alignleft\"><img loading=\"lazy\" decoding=\"async\" aria-describedby=\"caption-attachment-1099\" class=\"size-large wp-image-1099\" src=\"https:\/\/krets.jagareforbundet.se\/eksjo\/files\/2021\/03\/7710089-alg-1024x683.jpg\" alt=\"\" width=\"1024\" height=\"683\" srcset=\"https:\/\/krets.jagareforbundet.se\/eksjo\/files\/2021\/03\/7710089-alg-1024x683.jpg 1024w, https:\/\/krets.jagareforbundet.se\/eksjo\/files\/2021\/03\/7710089-alg-300x200.jpg 300w, https:\/\/krets.jagareforbundet.se\/eksjo\/files\/2021\/03\/7710089-alg-768x512.jpg 768w, https:\/\/krets.jagareforbundet.se\/eksjo\/files\/2021\/03\/7710089-alg-1536x1024.jpg 1536w, https:\/\/krets.jagareforbundet.se\/eksjo\/files\/2021\/03\/7710089-alg-2048x1366.jpg 2048w\" sizes=\"auto, (max-width: 1024px) 100vw, 1024px\" \/><p id=\"caption-attachment-1099\" class=\"wp-caption-text\">Foto: Allan Wallberg\/ Mostphotos<\/p><\/div>\n<p>\u00c4lgen \u00e4r de svenska skogarnas st\u00f6rsta djur. Den \u00e4r l\u00e4tt att k\u00e4nna igen tack vare sin storlek och sitt s\u00e4rpr\u00e4glade utseende. De stora \u00f6ronen, den rej\u00e4la mulen och haksk\u00e4gget tillsammans med den karakteristiska puckeln vid manken g\u00f6r den sv\u00e5r att f\u00f6rv\u00e4xla med andra djur.<br \/>\n\u00c4lgen v\u00e4ger 200-550 kg, och kan m\u00e4ta upp till 2 m i mankh\u00f6jd. \u00c4lgtjurar \u00e4r i genomsnitt 20 procent st\u00f6rre \u00e4n \u00e4lgkor och \u00e4r b\u00e5de h\u00f6gre och tyngre med gr\u00f6vre nackar och st\u00f6rre haksk\u00e4gg.<br \/>\nL\u00e4s mer om \u00e4lgen <a href=\"https:\/\/jagareforbundet.se\/vilt\/vilt-vetande2\/artpresentation\/daggdjur\/alg\/\">h\u00e4r<\/a>.<\/p>\n<p>I Eksj\u00f6 finns \u00e4lgen utbredd i hela kommunen men varierar i antal i de olika \u00e4lgsk\u00f6tselomr\u00e5dena.<\/p>\n<p>Lokala jakttider:<br \/>\n\u00c4lgsk\u00f6tselomr\u00e5de: andra m\u00e5ndagen i oktober-28 februari<br \/>\nLicensomr\u00e5de: andra m\u00e5ndagen i oktober-31 januari<br \/>\noregistrerade kalvomr\u00e5den: andra m\u00e5ndagen i oktober- fram till och med onsdag samma vecka<br \/>\n(OBS, andra datum kan vara relevanta i de olika \u00e4lgsk\u00f6tselomr\u00e5dena)<\/p>\n<p><strong>Avskjutningsrapport fr\u00e5n <a href=\"https:\/\/www.viltdata.se\/\">viltdata<\/a> jakt\u00e5r 2021\/2022<\/strong><\/p>\n<p>Eksj\u00f6 kommun:<br \/>\n-Vuxna handjur\u00a0 \u00a0 \u00a0 \u00a0 \u00a0 \u00a0 \u00a0 \u00a0 \u00a0 \u00a0 \u00a025<br \/>\n-Vuxna hondjur\u00a0 \u00a0 \u00a0 \u00a0 \u00a0 \u00a0 \u00a0 \u00a0 \u00a0 \u00a0 \u00a026<br \/>\n-Tjurkalvar\u00a0 \u00a0 \u00a0 \u00a0 \u00a0 \u00a0 \u00a0 \u00a0 \u00a0 \u00a0 \u00a0 \u00a0 \u00a0 \u00a0 \u00a052<br \/>\n-Kvigkalvar\u00a0 \u00a0 \u00a0 \u00a0 \u00a0 \u00a0 \u00a0 \u00a0 \u00a0 \u00a0 \u00a0 \u00a0 \u00a0 \u00a0 \u00a045<br \/>\n-Totalt\u00a0 \u00a0 \u00a0 \u00a0 \u00a0 \u00a0 \u00a0 \u00a0 \u00a0 \u00a0 \u00a0 \u00a0 \u00a0 \u00a0 \u00a0 \u00a0 \u00a0 \u00a0 \u00a0148<\/p>\n<p>&nbsp;<\/p>\n<p>&nbsp;<\/p>\n<p>&nbsp;<\/p>\n<p>&nbsp;<\/p>\n","protected":false},"excerpt":{"rendered":"<p>\u00c4lgen \u00e4r de svenska skogarnas st\u00f6rsta djur. Den \u00e4r l\u00e4tt att k\u00e4nna igen tack vare sin storlek och sitt s\u00e4rpr\u00e4glade utseende. De stora \u00f6ronen, den rej\u00e4la mulen och haksk\u00e4gget tillsammans med den karakteristiska puckeln vid manken g\u00f6r den sv\u00e5r att f\u00f6rv\u00e4xla med andra djur. \u00c4lgen v\u00e4ger 200-550 kg, och kan m\u00e4ta upp till 2 m [&hellip;]<\/p>\n","protected":false},"author":39,"featured_media":0,"parent":760,"menu_order":0,"comment_status":"closed","ping_status":"closed","template":"","meta":{"footnotes":""},"class_list":["post-762","page","type-page","status-publish","hentry"],"_links":{"self":[{"href":"https:\/\/krets.jagareforbundet.se\/eksjo\/wp-json\/wp\/v2\/pages\/762","targetHints":{"allow":["GET"]}}],"collection":[{"href":"https:\/\/krets.jagareforbundet.se\/eksjo\/wp-json\/wp\/v2\/pages"}],"about":[{"href":"https:\/\/krets.jagareforbundet.se\/eksjo\/wp-json\/wp\/v2\/types\/page"}],"author":[{"embeddable":true,"href":"https:\/\/krets.jagareforbundet.se\/eksjo\/wp-json\/wp\/v2\/users\/39"}],"replies":[{"embeddable":true,"href":"https:\/\/krets.jagareforbundet.se\/eksjo\/wp-json\/wp\/v2\/comments?post=762"}],"version-history":[{"count":3,"href":"https:\/\/krets.jagareforbundet.se\/eksjo\/wp-json\/wp\/v2\/pages\/762\/revisions"}],"predecessor-version":[{"id":1248,"href":"https:\/\/krets.jagareforbundet.se\/eksjo\/wp-json\/wp\/v2\/pages\/762\/revisions\/1248"}],"up":[{"embeddable":true,"href":"https:\/\/krets.jagareforbundet.se\/eksjo\/wp-json\/wp\/v2\/pages\/760"}],"wp:attachment":[{"href":"https:\/\/krets.jagareforbundet.se\/eksjo\/wp-json\/wp\/v2\/media?parent=762"}],"curies":[{"name":"wp","href":"https:\/\/api.w.org\/{rel}","templated":true}]}}