{"id":766,"date":"2021-02-26T22:41:41","date_gmt":"2021-02-26T21:41:41","guid":{"rendered":"https:\/\/krets.jagareforbundet.se\/eksjo\/?page_id=766"},"modified":"2021-03-10T10:00:39","modified_gmt":"2021-03-10T09:00:39","slug":"dovhjort","status":"publish","type":"page","link":"https:\/\/krets.jagareforbundet.se\/eksjo\/vilt\/kretsens-jaktbara-viltarter\/dovhjort\/","title":{"rendered":"Dovhjort"},"content":{"rendered":"<div id=\"attachment_1103\" style=\"width: 1034px\" class=\"wp-caption alignleft\"><img loading=\"lazy\" decoding=\"async\" aria-describedby=\"caption-attachment-1103\" class=\"size-large wp-image-1103\" src=\"https:\/\/krets.jagareforbundet.se\/eksjo\/files\/2021\/03\/20267281-fallow-deer-buck-between-trees-in-dense-forest-1024x683.jpg\" alt=\"\" width=\"1024\" height=\"683\" srcset=\"https:\/\/krets.jagareforbundet.se\/eksjo\/files\/2021\/03\/20267281-fallow-deer-buck-between-trees-in-dense-forest-1024x683.jpg 1024w, https:\/\/krets.jagareforbundet.se\/eksjo\/files\/2021\/03\/20267281-fallow-deer-buck-between-trees-in-dense-forest-300x200.jpg 300w, https:\/\/krets.jagareforbundet.se\/eksjo\/files\/2021\/03\/20267281-fallow-deer-buck-between-trees-in-dense-forest-768x513.jpg 768w, https:\/\/krets.jagareforbundet.se\/eksjo\/files\/2021\/03\/20267281-fallow-deer-buck-between-trees-in-dense-forest-1536x1025.jpg 1536w, https:\/\/krets.jagareforbundet.se\/eksjo\/files\/2021\/03\/20267281-fallow-deer-buck-between-trees-in-dense-forest-2048x1367.jpg 2048w\" sizes=\"auto, (max-width: 1024px) 100vw, 1024px\" \/><p id=\"caption-attachment-1103\" class=\"wp-caption-text\">Foto: Lennart Nilsson<\/p><\/div>\n<p>Dovhjorten fanns en g\u00e5ng i hela kontinentala Europa men \u00e4r introducerad i Sverige f\u00f6r n\u00e4ra 500 \u00e5r sedan. Dovhjorten f\u00f6rekommer i flera f\u00e4rgvarianter. I mogen \u00e5lder har den ocks\u00e5 tydlig k\u00f6nspr\u00e4gel, bland annat i form av hanens kraftiga horn och st\u00f6rre kroppsstorlek.<br \/>\nL\u00e4s mer om dovhjort <a href=\"https:\/\/jagareforbundet.se\/vilt\/vilt-vetande2\/artpresentation\/daggdjur\/dovhjort\/\">h\u00e4r<\/a>.<\/p>\n<p>Dovhjorten \u00e4r inte etablerad i hela Eksj\u00f6kretsens omr\u00e5de med spider ut sig mer f\u00f6r varje \u00e5r som g\u00e5r. St\u00f6rst population av dovhjort \u00e4r det runt H\u00f6reda, Hult och Stallarp.<\/p>\n<p>Lokala jakttider:<br \/>\nHornb\u00e4rande djur 1 september-30 september<br \/>\nSamtliga djur 1 oktober-20 oktober<br \/>\nSamtliga djur 16 november-29 februari<\/p>\n<p><strong>Avskjutningsrapport fr\u00e5n <a href=\"https:\/\/www.viltdata.se\/\">viltdata<\/a> jakt\u00e5r 2019\/2021<\/strong><\/p>\n<p class=\"BrdtextPeab\">Eksj\u00f6 jaktv\u00e5rdskrets:<br \/>\n-Vuxna handjur\u00a0 \u00a0\u00a0\u00a0\u00a0\u00a0\u00a0\u00a0\u00a0\u00a0\u00a0\u00a0\u00a0\u00a0\u00a0\u00a0\u00a0 14<br \/>\n-Vuxna hondjur\u00a0 \u00a0\u00a0\u00a0\u00a0\u00a0\u00a0\u00a0\u00a0\u00a0\u00a0\u00a0\u00a0\u00a0\u00a0\u00a0\u00a0 17<br \/>\n-Hankalvar\u00a0 \u00a0 \u00a0 \u00a0 \u00a0 \u00a0 \u00a0 \u00a0 \u00a0 \u00a0 \u00a0 \u00a0 \u00a0 \u00a012<br \/>\n-Honkalvar\u00a0 \u00a0 \u00a0 \u00a0 \u00a0 \u00a0 \u00a0 \u00a0 \u00a0 \u00a0 \u00a0 \u00a0 \u00a0 \u00a015<br \/>\n-Totalt\u00a0 \u00a0 \u00a0 \u00a0 \u00a0 \u00a0 \u00a0 \u00a0 \u00a0 \u00a0 \u00a0 \u00a0 \u00a0 \u00a0 \u00a0 \u00a0 \u00a0 \u00a058<\/p>\n<p>Sverige:<br \/>\n-Totalt\u00a0 \u00a0 \u00a0 \u00a0 \u00a0 \u00a0 \u00a0 \u00a0 \u00a0 \u00a0 \u00a0 \u00a0 \u00a0 \u00a0 \u00a0 \u00a0 \u00a0 \u00a055 773<\/p>\n<p>&nbsp;<\/p>\n","protected":false},"excerpt":{"rendered":"<p>Dovhjorten fanns en g\u00e5ng i hela kontinentala Europa men \u00e4r introducerad i Sverige f\u00f6r n\u00e4ra 500 \u00e5r sedan. Dovhjorten f\u00f6rekommer i flera f\u00e4rgvarianter. I mogen \u00e5lder har den ocks\u00e5 tydlig k\u00f6nspr\u00e4gel, bland annat i form av hanens kraftiga horn och st\u00f6rre kroppsstorlek. L\u00e4s mer om dovhjort h\u00e4r. Dovhjorten \u00e4r inte etablerad i hela Eksj\u00f6kretsens omr\u00e5de [&hellip;]<\/p>\n","protected":false},"author":39,"featured_media":0,"parent":760,"menu_order":0,"comment_status":"closed","ping_status":"closed","template":"","meta":{"footnotes":""},"class_list":["post-766","page","type-page","status-publish","hentry"],"_links":{"self":[{"href":"https:\/\/krets.jagareforbundet.se\/eksjo\/wp-json\/wp\/v2\/pages\/766","targetHints":{"allow":["GET"]}}],"collection":[{"href":"https:\/\/krets.jagareforbundet.se\/eksjo\/wp-json\/wp\/v2\/pages"}],"about":[{"href":"https:\/\/krets.jagareforbundet.se\/eksjo\/wp-json\/wp\/v2\/types\/page"}],"author":[{"embeddable":true,"href":"https:\/\/krets.jagareforbundet.se\/eksjo\/wp-json\/wp\/v2\/users\/39"}],"replies":[{"embeddable":true,"href":"https:\/\/krets.jagareforbundet.se\/eksjo\/wp-json\/wp\/v2\/comments?post=766"}],"version-history":[{"count":3,"href":"https:\/\/krets.jagareforbundet.se\/eksjo\/wp-json\/wp\/v2\/pages\/766\/revisions"}],"predecessor-version":[{"id":1163,"href":"https:\/\/krets.jagareforbundet.se\/eksjo\/wp-json\/wp\/v2\/pages\/766\/revisions\/1163"}],"up":[{"embeddable":true,"href":"https:\/\/krets.jagareforbundet.se\/eksjo\/wp-json\/wp\/v2\/pages\/760"}],"wp:attachment":[{"href":"https:\/\/krets.jagareforbundet.se\/eksjo\/wp-json\/wp\/v2\/media?parent=766"}],"curies":[{"name":"wp","href":"https:\/\/api.w.org\/{rel}","templated":true}]}}