{"id":768,"date":"2021-02-26T22:41:53","date_gmt":"2021-02-26T21:41:53","guid":{"rendered":"https:\/\/krets.jagareforbundet.se\/eksjo\/?page_id=768"},"modified":"2021-03-09T17:12:10","modified_gmt":"2021-03-09T16:12:10","slug":"radjur","status":"publish","type":"page","link":"https:\/\/krets.jagareforbundet.se\/eksjo\/vilt\/kretsens-jaktbara-viltarter\/radjur\/","title":{"rendered":"R\u00e5djur"},"content":{"rendered":"<div id=\"attachment_1130\" style=\"width: 925px\" class=\"wp-caption alignleft\"><img loading=\"lazy\" decoding=\"async\" aria-describedby=\"caption-attachment-1130\" class=\" wp-image-1130\" src=\"https:\/\/krets.jagareforbundet.se\/eksjo\/files\/2021\/03\/29831824-three-running-deer-in-deep-snow-1024x683.jpg\" alt=\"\" width=\"915\" height=\"610\" srcset=\"https:\/\/krets.jagareforbundet.se\/eksjo\/files\/2021\/03\/29831824-three-running-deer-in-deep-snow-1024x683.jpg 1024w, https:\/\/krets.jagareforbundet.se\/eksjo\/files\/2021\/03\/29831824-three-running-deer-in-deep-snow-300x200.jpg 300w, https:\/\/krets.jagareforbundet.se\/eksjo\/files\/2021\/03\/29831824-three-running-deer-in-deep-snow-768x512.jpg 768w, https:\/\/krets.jagareforbundet.se\/eksjo\/files\/2021\/03\/29831824-three-running-deer-in-deep-snow-1536x1024.jpg 1536w, https:\/\/krets.jagareforbundet.se\/eksjo\/files\/2021\/03\/29831824-three-running-deer-in-deep-snow-2048x1365.jpg 2048w\" sizes=\"auto, (max-width: 915px) 100vw, 915px\" \/><p id=\"caption-attachment-1130\" class=\"wp-caption-text\">Foto: Jakub Mrocek<\/p><\/div>\n<p>R\u00e5djuret \u00e4r v\u00e5rt minsta och mest vanliga hjortdjur. R\u00e5djuret kan bli en sv\u00e5r skadeg\u00f6rare b\u00e5de i barrskogs- och tr\u00e4dg\u00e5rdsodlingar f\u00f6r att den lever p\u00e5 energirik och l\u00e4ttsm\u00e4lt f\u00f6da som best\u00e5r av \u00f6rter och blad.<\/p>\n<p>R\u00e5djuret \u00e4r gracilt byggt och \u00e4r det minsta av de svenska hjortdjuren. Kroppen \u00e4r l\u00e5ngsmal och halsen \u00e4r l\u00e5ng. Djuret har stora \u00f6ron och huvudet avslutas i en spetsig nos. P\u00e4lsen \u00e4r i allm\u00e4nhet r\u00f6dbrun under sommarhalv\u00e5ret och gr\u00e5brun under vinterhalv\u00e5ret. Baktill har r\u00e5djuret ett omr\u00e5de med vit p\u00e4ls som brukar kallas akterspegel. Ett normalstort vuxet r\u00e5djur har en mankh\u00f6jd p\u00e5 70-75 cm och en tillika 70-75 cm l\u00e5ng kropp. Ett s\u00e5dant djur v\u00e4ger 20-30 kg.<br \/>\nL\u00e4s mer h\u00e4r.<\/p>\n<p>R\u00e5djuret finns utbrett \u00f6ver hela Eksj\u00f6 jaktv\u00e5rdskrets omr\u00e5de.<br \/>\nLokala jakttider:<br \/>\nR\u00e5bock 16 augusti-30 september<br \/>\nKid 1 september-30 september<br \/>\nSamtliga 1 oktober-31 januari<\/p>\n<p><strong>Avskjutningsrapport fr\u00e5n <a href=\"https:\/\/www.viltdata.se\/\">viltdata<\/a> jakt\u00e5r 2019\/2021<\/strong><\/p>\n<p>Eksj\u00f6 jaktv\u00e5rdskrets:<br \/>\n-Vuxna handjur\u00a0 \u00a0 \u00a0 \u00a0 \u00a0 \u00a0 \u00a0 \u00a0 \u00a0296<br \/>\n-Vuxna hondjur\u00a0 \u00a0 \u00a0 \u00a0 \u00a0 \u00a0 \u00a0 \u00a0 \u00a0164<br \/>\n-Hankid\u00a0 \u00a0 \u00a0 \u00a0 \u00a0\u00a0\u00a0\u00a0\u00a0\u00a0\u00a0\u00a0\u00a0\u00a0\u00a0\u00a0\u00a0\u00a0\u00a0\u00a0\u00a0\u00a0\u00a0\u00a0\u00a0\u00a0 91<br \/>\n-Honkid\u00a0\u00a0\u00a0\u00a0\u00a0\u00a0\u00a0\u00a0\u00a0\u00a0\u00a0\u00a0\u00a0\u00a0\u00a0\u00a0\u00a0\u00a0\u00a0\u00a0\u00a0\u00a0\u00a0\u00a0\u00a0\u00a0\u00a0\u00a0\u00a0\u00a0 74<br \/>\n-Totalt\u00a0\u00a0\u00a0\u00a0\u00a0\u00a0\u00a0\u00a0\u00a0\u00a0\u00a0\u00a0\u00a0\u00a0\u00a0\u00a0\u00a0\u00a0\u00a0\u00a0\u00a0\u00a0\u00a0\u00a0\u00a0\u00a0\u00a0\u00a0\u00a0\u00a0\u00a0\u00a0 626<\/p>\n<p>Sverige:<br \/>\n-Totalt\u00a0\u00a0\u00a0\u00a0\u00a0\u00a0\u00a0\u00a0\u00a0\u00a0\u00a0 \u00a0\u00a0\u00a0\u00a0\u00a0\u00a0\u00a0\u00a0\u00a0\u00a0\u00a0\u00a0\u00a0\u00a0\u00a0\u00a0\u00a0\u00a0\u00a0\u00a0\u00a0 105 883<\/p>\n","protected":false},"excerpt":{"rendered":"<p>R\u00e5djuret \u00e4r v\u00e5rt minsta och mest vanliga hjortdjur. R\u00e5djuret kan bli en sv\u00e5r skadeg\u00f6rare b\u00e5de i barrskogs- och tr\u00e4dg\u00e5rdsodlingar f\u00f6r att den lever p\u00e5 energirik och l\u00e4ttsm\u00e4lt f\u00f6da som best\u00e5r av \u00f6rter och blad. R\u00e5djuret \u00e4r gracilt byggt och \u00e4r det minsta av de svenska hjortdjuren. Kroppen \u00e4r l\u00e5ngsmal och halsen \u00e4r l\u00e5ng. Djuret har [&hellip;]<\/p>\n","protected":false},"author":39,"featured_media":0,"parent":760,"menu_order":0,"comment_status":"closed","ping_status":"closed","template":"","meta":{"footnotes":""},"class_list":["post-768","page","type-page","status-publish","hentry"],"_links":{"self":[{"href":"https:\/\/krets.jagareforbundet.se\/eksjo\/wp-json\/wp\/v2\/pages\/768","targetHints":{"allow":["GET"]}}],"collection":[{"href":"https:\/\/krets.jagareforbundet.se\/eksjo\/wp-json\/wp\/v2\/pages"}],"about":[{"href":"https:\/\/krets.jagareforbundet.se\/eksjo\/wp-json\/wp\/v2\/types\/page"}],"author":[{"embeddable":true,"href":"https:\/\/krets.jagareforbundet.se\/eksjo\/wp-json\/wp\/v2\/users\/39"}],"replies":[{"embeddable":true,"href":"https:\/\/krets.jagareforbundet.se\/eksjo\/wp-json\/wp\/v2\/comments?post=768"}],"version-history":[{"count":3,"href":"https:\/\/krets.jagareforbundet.se\/eksjo\/wp-json\/wp\/v2\/pages\/768\/revisions"}],"predecessor-version":[{"id":1146,"href":"https:\/\/krets.jagareforbundet.se\/eksjo\/wp-json\/wp\/v2\/pages\/768\/revisions\/1146"}],"up":[{"embeddable":true,"href":"https:\/\/krets.jagareforbundet.se\/eksjo\/wp-json\/wp\/v2\/pages\/760"}],"wp:attachment":[{"href":"https:\/\/krets.jagareforbundet.se\/eksjo\/wp-json\/wp\/v2\/media?parent=768"}],"curies":[{"name":"wp","href":"https:\/\/api.w.org\/{rel}","templated":true}]}}