{"id":774,"date":"2021-02-26T22:42:45","date_gmt":"2021-02-26T21:42:45","guid":{"rendered":"https:\/\/krets.jagareforbundet.se\/eksjo\/?page_id=774"},"modified":"2021-03-09T17:12:31","modified_gmt":"2021-03-09T16:12:31","slug":"rav","status":"publish","type":"page","link":"https:\/\/krets.jagareforbundet.se\/eksjo\/vilt\/kretsens-jaktbara-viltarter\/rav\/","title":{"rendered":"R\u00f6dr\u00e4v"},"content":{"rendered":"<div id=\"attachment_1134\" style=\"width: 1034px\" class=\"wp-caption alignleft\"><img loading=\"lazy\" decoding=\"async\" aria-describedby=\"caption-attachment-1134\" class=\"size-large wp-image-1134\" src=\"https:\/\/krets.jagareforbundet.se\/eksjo\/files\/2021\/03\/30154358-two-red-fox-in-white-snow-beautiful-orange-coat-animal-1024x683.jpg\" alt=\"\" width=\"1024\" height=\"683\" srcset=\"https:\/\/krets.jagareforbundet.se\/eksjo\/files\/2021\/03\/30154358-two-red-fox-in-white-snow-beautiful-orange-coat-animal-1024x683.jpg 1024w, https:\/\/krets.jagareforbundet.se\/eksjo\/files\/2021\/03\/30154358-two-red-fox-in-white-snow-beautiful-orange-coat-animal-300x200.jpg 300w, https:\/\/krets.jagareforbundet.se\/eksjo\/files\/2021\/03\/30154358-two-red-fox-in-white-snow-beautiful-orange-coat-animal-768x512.jpg 768w, https:\/\/krets.jagareforbundet.se\/eksjo\/files\/2021\/03\/30154358-two-red-fox-in-white-snow-beautiful-orange-coat-animal-1536x1024.jpg 1536w, https:\/\/krets.jagareforbundet.se\/eksjo\/files\/2021\/03\/30154358-two-red-fox-in-white-snow-beautiful-orange-coat-animal-2048x1365.jpg 2048w\" sizes=\"auto, (max-width: 1024px) 100vw, 1024px\" \/><p id=\"caption-attachment-1134\" class=\"wp-caption-text\">Foto: Ondrej Prosicky<\/p><\/div>\n<p>R\u00e4ven \u00e4r ett av v\u00e4rldens mest spridda rovdjur. Den \u00e4r aktiv \u00e5ret runt och finns i alla milj\u00f6er, fr\u00e5n kalfj\u00e4llet till st\u00e4dernas parker och villaomr\u00e5den. R\u00e4ven \u00e4r all\u00e4tare och \u00e4ter s\u00e5v\u00e4l djur som sm\u00e5gnagare, r\u00e5djurskid, harar och insekter, men ocks\u00e5 b\u00e4r, kadaver och avfall.<br \/>\nR\u00e4vstammen drabbades h\u00e5rt av r\u00e4vskabb under 70- och 80-talet, men har \u00e5terh\u00e4mtat sig. R\u00e4varna \u00e4r troligen mer motst\u00e5ndskraftiga nu och nya utbrott f\u00e5r inte lika omfattande f\u00f6ljder.<\/p>\n<p>R\u00e4ven \u00e4r l\u00e5ngsmal till formen, med stora \u00f6ron, spetsig nos och en l\u00e5ng svans. P\u00e4lsen \u00e4r i allm\u00e4nhet brunr\u00f6d p\u00e5 ovansidan och vit till gr\u00e5vit p\u00e5 undersidan. Under t\u00e4ckh\u00e5ren finns ett lager av gr\u00e5 bottenull. P\u00e4lsen p\u00e5 benens framsidor och tassarna \u00e4r svarta, liksom \u00f6ronens baksidor. M\u00f6rka teckningar finns ocks\u00e5 ofta i ansiktet.<br \/>\nL\u00e4s mer <a href=\"https:\/\/jagareforbundet.se\/vilt\/vilt-vetande2\/artpresentation\/daggdjur\/rodrav\/\">h\u00e4r<\/a>.<\/p>\n<p>R\u00e4ven har en stark etablerad stam i hela Eksj\u00f6s jaktomr\u00e5de.<br \/>\nLokala jakttider:<br \/>\n1 augusti-15 mars<\/p>\n<p><strong>Avskjutningsrapport fr\u00e5n <a href=\"https:\/\/www.viltdata.se\/\">viltdata<\/a> jakt\u00e5r 2019\/2021<\/strong><\/p>\n<p>Eksj\u00f6 jaktv\u00e5rdskrets:<br \/>\n-Totalt\u00a0\u00a0\u00a0\u00a0\u00a0\u00a0\u00a0\u00a0\u00a0\u00a0\u00a0\u00a0\u00a0\u00a0\u00a0\u00a0\u00a0\u00a0\u00a0\u00a0\u00a0\u00a0\u00a0\u00a0\u00a0\u00a0\u00a0\u00a0\u00a0\u00a0\u00a0\u00a0 296<\/p>\n<p>Sverige:<br \/>\n-Totalt\u00a0\u00a0\u00a0\u00a0\u00a0\u00a0\u00a0\u00a0\u00a0\u00a0\u00a0\u00a0\u00a0\u00a0\u00a0\u00a0\u00a0\u00a0\u00a0\u00a0\u00a0\u00a0\u00a0\u00a0\u00a0\u00a0\u00a0\u00a0\u00a0\u00a0\u00a0\u00a0 58 738<\/p>\n<p>&nbsp;<\/p>\n","protected":false},"excerpt":{"rendered":"<p>R\u00e4ven \u00e4r ett av v\u00e4rldens mest spridda rovdjur. Den \u00e4r aktiv \u00e5ret runt och finns i alla milj\u00f6er, fr\u00e5n kalfj\u00e4llet till st\u00e4dernas parker och villaomr\u00e5den. R\u00e4ven \u00e4r all\u00e4tare och \u00e4ter s\u00e5v\u00e4l djur som sm\u00e5gnagare, r\u00e5djurskid, harar och insekter, men ocks\u00e5 b\u00e4r, kadaver och avfall. R\u00e4vstammen drabbades h\u00e5rt av r\u00e4vskabb under 70- och 80-talet, men har [&hellip;]<\/p>\n","protected":false},"author":39,"featured_media":0,"parent":760,"menu_order":0,"comment_status":"closed","ping_status":"closed","template":"","meta":{"footnotes":""},"class_list":["post-774","page","type-page","status-publish","hentry"],"_links":{"self":[{"href":"https:\/\/krets.jagareforbundet.se\/eksjo\/wp-json\/wp\/v2\/pages\/774","targetHints":{"allow":["GET"]}}],"collection":[{"href":"https:\/\/krets.jagareforbundet.se\/eksjo\/wp-json\/wp\/v2\/pages"}],"about":[{"href":"https:\/\/krets.jagareforbundet.se\/eksjo\/wp-json\/wp\/v2\/types\/page"}],"author":[{"embeddable":true,"href":"https:\/\/krets.jagareforbundet.se\/eksjo\/wp-json\/wp\/v2\/users\/39"}],"replies":[{"embeddable":true,"href":"https:\/\/krets.jagareforbundet.se\/eksjo\/wp-json\/wp\/v2\/comments?post=774"}],"version-history":[{"count":4,"href":"https:\/\/krets.jagareforbundet.se\/eksjo\/wp-json\/wp\/v2\/pages\/774\/revisions"}],"predecessor-version":[{"id":1147,"href":"https:\/\/krets.jagareforbundet.se\/eksjo\/wp-json\/wp\/v2\/pages\/774\/revisions\/1147"}],"up":[{"embeddable":true,"href":"https:\/\/krets.jagareforbundet.se\/eksjo\/wp-json\/wp\/v2\/pages\/760"}],"wp:attachment":[{"href":"https:\/\/krets.jagareforbundet.se\/eksjo\/wp-json\/wp\/v2\/media?parent=774"}],"curies":[{"name":"wp","href":"https:\/\/api.w.org\/{rel}","templated":true}]}}