{"id":776,"date":"2021-02-26T22:43:00","date_gmt":"2021-02-26T21:43:00","guid":{"rendered":"https:\/\/krets.jagareforbundet.se\/eksjo\/?page_id=776"},"modified":"2021-03-09T17:21:43","modified_gmt":"2021-03-09T16:21:43","slug":"gravling","status":"publish","type":"page","link":"https:\/\/krets.jagareforbundet.se\/eksjo\/vilt\/kretsens-jaktbara-viltarter\/gravling\/","title":{"rendered":"Gr\u00e4vling"},"content":{"rendered":"<div id=\"attachment_1110\" style=\"width: 1034px\" class=\"wp-caption alignleft\"><img loading=\"lazy\" decoding=\"async\" aria-describedby=\"caption-attachment-1110\" class=\"size-large wp-image-1110\" src=\"https:\/\/krets.jagareforbundet.se\/eksjo\/files\/2021\/03\/gravling_ChristinaIdling_mph-1024x683.jpg\" alt=\"\" width=\"1024\" height=\"683\" srcset=\"https:\/\/krets.jagareforbundet.se\/eksjo\/files\/2021\/03\/gravling_ChristinaIdling_mph-1024x683.jpg 1024w, https:\/\/krets.jagareforbundet.se\/eksjo\/files\/2021\/03\/gravling_ChristinaIdling_mph-300x200.jpg 300w, https:\/\/krets.jagareforbundet.se\/eksjo\/files\/2021\/03\/gravling_ChristinaIdling_mph-768x512.jpg 768w, https:\/\/krets.jagareforbundet.se\/eksjo\/files\/2021\/03\/gravling_ChristinaIdling_mph-1536x1024.jpg 1536w, https:\/\/krets.jagareforbundet.se\/eksjo\/files\/2021\/03\/gravling_ChristinaIdling_mph-2048x1365.jpg 2048w\" sizes=\"auto, (max-width: 1024px) 100vw, 1024px\" \/><p id=\"caption-attachment-1110\" class=\"wp-caption-text\">Foto: Tina Idling<\/p><\/div>\n<p>Gr\u00e4vlingen finns i hela landet f\u00f6rutom i de mest karga delarna av Norrlands inland. Den \u00e4r en riktig all\u00e4tare som g\u00e4rna tar f\u00f6r sig av allt fr\u00e5n v\u00e4xter till mindre d\u00e4ggdjur och f\u00e5glar. Gr\u00e4vlingen h\u00f6r till familjen m\u00e5rddjur.<br \/>\nGr\u00e4vlingen kan egentligen inte misstas f\u00f6r n\u00e5got annat utom m\u00f6jligen m\u00e5rdhund. Gr\u00e4vlingen \u00e4r dock knubbig, har korta ben, kort svans och avl\u00e5ngt huvud. Mest aktiv \u00e4r gr\u00e4vlingen nattetid. Till skillnad fr\u00e5n \u00f6vriga m\u00e5rddjur f\u00e4rdas den mest i g\u00e5ng eller trav. L\u00e4s mer om gr\u00e4vling <a href=\"https:\/\/jagareforbundet.se\/vilt\/vilt-vetande2\/artpresentation\/daggdjur\/gravling\/\">h\u00e4r<\/a><\/p>\n<p>Lokala jaktider:<br \/>\n1 augusti-15 februari<\/p>\n<p><strong>Avskjutningsrapport fr\u00e5n viltdata jakt\u00e5r 2019\/2021<\/strong><\/p>\n<p>Eksj\u00f6 jaktv\u00e5rdskrets:<br \/>\n-Totalt\u00a0 \u00a0 \u00a0 \u00a0 \u00a0 \u00a0 \u00a0 \u00a0 \u00a0 \u00a0 \u00a0 \u00a0 \u00a0 \u00a0 \u00a0 \u00a0 \u00a0 \u00a0 144<\/p>\n<p>Sverige:<br \/>\n-Totalt\u00a0 \u00a0 \u00a0 \u00a0 \u00a0 \u00a0 \u00a0 \u00a0 \u00a0 \u00a0 \u00a0 \u00a0 \u00a0 \u00a0 \u00a0 \u00a0 \u00a0 \u00a022 620<\/p>\n","protected":false},"excerpt":{"rendered":"<p>Gr\u00e4vlingen finns i hela landet f\u00f6rutom i de mest karga delarna av Norrlands inland. Den \u00e4r en riktig all\u00e4tare som g\u00e4rna tar f\u00f6r sig av allt fr\u00e5n v\u00e4xter till mindre d\u00e4ggdjur och f\u00e5glar. Gr\u00e4vlingen h\u00f6r till familjen m\u00e5rddjur. Gr\u00e4vlingen kan egentligen inte misstas f\u00f6r n\u00e5got annat utom m\u00f6jligen m\u00e5rdhund. Gr\u00e4vlingen \u00e4r dock knubbig, har korta [&hellip;]<\/p>\n","protected":false},"author":39,"featured_media":0,"parent":760,"menu_order":0,"comment_status":"closed","ping_status":"closed","template":"","meta":{"footnotes":""},"class_list":["post-776","page","type-page","status-publish","hentry"],"_links":{"self":[{"href":"https:\/\/krets.jagareforbundet.se\/eksjo\/wp-json\/wp\/v2\/pages\/776","targetHints":{"allow":["GET"]}}],"collection":[{"href":"https:\/\/krets.jagareforbundet.se\/eksjo\/wp-json\/wp\/v2\/pages"}],"about":[{"href":"https:\/\/krets.jagareforbundet.se\/eksjo\/wp-json\/wp\/v2\/types\/page"}],"author":[{"embeddable":true,"href":"https:\/\/krets.jagareforbundet.se\/eksjo\/wp-json\/wp\/v2\/users\/39"}],"replies":[{"embeddable":true,"href":"https:\/\/krets.jagareforbundet.se\/eksjo\/wp-json\/wp\/v2\/comments?post=776"}],"version-history":[{"count":4,"href":"https:\/\/krets.jagareforbundet.se\/eksjo\/wp-json\/wp\/v2\/pages\/776\/revisions"}],"predecessor-version":[{"id":1152,"href":"https:\/\/krets.jagareforbundet.se\/eksjo\/wp-json\/wp\/v2\/pages\/776\/revisions\/1152"}],"up":[{"embeddable":true,"href":"https:\/\/krets.jagareforbundet.se\/eksjo\/wp-json\/wp\/v2\/pages\/760"}],"wp:attachment":[{"href":"https:\/\/krets.jagareforbundet.se\/eksjo\/wp-json\/wp\/v2\/media?parent=776"}],"curies":[{"name":"wp","href":"https:\/\/api.w.org\/{rel}","templated":true}]}}