{"id":781,"date":"2021-02-26T22:45:05","date_gmt":"2021-02-26T21:45:05","guid":{"rendered":"https:\/\/krets.jagareforbundet.se\/eksjo\/?page_id=781"},"modified":"2021-03-09T10:59:31","modified_gmt":"2021-03-09T09:59:31","slug":"jakthund","status":"publish","type":"page","link":"https:\/\/krets.jagareforbundet.se\/eksjo\/jakthund\/","title":{"rendered":"Jakthund"},"content":{"rendered":"<p>Vilka jakthundraser finns det? Vilka regler g\u00e4ller vid jakt med hund? N\u00e4r f\u00e5r man jakttr\u00e4na? L\u00e4s om detta p\u00e5 f\u00f6rbundets hemsida genom att trycka <a href=\"https:\/\/jagareforbundet.se\/jakt\/hund\/jakthundswebben\/\">h\u00e4r<\/a>.<\/p>\n<div id=\"attachment_1083\" style=\"width: 1034px\" class=\"wp-caption alignleft\"><img loading=\"lazy\" decoding=\"async\" aria-describedby=\"caption-attachment-1083\" class=\"size-large wp-image-1083\" src=\"https:\/\/krets.jagareforbundet.se\/eksjo\/files\/2021\/03\/jamte_algkalv_high-1024x620.jpg\" alt=\"\" width=\"1024\" height=\"620\" srcset=\"https:\/\/krets.jagareforbundet.se\/eksjo\/files\/2021\/03\/jamte_algkalv_high-1024x620.jpg 1024w, https:\/\/krets.jagareforbundet.se\/eksjo\/files\/2021\/03\/jamte_algkalv_high-300x182.jpg 300w, https:\/\/krets.jagareforbundet.se\/eksjo\/files\/2021\/03\/jamte_algkalv_high-768x465.jpg 768w, https:\/\/krets.jagareforbundet.se\/eksjo\/files\/2021\/03\/jamte_algkalv_high-1536x930.jpg 1536w, https:\/\/krets.jagareforbundet.se\/eksjo\/files\/2021\/03\/jamte_algkalv_high-2048x1240.jpg 2048w\" sizes=\"auto, (max-width: 1024px) 100vw, 1024px\" \/><p id=\"caption-attachment-1083\" class=\"wp-caption-text\">Foto: Madeleine Lewander<\/p><\/div>\n<p>&nbsp;<\/p>\n","protected":false},"excerpt":{"rendered":"<p>Vilka jakthundraser finns det? Vilka regler g\u00e4ller vid jakt med hund? N\u00e4r f\u00e5r man jakttr\u00e4na? L\u00e4s om detta p\u00e5 f\u00f6rbundets hemsida genom att trycka h\u00e4r. &nbsp;<\/p>\n","protected":false},"author":39,"featured_media":0,"parent":0,"menu_order":6,"comment_status":"closed","ping_status":"closed","template":"","meta":{"footnotes":""},"class_list":["post-781","page","type-page","status-publish","hentry"],"_links":{"self":[{"href":"https:\/\/krets.jagareforbundet.se\/eksjo\/wp-json\/wp\/v2\/pages\/781","targetHints":{"allow":["GET"]}}],"collection":[{"href":"https:\/\/krets.jagareforbundet.se\/eksjo\/wp-json\/wp\/v2\/pages"}],"about":[{"href":"https:\/\/krets.jagareforbundet.se\/eksjo\/wp-json\/wp\/v2\/types\/page"}],"author":[{"embeddable":true,"href":"https:\/\/krets.jagareforbundet.se\/eksjo\/wp-json\/wp\/v2\/users\/39"}],"replies":[{"embeddable":true,"href":"https:\/\/krets.jagareforbundet.se\/eksjo\/wp-json\/wp\/v2\/comments?post=781"}],"version-history":[{"count":3,"href":"https:\/\/krets.jagareforbundet.se\/eksjo\/wp-json\/wp\/v2\/pages\/781\/revisions"}],"predecessor-version":[{"id":1084,"href":"https:\/\/krets.jagareforbundet.se\/eksjo\/wp-json\/wp\/v2\/pages\/781\/revisions\/1084"}],"wp:attachment":[{"href":"https:\/\/krets.jagareforbundet.se\/eksjo\/wp-json\/wp\/v2\/media?parent=781"}],"curies":[{"name":"wp","href":"https:\/\/api.w.org\/{rel}","templated":true}]}}