{"id":788,"date":"2021-02-26T22:55:46","date_gmt":"2021-02-26T21:55:46","guid":{"rendered":"https:\/\/krets.jagareforbundet.se\/eksjo\/?page_id=788"},"modified":"2021-03-01T19:00:48","modified_gmt":"2021-03-01T18:00:48","slug":"utbildning","status":"publish","type":"page","link":"https:\/\/krets.jagareforbundet.se\/eksjo\/utbildning\/","title":{"rendered":"Utbildning"},"content":{"rendered":"<p>H\u00e4r l\u00e4ser du om vilka utbildningar kretsen och f\u00f6rbundet anordnar f\u00f6r dig som medlem. V\u00e4lj kategorisering i menyn.<\/p>\n<div id=\"attachment_948\" style=\"width: 310px\" class=\"wp-caption alignleft\"><a href=\"https:\/\/krets.jagareforbundet.se\/eksjo\/files\/2021\/03\/DSC_4551.jpg\"><img loading=\"lazy\" decoding=\"async\" aria-describedby=\"caption-attachment-948\" class=\"size-medium wp-image-948\" src=\"https:\/\/krets.jagareforbundet.se\/eksjo\/files\/2021\/03\/DSC_4551-300x191.jpg\" alt=\"\" width=\"300\" height=\"191\" srcset=\"https:\/\/krets.jagareforbundet.se\/eksjo\/files\/2021\/03\/DSC_4551-300x191.jpg 300w, https:\/\/krets.jagareforbundet.se\/eksjo\/files\/2021\/03\/DSC_4551-1024x651.jpg 1024w, https:\/\/krets.jagareforbundet.se\/eksjo\/files\/2021\/03\/DSC_4551-768x488.jpg 768w, https:\/\/krets.jagareforbundet.se\/eksjo\/files\/2021\/03\/DSC_4551.jpg 1500w\" sizes=\"auto, (max-width: 300px) 100vw, 300px\" \/><\/a><p id=\"caption-attachment-948\" class=\"wp-caption-text\">Foto: Madeleine Lewander<\/p><\/div>\n","protected":false},"excerpt":{"rendered":"<p>H\u00e4r l\u00e4ser du om vilka utbildningar kretsen och f\u00f6rbundet anordnar f\u00f6r dig som medlem. V\u00e4lj kategorisering i menyn.<\/p>\n","protected":false},"author":39,"featured_media":0,"parent":0,"menu_order":2,"comment_status":"closed","ping_status":"closed","template":"","meta":{"footnotes":""},"class_list":["post-788","page","type-page","status-publish","hentry"],"_links":{"self":[{"href":"https:\/\/krets.jagareforbundet.se\/eksjo\/wp-json\/wp\/v2\/pages\/788","targetHints":{"allow":["GET"]}}],"collection":[{"href":"https:\/\/krets.jagareforbundet.se\/eksjo\/wp-json\/wp\/v2\/pages"}],"about":[{"href":"https:\/\/krets.jagareforbundet.se\/eksjo\/wp-json\/wp\/v2\/types\/page"}],"author":[{"embeddable":true,"href":"https:\/\/krets.jagareforbundet.se\/eksjo\/wp-json\/wp\/v2\/users\/39"}],"replies":[{"embeddable":true,"href":"https:\/\/krets.jagareforbundet.se\/eksjo\/wp-json\/wp\/v2\/comments?post=788"}],"version-history":[{"count":3,"href":"https:\/\/krets.jagareforbundet.se\/eksjo\/wp-json\/wp\/v2\/pages\/788\/revisions"}],"predecessor-version":[{"id":949,"href":"https:\/\/krets.jagareforbundet.se\/eksjo\/wp-json\/wp\/v2\/pages\/788\/revisions\/949"}],"wp:attachment":[{"href":"https:\/\/krets.jagareforbundet.se\/eksjo\/wp-json\/wp\/v2\/media?parent=788"}],"curies":[{"name":"wp","href":"https:\/\/api.w.org\/{rel}","templated":true}]}}