{"id":790,"date":"2021-02-26T22:56:18","date_gmt":"2021-02-26T21:56:18","guid":{"rendered":"https:\/\/krets.jagareforbundet.se\/eksjo\/?page_id=790"},"modified":"2021-03-01T19:22:57","modified_gmt":"2021-03-01T18:22:57","slug":"jagarexamen","status":"publish","type":"page","link":"https:\/\/krets.jagareforbundet.se\/eksjo\/utbildning\/jagarexamen\/","title":{"rendered":"J\u00e4garexamen"},"content":{"rendered":"<p>Utbildningen till J\u00e4garexamen ger en bred kunskap om viltarter, lagstiftning, skytte, tillvaratagande och om olika jaktformer.<br \/>\nL\u00e4s mer om detta p\u00e5 f\u00f6rbundets hemsida genom att trycka <a href=\"https:\/\/jagareforbundet.se\/utbildning\/jagarexamen\/\">h\u00e4r<\/a>.<\/p>\n<p>J\u00e4garexamen Eksj\u00f6 Jaktv\u00e5rdskrets:<br \/>\nP\u00e5 grund av Covid -19 \u00e4r det just nu oklart om det blir en ny utbildning till h\u00f6sten.<br \/>\nMen kontakta oss g\u00e4rna och l\u00e4mna en <a href=\"mailto:magnus.harstensbo@gmail.com\">intresseanm\u00e4lan<\/a>!<\/p>\n<p>Utbildningsansvarig, Magnus Carlsson 073 \u2013 093 28 00<\/p>\n<div id=\"attachment_971\" style=\"width: 870px\" class=\"wp-caption alignleft\"><a href=\"https:\/\/krets.jagareforbundet.se\/eksjo\/files\/2021\/03\/lugn_jagarskolan_webb2.jpg\"><img loading=\"lazy\" decoding=\"async\" aria-describedby=\"caption-attachment-971\" class=\" wp-image-971\" src=\"https:\/\/krets.jagareforbundet.se\/eksjo\/files\/2021\/03\/lugn_jagarskolan_webb2-300x152.jpg\" alt=\"\" width=\"860\" height=\"436\" srcset=\"https:\/\/krets.jagareforbundet.se\/eksjo\/files\/2021\/03\/lugn_jagarskolan_webb2-300x152.jpg 300w, https:\/\/krets.jagareforbundet.se\/eksjo\/files\/2021\/03\/lugn_jagarskolan_webb2-768x390.jpg 768w, https:\/\/krets.jagareforbundet.se\/eksjo\/files\/2021\/03\/lugn_jagarskolan_webb2.jpg 985w\" sizes=\"auto, (max-width: 860px) 100vw, 860px\" \/><\/a><p id=\"caption-attachment-971\" class=\"wp-caption-text\">Foto: Svenska J\u00e4garef\u00f6rbundet<\/p><\/div>\n","protected":false},"excerpt":{"rendered":"<p>Utbildningen till J\u00e4garexamen ger en bred kunskap om viltarter, lagstiftning, skytte, tillvaratagande och om olika jaktformer. L\u00e4s mer om detta p\u00e5 f\u00f6rbundets hemsida genom att trycka h\u00e4r. J\u00e4garexamen Eksj\u00f6 Jaktv\u00e5rdskrets: P\u00e5 grund av Covid -19 \u00e4r det just nu oklart om det blir en ny utbildning till h\u00f6sten. Men kontakta oss g\u00e4rna och l\u00e4mna en [&hellip;]<\/p>\n","protected":false},"author":39,"featured_media":0,"parent":788,"menu_order":0,"comment_status":"closed","ping_status":"closed","template":"","meta":{"footnotes":""},"class_list":["post-790","page","type-page","status-publish","hentry"],"_links":{"self":[{"href":"https:\/\/krets.jagareforbundet.se\/eksjo\/wp-json\/wp\/v2\/pages\/790","targetHints":{"allow":["GET"]}}],"collection":[{"href":"https:\/\/krets.jagareforbundet.se\/eksjo\/wp-json\/wp\/v2\/pages"}],"about":[{"href":"https:\/\/krets.jagareforbundet.se\/eksjo\/wp-json\/wp\/v2\/types\/page"}],"author":[{"embeddable":true,"href":"https:\/\/krets.jagareforbundet.se\/eksjo\/wp-json\/wp\/v2\/users\/39"}],"replies":[{"embeddable":true,"href":"https:\/\/krets.jagareforbundet.se\/eksjo\/wp-json\/wp\/v2\/comments?post=790"}],"version-history":[{"count":3,"href":"https:\/\/krets.jagareforbundet.se\/eksjo\/wp-json\/wp\/v2\/pages\/790\/revisions"}],"predecessor-version":[{"id":995,"href":"https:\/\/krets.jagareforbundet.se\/eksjo\/wp-json\/wp\/v2\/pages\/790\/revisions\/995"}],"up":[{"embeddable":true,"href":"https:\/\/krets.jagareforbundet.se\/eksjo\/wp-json\/wp\/v2\/pages\/788"}],"wp:attachment":[{"href":"https:\/\/krets.jagareforbundet.se\/eksjo\/wp-json\/wp\/v2\/media?parent=790"}],"curies":[{"name":"wp","href":"https:\/\/api.w.org\/{rel}","templated":true}]}}