{"id":792,"date":"2021-02-26T22:56:38","date_gmt":"2021-02-26T21:56:38","guid":{"rendered":"https:\/\/krets.jagareforbundet.se\/eksjo\/?page_id=792"},"modified":"2021-03-09T09:54:31","modified_gmt":"2021-03-09T08:54:31","slug":"eftersoksutbildning","status":"publish","type":"page","link":"https:\/\/krets.jagareforbundet.se\/eksjo\/utbildning\/eftersoksutbildning\/","title":{"rendered":"Efters\u00f6ksutbildning"},"content":{"rendered":"<p><strong>V\u00e5ren 2021<\/strong><\/p>\n<p>\u00c4r du intresserad av att f\u00f6rdjupa dina kunskaper inom efters\u00f6k? D\u00e5 kanske denna kurs vore n\u00e5got f\u00f6r dig.<br \/>\nF\u00f6r mer information och kontaktuppgifter tryck h\u00e4r <a href=\"https:\/\/krets.jagareforbundet.se\/eksjo\/files\/2021\/03\/Eftersokskurs-2021.pdf\">Efters\u00f6kskurs 2021<\/a><\/p>\n<div id=\"attachment_1071\" style=\"width: 693px\" class=\"wp-caption alignleft\"><img loading=\"lazy\" decoding=\"async\" aria-describedby=\"caption-attachment-1071\" class=\"size-large wp-image-1071\" src=\"https:\/\/krets.jagareforbundet.se\/eksjo\/files\/2021\/03\/Eftersok-foto-sten-christofferson-683x1024.jpg\" alt=\"\" width=\"683\" height=\"1024\" srcset=\"https:\/\/krets.jagareforbundet.se\/eksjo\/files\/2021\/03\/Eftersok-foto-sten-christofferson-683x1024.jpg 683w, https:\/\/krets.jagareforbundet.se\/eksjo\/files\/2021\/03\/Eftersok-foto-sten-christofferson-200x300.jpg 200w, https:\/\/krets.jagareforbundet.se\/eksjo\/files\/2021\/03\/Eftersok-foto-sten-christofferson-768x1152.jpg 768w, https:\/\/krets.jagareforbundet.se\/eksjo\/files\/2021\/03\/Eftersok-foto-sten-christofferson-1024x1536.jpg 1024w, https:\/\/krets.jagareforbundet.se\/eksjo\/files\/2021\/03\/Eftersok-foto-sten-christofferson-1365x2048.jpg 1365w, https:\/\/krets.jagareforbundet.se\/eksjo\/files\/2021\/03\/Eftersok-foto-sten-christofferson-scaled.jpg 1706w\" sizes=\"auto, (max-width: 683px) 100vw, 683px\" \/><p id=\"caption-attachment-1071\" class=\"wp-caption-text\">Foto: Sten Christoffersson<\/p><\/div>\n","protected":false},"excerpt":{"rendered":"<p>V\u00e5ren 2021 \u00c4r du intresserad av att f\u00f6rdjupa dina kunskaper inom efters\u00f6k? D\u00e5 kanske denna kurs vore n\u00e5got f\u00f6r dig. F\u00f6r mer information och kontaktuppgifter tryck h\u00e4r Efters\u00f6kskurs 2021<\/p>\n","protected":false},"author":39,"featured_media":0,"parent":788,"menu_order":0,"comment_status":"closed","ping_status":"closed","template":"","meta":{"footnotes":""},"class_list":["post-792","page","type-page","status-publish","hentry"],"_links":{"self":[{"href":"https:\/\/krets.jagareforbundet.se\/eksjo\/wp-json\/wp\/v2\/pages\/792","targetHints":{"allow":["GET"]}}],"collection":[{"href":"https:\/\/krets.jagareforbundet.se\/eksjo\/wp-json\/wp\/v2\/pages"}],"about":[{"href":"https:\/\/krets.jagareforbundet.se\/eksjo\/wp-json\/wp\/v2\/types\/page"}],"author":[{"embeddable":true,"href":"https:\/\/krets.jagareforbundet.se\/eksjo\/wp-json\/wp\/v2\/users\/39"}],"replies":[{"embeddable":true,"href":"https:\/\/krets.jagareforbundet.se\/eksjo\/wp-json\/wp\/v2\/comments?post=792"}],"version-history":[{"count":3,"href":"https:\/\/krets.jagareforbundet.se\/eksjo\/wp-json\/wp\/v2\/pages\/792\/revisions"}],"predecessor-version":[{"id":1073,"href":"https:\/\/krets.jagareforbundet.se\/eksjo\/wp-json\/wp\/v2\/pages\/792\/revisions\/1073"}],"up":[{"embeddable":true,"href":"https:\/\/krets.jagareforbundet.se\/eksjo\/wp-json\/wp\/v2\/pages\/788"}],"wp:attachment":[{"href":"https:\/\/krets.jagareforbundet.se\/eksjo\/wp-json\/wp\/v2\/media?parent=792"}],"curies":[{"name":"wp","href":"https:\/\/api.w.org\/{rel}","templated":true}]}}