{"id":794,"date":"2021-02-26T22:57:06","date_gmt":"2021-02-26T21:57:06","guid":{"rendered":"https:\/\/krets.jagareforbundet.se\/eksjo\/?page_id=794"},"modified":"2021-03-09T09:38:54","modified_gmt":"2021-03-09T08:38:54","slug":"grundlydnadskurser-hund","status":"publish","type":"page","link":"https:\/\/krets.jagareforbundet.se\/eksjo\/utbildning\/grundlydnadskurser-hund\/","title":{"rendered":"Grundlydnadskurser hund"},"content":{"rendered":"<p><strong>2021<br \/>\n<\/strong>Har du k\u00f6pt en ny hund, eller \u00e4r det dags att f\u00e5 bukt p\u00e5 allt koppeldragande hos den du redan har?<br \/>\nD\u00e5 skall du anm\u00e4la dig till v\u00e5r grundlydnadskurs som startar i v\u00e5r.<br \/>\nTryck p\u00e5 l\u00e4nken nedan f\u00f6r mer information.<br \/>\n<a href=\"https:\/\/krets.jagareforbundet.se\/eksjo\/files\/2021\/03\/Grundlydnadskurs-varen-2021.pdf\">Grundlydnadskurs v\u00e5ren 2021<\/a><\/p>\n<div id=\"attachment_1063\" style=\"width: 858px\" class=\"wp-caption alignleft\"><img loading=\"lazy\" decoding=\"async\" aria-describedby=\"caption-attachment-1063\" class=\" wp-image-1063\" src=\"https:\/\/krets.jagareforbundet.se\/eksjo\/files\/2021\/03\/21269805-drever-1024x610.jpg\" alt=\"\" width=\"848\" height=\"505\" srcset=\"https:\/\/krets.jagareforbundet.se\/eksjo\/files\/2021\/03\/21269805-drever-1024x610.jpg 1024w, https:\/\/krets.jagareforbundet.se\/eksjo\/files\/2021\/03\/21269805-drever-300x179.jpg 300w, https:\/\/krets.jagareforbundet.se\/eksjo\/files\/2021\/03\/21269805-drever-768x458.jpg 768w, https:\/\/krets.jagareforbundet.se\/eksjo\/files\/2021\/03\/21269805-drever-1536x916.jpg 1536w, https:\/\/krets.jagareforbundet.se\/eksjo\/files\/2021\/03\/21269805-drever-2048x1221.jpg 2048w\" sizes=\"auto, (max-width: 848px) 100vw, 848px\" \/><p id=\"caption-attachment-1063\" class=\"wp-caption-text\">Foto: Mostphotos<\/p><\/div>\n","protected":false},"excerpt":{"rendered":"<p>2021 Har du k\u00f6pt en ny hund, eller \u00e4r det dags att f\u00e5 bukt p\u00e5 allt koppeldragande hos den du redan har? D\u00e5 skall du anm\u00e4la dig till v\u00e5r grundlydnadskurs som startar i v\u00e5r. Tryck p\u00e5 l\u00e4nken nedan f\u00f6r mer information. Grundlydnadskurs v\u00e5ren 2021<\/p>\n","protected":false},"author":39,"featured_media":0,"parent":788,"menu_order":0,"comment_status":"closed","ping_status":"closed","template":"","meta":{"footnotes":""},"class_list":["post-794","page","type-page","status-publish","hentry"],"_links":{"self":[{"href":"https:\/\/krets.jagareforbundet.se\/eksjo\/wp-json\/wp\/v2\/pages\/794","targetHints":{"allow":["GET"]}}],"collection":[{"href":"https:\/\/krets.jagareforbundet.se\/eksjo\/wp-json\/wp\/v2\/pages"}],"about":[{"href":"https:\/\/krets.jagareforbundet.se\/eksjo\/wp-json\/wp\/v2\/types\/page"}],"author":[{"embeddable":true,"href":"https:\/\/krets.jagareforbundet.se\/eksjo\/wp-json\/wp\/v2\/users\/39"}],"replies":[{"embeddable":true,"href":"https:\/\/krets.jagareforbundet.se\/eksjo\/wp-json\/wp\/v2\/comments?post=794"}],"version-history":[{"count":2,"href":"https:\/\/krets.jagareforbundet.se\/eksjo\/wp-json\/wp\/v2\/pages\/794\/revisions"}],"predecessor-version":[{"id":1067,"href":"https:\/\/krets.jagareforbundet.se\/eksjo\/wp-json\/wp\/v2\/pages\/794\/revisions\/1067"}],"up":[{"embeddable":true,"href":"https:\/\/krets.jagareforbundet.se\/eksjo\/wp-json\/wp\/v2\/pages\/788"}],"wp:attachment":[{"href":"https:\/\/krets.jagareforbundet.se\/eksjo\/wp-json\/wp\/v2\/media?parent=794"}],"curies":[{"name":"wp","href":"https:\/\/api.w.org\/{rel}","templated":true}]}}