{"id":796,"date":"2021-02-26T22:59:26","date_gmt":"2021-02-26T21:59:26","guid":{"rendered":"https:\/\/krets.jagareforbundet.se\/eksjo\/?page_id=796"},"modified":"2021-03-01T17:21:06","modified_gmt":"2021-03-01T16:21:06","slug":"ovriga-kurser-inom-svjf","status":"publish","type":"page","link":"https:\/\/krets.jagareforbundet.se\/eksjo\/utbildning\/ovriga-kurser-inom-svjf\/","title":{"rendered":"\u00d6vriga kurser inom SVJF"},"content":{"rendered":"<p>Se vilka utbildningar och kurser f\u00f6rbundet anordnar f\u00f6r dig som medlem genom att trycka <a href=\"https:\/\/jagareforbundet.se\/utbildning\/\">h\u00e4r.<\/a><\/p>\n<div id=\"attachment_952\" style=\"width: 310px\" class=\"wp-caption alignleft\"><a href=\"https:\/\/krets.jagareforbundet.se\/eksjo\/files\/2021\/03\/20023434-butcher-cutting-meat-by-colleague-in-butchery-1-scaled.jpg\"><img loading=\"lazy\" decoding=\"async\" aria-describedby=\"caption-attachment-952\" class=\"size-medium wp-image-952\" src=\"https:\/\/krets.jagareforbundet.se\/eksjo\/files\/2021\/03\/20023434-butcher-cutting-meat-by-colleague-in-butchery-1-300x200.jpg\" alt=\"\" width=\"300\" height=\"200\" srcset=\"https:\/\/krets.jagareforbundet.se\/eksjo\/files\/2021\/03\/20023434-butcher-cutting-meat-by-colleague-in-butchery-1-300x200.jpg 300w, https:\/\/krets.jagareforbundet.se\/eksjo\/files\/2021\/03\/20023434-butcher-cutting-meat-by-colleague-in-butchery-1-1024x683.jpg 1024w, https:\/\/krets.jagareforbundet.se\/eksjo\/files\/2021\/03\/20023434-butcher-cutting-meat-by-colleague-in-butchery-1-768x512.jpg 768w\" sizes=\"auto, (max-width: 300px) 100vw, 300px\" \/><\/a><p id=\"caption-attachment-952\" class=\"wp-caption-text\">Foto: Ej angivet<\/p><\/div>\n<p>&nbsp;<\/p>\n","protected":false},"excerpt":{"rendered":"<p>Se vilka utbildningar och kurser f\u00f6rbundet anordnar f\u00f6r dig som medlem genom att trycka h\u00e4r. &nbsp;<\/p>\n","protected":false},"author":39,"featured_media":0,"parent":788,"menu_order":0,"comment_status":"closed","ping_status":"closed","template":"","meta":{"footnotes":""},"class_list":["post-796","page","type-page","status-publish","hentry"],"_links":{"self":[{"href":"https:\/\/krets.jagareforbundet.se\/eksjo\/wp-json\/wp\/v2\/pages\/796","targetHints":{"allow":["GET"]}}],"collection":[{"href":"https:\/\/krets.jagareforbundet.se\/eksjo\/wp-json\/wp\/v2\/pages"}],"about":[{"href":"https:\/\/krets.jagareforbundet.se\/eksjo\/wp-json\/wp\/v2\/types\/page"}],"author":[{"embeddable":true,"href":"https:\/\/krets.jagareforbundet.se\/eksjo\/wp-json\/wp\/v2\/users\/39"}],"replies":[{"embeddable":true,"href":"https:\/\/krets.jagareforbundet.se\/eksjo\/wp-json\/wp\/v2\/comments?post=796"}],"version-history":[{"count":3,"href":"https:\/\/krets.jagareforbundet.se\/eksjo\/wp-json\/wp\/v2\/pages\/796\/revisions"}],"predecessor-version":[{"id":977,"href":"https:\/\/krets.jagareforbundet.se\/eksjo\/wp-json\/wp\/v2\/pages\/796\/revisions\/977"}],"up":[{"embeddable":true,"href":"https:\/\/krets.jagareforbundet.se\/eksjo\/wp-json\/wp\/v2\/pages\/788"}],"wp:attachment":[{"href":"https:\/\/krets.jagareforbundet.se\/eksjo\/wp-json\/wp\/v2\/media?parent=796"}],"curies":[{"name":"wp","href":"https:\/\/api.w.org\/{rel}","templated":true}]}}