{"id":802,"date":"2021-02-26T23:02:52","date_gmt":"2021-02-26T22:02:52","guid":{"rendered":"https:\/\/krets.jagareforbundet.se\/eksjo\/?page_id=802"},"modified":"2021-06-24T12:37:34","modified_gmt":"2021-06-24T10:37:34","slug":"spartraning","status":"publish","type":"page","link":"https:\/\/krets.jagareforbundet.se\/eksjo\/aktiviteter\/spartraning\/","title":{"rendered":"Sp\u00e5rtr\u00e4ning"},"content":{"rendered":"<p><strong>Sp\u00e5rtr\u00e4ning Skedhult 2021<\/strong><\/p>\n<p><strong><span style=\"color: #0000ff\">Resterande tr\u00e4ningstillf\u00e4llen \u00e4r:<\/span><\/strong><br \/>\n<strong><span style=\"color: #0000ff\">&#8211; 28e juli<\/span><\/strong><br \/>\n<strong><span style=\"color: #0000ff\">&#8211; 26e augusti<\/span><\/strong><br \/>\n<strong><span style=\"color: #0000ff\">&#8211; 30 september<\/span><\/strong><\/p>\n<p><strong><span style=\"color: #0000ff\">Samling skedhult 18.00<\/span><\/strong><\/p>\n<p><span style=\"color: #000000\">andra tr\u00e4ningstillf\u00e4llet f\u00f6r \u00e5ret blir den 27e maj kl 18.00. Samling vid Borgm\u00e4star\u00e4ngens badplats.<\/span><\/p>\n<p>Den <strong>29e april 18.00\u00a0<\/strong> \u00e4r det dags att dra ig\u00e5ng sp\u00e5rtr\u00e4ningen ute p\u00e5 Skedhult.<\/p>\n<p>\u00c5rets sp\u00e5rtr\u00e4ning kommer att genomf\u00f6ras med samma riktlinjer g\u00e4llande smittspridning som \u00f6vriga samh\u00e4llet, det vill s\u00e4ga att:<br \/>\n&#8211; Vi stannar hemma om vi k\u00e4nner oss krassliga.<br \/>\n&#8211; Vi h\u00e5ller avst\u00e5nd b\u00e5de vid tr\u00e4ning och samlingar.<br \/>\n&#8211; Var och en har med eget fika.<\/p>\n<p>Medtag eget sp\u00e5rmaterial (blod, kl\u00f6var,snitslar m,m)<br \/>\nDessa tr\u00e4ningskv\u00e4llar \u00e4r till f\u00f6r alla, vare sig du \u00e4r nyb\u00f6rjare inom sp\u00e5rning eller rutinerad efters\u00f6ksj\u00e4gare.<\/p>\n<p>Vid \u00f6vriga fr\u00e5gor kontakta<br \/>\ntr\u00e4ningssamordnare<br \/>\nMarie Berglind<br \/>\n070-512 03 84<\/p>\n<div id=\"attachment_1095\" style=\"width: 760px\" class=\"wp-caption alignleft\"><img loading=\"lazy\" decoding=\"async\" aria-describedby=\"caption-attachment-1095\" class=\"size-full wp-image-1095\" src=\"https:\/\/krets.jagareforbundet.se\/eksjo\/files\/2021\/03\/Sixten-med-klov-1.png\" alt=\"\" width=\"750\" height=\"746\" srcset=\"https:\/\/krets.jagareforbundet.se\/eksjo\/files\/2021\/03\/Sixten-med-klov-1.png 750w, https:\/\/krets.jagareforbundet.se\/eksjo\/files\/2021\/03\/Sixten-med-klov-1-300x298.png 300w, https:\/\/krets.jagareforbundet.se\/eksjo\/files\/2021\/03\/Sixten-med-klov-1-150x150.png 150w\" sizes=\"auto, (max-width: 750px) 100vw, 750px\" \/><p id=\"caption-attachment-1095\" class=\"wp-caption-text\">Foto: Robert Lindhe<\/p><\/div>\n","protected":false},"excerpt":{"rendered":"<p>Sp\u00e5rtr\u00e4ning Skedhult 2021 Resterande tr\u00e4ningstillf\u00e4llen \u00e4r: &#8211; 28e juli &#8211; 26e augusti &#8211; 30 september Samling skedhult 18.00 andra tr\u00e4ningstillf\u00e4llet f\u00f6r \u00e5ret blir den 27e maj kl 18.00. Samling vid Borgm\u00e4star\u00e4ngens badplats. Den 29e april 18.00\u00a0 \u00e4r det dags att dra ig\u00e5ng sp\u00e5rtr\u00e4ningen ute p\u00e5 Skedhult. \u00c5rets sp\u00e5rtr\u00e4ning kommer att genomf\u00f6ras med samma riktlinjer g\u00e4llande [&hellip;]<\/p>\n","protected":false},"author":39,"featured_media":0,"parent":799,"menu_order":0,"comment_status":"closed","ping_status":"closed","template":"","meta":{"footnotes":""},"class_list":["post-802","page","type-page","status-publish","hentry"],"_links":{"self":[{"href":"https:\/\/krets.jagareforbundet.se\/eksjo\/wp-json\/wp\/v2\/pages\/802","targetHints":{"allow":["GET"]}}],"collection":[{"href":"https:\/\/krets.jagareforbundet.se\/eksjo\/wp-json\/wp\/v2\/pages"}],"about":[{"href":"https:\/\/krets.jagareforbundet.se\/eksjo\/wp-json\/wp\/v2\/types\/page"}],"author":[{"embeddable":true,"href":"https:\/\/krets.jagareforbundet.se\/eksjo\/wp-json\/wp\/v2\/users\/39"}],"replies":[{"embeddable":true,"href":"https:\/\/krets.jagareforbundet.se\/eksjo\/wp-json\/wp\/v2\/comments?post=802"}],"version-history":[{"count":3,"href":"https:\/\/krets.jagareforbundet.se\/eksjo\/wp-json\/wp\/v2\/pages\/802\/revisions"}],"predecessor-version":[{"id":1201,"href":"https:\/\/krets.jagareforbundet.se\/eksjo\/wp-json\/wp\/v2\/pages\/802\/revisions\/1201"}],"up":[{"embeddable":true,"href":"https:\/\/krets.jagareforbundet.se\/eksjo\/wp-json\/wp\/v2\/pages\/799"}],"wp:attachment":[{"href":"https:\/\/krets.jagareforbundet.se\/eksjo\/wp-json\/wp\/v2\/media?parent=802"}],"curies":[{"name":"wp","href":"https:\/\/api.w.org\/{rel}","templated":true}]}}