{"id":804,"date":"2021-02-26T23:03:10","date_gmt":"2021-02-26T22:03:10","guid":{"rendered":"https:\/\/krets.jagareforbundet.se\/eksjo\/?page_id=804"},"modified":"2021-03-01T19:50:58","modified_gmt":"2021-03-01T18:50:58","slug":"skytte","status":"publish","type":"page","link":"https:\/\/krets.jagareforbundet.se\/eksjo\/aktiviteter\/skytte\/","title":{"rendered":"Skytte"},"content":{"rendered":"<p>Skytte \u00e4r b\u00e5de roligt och viktigt f\u00f6r ansvarsfulla j\u00e4gare. L\u00e4s mer om det lokala skyttet genom kategoriseringen i menyn.<br \/>\nF\u00f6r mer information fr\u00e5n f\u00f6rbundet tryck <a href=\"https:\/\/jagareforbundet.se\/jakt\/skytte\/\">h\u00e4r<\/a><\/p>\n<div id=\"attachment_1013\" style=\"width: 438px\" class=\"wp-caption alignleft\"><a href=\"https:\/\/krets.jagareforbundet.se\/eksjo\/files\/2021\/03\/2724488-shotgun-throwing-its-shell-scaled.jpg\"><img loading=\"lazy\" decoding=\"async\" aria-describedby=\"caption-attachment-1013\" class=\" wp-image-1013\" src=\"https:\/\/krets.jagareforbundet.se\/eksjo\/files\/2021\/03\/2724488-shotgun-throwing-its-shell-300x200.jpg\" alt=\"\" width=\"428\" height=\"285\" srcset=\"https:\/\/krets.jagareforbundet.se\/eksjo\/files\/2021\/03\/2724488-shotgun-throwing-its-shell-300x200.jpg 300w, https:\/\/krets.jagareforbundet.se\/eksjo\/files\/2021\/03\/2724488-shotgun-throwing-its-shell-1024x683.jpg 1024w, https:\/\/krets.jagareforbundet.se\/eksjo\/files\/2021\/03\/2724488-shotgun-throwing-its-shell-768x512.jpg 768w, https:\/\/krets.jagareforbundet.se\/eksjo\/files\/2021\/03\/2724488-shotgun-throwing-its-shell-1536x1024.jpg 1536w, https:\/\/krets.jagareforbundet.se\/eksjo\/files\/2021\/03\/2724488-shotgun-throwing-its-shell-2048x1365.jpg 2048w\" sizes=\"auto, (max-width: 428px) 100vw, 428px\" \/><\/a><p id=\"caption-attachment-1013\" class=\"wp-caption-text\">Foto: Aydin Buyuktas \/ Mostphotos<\/p><\/div>\n","protected":false},"excerpt":{"rendered":"<p>Skytte \u00e4r b\u00e5de roligt och viktigt f\u00f6r ansvarsfulla j\u00e4gare. L\u00e4s mer om det lokala skyttet genom kategoriseringen i menyn. F\u00f6r mer information fr\u00e5n f\u00f6rbundet tryck h\u00e4r<\/p>\n","protected":false},"author":39,"featured_media":0,"parent":799,"menu_order":0,"comment_status":"closed","ping_status":"closed","template":"","meta":{"footnotes":""},"class_list":["post-804","page","type-page","status-publish","hentry"],"_links":{"self":[{"href":"https:\/\/krets.jagareforbundet.se\/eksjo\/wp-json\/wp\/v2\/pages\/804","targetHints":{"allow":["GET"]}}],"collection":[{"href":"https:\/\/krets.jagareforbundet.se\/eksjo\/wp-json\/wp\/v2\/pages"}],"about":[{"href":"https:\/\/krets.jagareforbundet.se\/eksjo\/wp-json\/wp\/v2\/types\/page"}],"author":[{"embeddable":true,"href":"https:\/\/krets.jagareforbundet.se\/eksjo\/wp-json\/wp\/v2\/users\/39"}],"replies":[{"embeddable":true,"href":"https:\/\/krets.jagareforbundet.se\/eksjo\/wp-json\/wp\/v2\/comments?post=804"}],"version-history":[{"count":3,"href":"https:\/\/krets.jagareforbundet.se\/eksjo\/wp-json\/wp\/v2\/pages\/804\/revisions"}],"predecessor-version":[{"id":1014,"href":"https:\/\/krets.jagareforbundet.se\/eksjo\/wp-json\/wp\/v2\/pages\/804\/revisions\/1014"}],"up":[{"embeddable":true,"href":"https:\/\/krets.jagareforbundet.se\/eksjo\/wp-json\/wp\/v2\/pages\/799"}],"wp:attachment":[{"href":"https:\/\/krets.jagareforbundet.se\/eksjo\/wp-json\/wp\/v2\/media?parent=804"}],"curies":[{"name":"wp","href":"https:\/\/api.w.org\/{rel}","templated":true}]}}