{"id":806,"date":"2021-02-26T23:03:28","date_gmt":"2021-02-26T22:03:28","guid":{"rendered":"https:\/\/krets.jagareforbundet.se\/eksjo\/?page_id=806"},"modified":"2021-03-01T19:48:14","modified_gmt":"2021-03-01T18:48:14","slug":"forelasningar","status":"publish","type":"page","link":"https:\/\/krets.jagareforbundet.se\/eksjo\/aktiviteter\/forelasningar\/","title":{"rendered":"F\u00f6rel\u00e4sningar"},"content":{"rendered":"<div class=\"kvgmc6g5 cxmmr5t8 oygrvhab hcukyx3x c1et5uql ii04i59q\">\n<div>P\u00e5 grund av Covid-19 finns inga fysiska f\u00f6rel\u00e4sningar planerade i \u00e5r. Men som tur \u00e4r s\u00e5 har\u00a0Svenska J\u00e4garef\u00f6rbundet tillsammans med Studiefr\u00e4mjandet tagit fram en serie onlinef\u00f6rel\u00e4sningar som du inte f\u00e5r missa.<\/div>\n<\/div>\n<div class=\"o9v6fnle cxmmr5t8 oygrvhab hcukyx3x c1et5uql ii04i59q\">\n<div>In och anm\u00e4l dig p\u00e5 dessa <a href=\"https:\/\/jagareforbundet.se\/utbildning\/kurser\/\">h\u00e4r<\/a><\/div>\n<div><\/div>\n<\/div>\n<div><a href=\"https:\/\/krets.jagareforbundet.se\/eksjo\/files\/2021\/02\/kurser-mars.png\"><img loading=\"lazy\" decoding=\"async\" class=\"alignleft size-medium wp-image-740\" src=\"https:\/\/krets.jagareforbundet.se\/eksjo\/files\/2021\/02\/kurser-mars-300x166.png\" alt=\"\" width=\"300\" height=\"166\" srcset=\"https:\/\/krets.jagareforbundet.se\/eksjo\/files\/2021\/02\/kurser-mars-300x166.png 300w, https:\/\/krets.jagareforbundet.se\/eksjo\/files\/2021\/02\/kurser-mars-768x426.png 768w, https:\/\/krets.jagareforbundet.se\/eksjo\/files\/2021\/02\/kurser-mars.png 903w\" sizes=\"auto, (max-width: 300px) 100vw, 300px\" \/><\/a><\/div>\n","protected":false},"excerpt":{"rendered":"<p>P\u00e5 grund av Covid-19 finns inga fysiska f\u00f6rel\u00e4sningar planerade i \u00e5r. Men som tur \u00e4r s\u00e5 har\u00a0Svenska J\u00e4garef\u00f6rbundet tillsammans med Studiefr\u00e4mjandet tagit fram en serie onlinef\u00f6rel\u00e4sningar som du inte f\u00e5r missa. In och anm\u00e4l dig p\u00e5 dessa h\u00e4r<\/p>\n","protected":false},"author":39,"featured_media":0,"parent":799,"menu_order":0,"comment_status":"closed","ping_status":"closed","template":"","meta":{"footnotes":""},"class_list":["post-806","page","type-page","status-publish","hentry"],"_links":{"self":[{"href":"https:\/\/krets.jagareforbundet.se\/eksjo\/wp-json\/wp\/v2\/pages\/806","targetHints":{"allow":["GET"]}}],"collection":[{"href":"https:\/\/krets.jagareforbundet.se\/eksjo\/wp-json\/wp\/v2\/pages"}],"about":[{"href":"https:\/\/krets.jagareforbundet.se\/eksjo\/wp-json\/wp\/v2\/types\/page"}],"author":[{"embeddable":true,"href":"https:\/\/krets.jagareforbundet.se\/eksjo\/wp-json\/wp\/v2\/users\/39"}],"replies":[{"embeddable":true,"href":"https:\/\/krets.jagareforbundet.se\/eksjo\/wp-json\/wp\/v2\/comments?post=806"}],"version-history":[{"count":4,"href":"https:\/\/krets.jagareforbundet.se\/eksjo\/wp-json\/wp\/v2\/pages\/806\/revisions"}],"predecessor-version":[{"id":1012,"href":"https:\/\/krets.jagareforbundet.se\/eksjo\/wp-json\/wp\/v2\/pages\/806\/revisions\/1012"}],"up":[{"embeddable":true,"href":"https:\/\/krets.jagareforbundet.se\/eksjo\/wp-json\/wp\/v2\/pages\/799"}],"wp:attachment":[{"href":"https:\/\/krets.jagareforbundet.se\/eksjo\/wp-json\/wp\/v2\/media?parent=806"}],"curies":[{"name":"wp","href":"https:\/\/api.w.org\/{rel}","templated":true}]}}