{"id":810,"date":"2021-02-26T23:07:12","date_gmt":"2021-02-26T22:07:12","guid":{"rendered":"https:\/\/krets.jagareforbundet.se\/eksjo\/?page_id=810"},"modified":"2021-03-09T10:23:42","modified_gmt":"2021-03-09T09:23:42","slug":"nvr","status":"publish","type":"page","link":"https:\/\/krets.jagareforbundet.se\/eksjo\/eftersok\/nvr\/","title":{"rendered":"NVR"},"content":{"rendered":"<p>Nationella Viltolycksr\u00e5det, NVR,\u00a0\u00e4r ett nationellt samarbetsorgan som arbetar med fr\u00e5gor inom viltolycksproblematik.<\/p>\n<p>2007-01-01 fick Rikspolisstyrelsen av regeringen i uppdrag att ansvara f\u00f6r r\u00e5det vars huvudinriktning \u00e4r att organisera en nationell viltolycksorganisation f\u00f6r efters\u00f6k av trafikskadat vilt och verka f\u00f6r att organisationen nyttjas, underh\u00e5lls och utvecklas.<br \/>\nInom ramen f\u00f6r sitt allm\u00e4nna uppdrag svarar Svenska J\u00e4garef\u00f6rbundet f\u00f6r att tillsammans med J\u00e4garnas Riksf\u00f6rbund tillhandah\u00e5lla efters\u00f6ksj\u00e4gare med sp\u00e5rhundar och kontaktpersoner f\u00f6r viltolycksorganisationen.<br \/>\nMer information om NVR tryck <a href=\"https:\/\/www.viltolycka.se\/om-nationella-viltolycksradet\/lansansvariga-jagare\/\">h\u00e4r<\/a>.<\/p>\n<p>L\u00e4nsansvarig<br \/>\nMarie Berglind<br \/>\n070-512 03 84<\/p>\n<p>Samordnare Eksj\u00f6 kommun<br \/>\nErik Berglind<br \/>\n073-438 21 76<\/p>\n<div id=\"attachment_1077\" style=\"width: 838px\" class=\"wp-caption alignleft\"><img loading=\"lazy\" decoding=\"async\" aria-describedby=\"caption-attachment-1077\" class=\" wp-image-1077\" src=\"https:\/\/krets.jagareforbundet.se\/eksjo\/files\/2021\/03\/Eftersok-foto-Madeleine-Lewander-1024x679.jpg\" alt=\"\" width=\"828\" height=\"549\" srcset=\"https:\/\/krets.jagareforbundet.se\/eksjo\/files\/2021\/03\/Eftersok-foto-Madeleine-Lewander-1024x679.jpg 1024w, https:\/\/krets.jagareforbundet.se\/eksjo\/files\/2021\/03\/Eftersok-foto-Madeleine-Lewander-300x199.jpg 300w, https:\/\/krets.jagareforbundet.se\/eksjo\/files\/2021\/03\/Eftersok-foto-Madeleine-Lewander-768x509.jpg 768w, https:\/\/krets.jagareforbundet.se\/eksjo\/files\/2021\/03\/Eftersok-foto-Madeleine-Lewander.jpg 1359w\" sizes=\"auto, (max-width: 828px) 100vw, 828px\" \/><p id=\"caption-attachment-1077\" class=\"wp-caption-text\">Foto: Madeleine Lewander<\/p><\/div>\n","protected":false},"excerpt":{"rendered":"<p>Nationella Viltolycksr\u00e5det, NVR,\u00a0\u00e4r ett nationellt samarbetsorgan som arbetar med fr\u00e5gor inom viltolycksproblematik. 2007-01-01 fick Rikspolisstyrelsen av regeringen i uppdrag att ansvara f\u00f6r r\u00e5det vars huvudinriktning \u00e4r att organisera en nationell viltolycksorganisation f\u00f6r efters\u00f6k av trafikskadat vilt och verka f\u00f6r att organisationen nyttjas, underh\u00e5lls och utvecklas. Inom ramen f\u00f6r sitt allm\u00e4nna uppdrag svarar Svenska J\u00e4garef\u00f6rbundet f\u00f6r [&hellip;]<\/p>\n","protected":false},"author":39,"featured_media":0,"parent":475,"menu_order":0,"comment_status":"closed","ping_status":"closed","template":"","meta":{"footnotes":""},"class_list":["post-810","page","type-page","status-publish","hentry"],"_links":{"self":[{"href":"https:\/\/krets.jagareforbundet.se\/eksjo\/wp-json\/wp\/v2\/pages\/810","targetHints":{"allow":["GET"]}}],"collection":[{"href":"https:\/\/krets.jagareforbundet.se\/eksjo\/wp-json\/wp\/v2\/pages"}],"about":[{"href":"https:\/\/krets.jagareforbundet.se\/eksjo\/wp-json\/wp\/v2\/types\/page"}],"author":[{"embeddable":true,"href":"https:\/\/krets.jagareforbundet.se\/eksjo\/wp-json\/wp\/v2\/users\/39"}],"replies":[{"embeddable":true,"href":"https:\/\/krets.jagareforbundet.se\/eksjo\/wp-json\/wp\/v2\/comments?post=810"}],"version-history":[{"count":3,"href":"https:\/\/krets.jagareforbundet.se\/eksjo\/wp-json\/wp\/v2\/pages\/810\/revisions"}],"predecessor-version":[{"id":1078,"href":"https:\/\/krets.jagareforbundet.se\/eksjo\/wp-json\/wp\/v2\/pages\/810\/revisions\/1078"}],"up":[{"embeddable":true,"href":"https:\/\/krets.jagareforbundet.se\/eksjo\/wp-json\/wp\/v2\/pages\/475"}],"wp:attachment":[{"href":"https:\/\/krets.jagareforbundet.se\/eksjo\/wp-json\/wp\/v2\/media?parent=810"}],"curies":[{"name":"wp","href":"https:\/\/api.w.org\/{rel}","templated":true}]}}