{"id":812,"date":"2021-02-26T23:09:24","date_gmt":"2021-02-26T22:09:24","guid":{"rendered":"https:\/\/krets.jagareforbundet.se\/eksjo\/?page_id=812"},"modified":"2021-03-01T19:01:08","modified_gmt":"2021-03-01T18:01:08","slug":"rapporteringar-anmalningar","status":"publish","type":"page","link":"https:\/\/krets.jagareforbundet.se\/eksjo\/rapporteringar-anmalningar\/","title":{"rendered":"Rapporteringar\/Anm\u00e4lningar\/                      kontaktuppgifter"},"content":{"rendered":"<p>V\u00e4lj kategorisering i menyn f\u00f6r att komma till den rapportering du s\u00f6ker.<\/p>\n","protected":false},"excerpt":{"rendered":"<p>V\u00e4lj kategorisering i menyn f\u00f6r att komma till den rapportering du s\u00f6ker.<\/p>\n","protected":false},"author":39,"featured_media":0,"parent":0,"menu_order":3,"comment_status":"closed","ping_status":"closed","template":"","meta":{"footnotes":""},"class_list":["post-812","page","type-page","status-publish","hentry"],"_links":{"self":[{"href":"https:\/\/krets.jagareforbundet.se\/eksjo\/wp-json\/wp\/v2\/pages\/812","targetHints":{"allow":["GET"]}}],"collection":[{"href":"https:\/\/krets.jagareforbundet.se\/eksjo\/wp-json\/wp\/v2\/pages"}],"about":[{"href":"https:\/\/krets.jagareforbundet.se\/eksjo\/wp-json\/wp\/v2\/types\/page"}],"author":[{"embeddable":true,"href":"https:\/\/krets.jagareforbundet.se\/eksjo\/wp-json\/wp\/v2\/users\/39"}],"replies":[{"embeddable":true,"href":"https:\/\/krets.jagareforbundet.se\/eksjo\/wp-json\/wp\/v2\/comments?post=812"}],"version-history":[{"count":3,"href":"https:\/\/krets.jagareforbundet.se\/eksjo\/wp-json\/wp\/v2\/pages\/812\/revisions"}],"predecessor-version":[{"id":928,"href":"https:\/\/krets.jagareforbundet.se\/eksjo\/wp-json\/wp\/v2\/pages\/812\/revisions\/928"}],"wp:attachment":[{"href":"https:\/\/krets.jagareforbundet.se\/eksjo\/wp-json\/wp\/v2\/media?parent=812"}],"curies":[{"name":"wp","href":"https:\/\/api.w.org\/{rel}","templated":true}]}}