{"id":816,"date":"2021-02-26T23:15:18","date_gmt":"2021-02-26T22:15:18","guid":{"rendered":"https:\/\/krets.jagareforbundet.se\/eksjo\/?page_id=816"},"modified":"2021-03-01T19:28:05","modified_gmt":"2021-03-01T18:28:05","slug":"viltdata","status":"publish","type":"page","link":"https:\/\/krets.jagareforbundet.se\/eksjo\/rapporteringar-anmalningar\/viltdata\/","title":{"rendered":"Viltdata"},"content":{"rendered":"<p>L\u00e4s om hur man registrerar viltdata och varf\u00f6r det \u00e4r s\u00e5 viktigt. F\u00f6r att komma till viltdata tryck <a href=\"https:\/\/www.viltdata.se\/\">h\u00e4r<\/a>.<\/p>\n<p>Vilt\u00f6vervakningsrapport\u00f6r i Eksj\u00f6 jaktv\u00e5rdskrets:<br \/>\nSimon Larsson, <a href=\"mailto:spakarp@outlook.com\">spakarp@outlook.com<\/a><\/p>\n<p><a href=\"https:\/\/krets.jagareforbundet.se\/eksjo\/files\/2021\/03\/viltdata.gif\"><img loading=\"lazy\" decoding=\"async\" class=\"alignleft size-full wp-image-959\" src=\"https:\/\/krets.jagareforbundet.se\/eksjo\/files\/2021\/03\/viltdata.gif\" alt=\"\" width=\"208\" height=\"120\" \/><\/a><\/p>\n","protected":false},"excerpt":{"rendered":"<p>L\u00e4s om hur man registrerar viltdata och varf\u00f6r det \u00e4r s\u00e5 viktigt. F\u00f6r att komma till viltdata tryck h\u00e4r. Vilt\u00f6vervakningsrapport\u00f6r i Eksj\u00f6 jaktv\u00e5rdskrets: Simon Larsson, spakarp@outlook.com<\/p>\n","protected":false},"author":39,"featured_media":0,"parent":812,"menu_order":0,"comment_status":"closed","ping_status":"closed","template":"","meta":{"footnotes":""},"class_list":["post-816","page","type-page","status-publish","hentry"],"_links":{"self":[{"href":"https:\/\/krets.jagareforbundet.se\/eksjo\/wp-json\/wp\/v2\/pages\/816","targetHints":{"allow":["GET"]}}],"collection":[{"href":"https:\/\/krets.jagareforbundet.se\/eksjo\/wp-json\/wp\/v2\/pages"}],"about":[{"href":"https:\/\/krets.jagareforbundet.se\/eksjo\/wp-json\/wp\/v2\/types\/page"}],"author":[{"embeddable":true,"href":"https:\/\/krets.jagareforbundet.se\/eksjo\/wp-json\/wp\/v2\/users\/39"}],"replies":[{"embeddable":true,"href":"https:\/\/krets.jagareforbundet.se\/eksjo\/wp-json\/wp\/v2\/comments?post=816"}],"version-history":[{"count":3,"href":"https:\/\/krets.jagareforbundet.se\/eksjo\/wp-json\/wp\/v2\/pages\/816\/revisions"}],"predecessor-version":[{"id":999,"href":"https:\/\/krets.jagareforbundet.se\/eksjo\/wp-json\/wp\/v2\/pages\/816\/revisions\/999"}],"up":[{"embeddable":true,"href":"https:\/\/krets.jagareforbundet.se\/eksjo\/wp-json\/wp\/v2\/pages\/812"}],"wp:attachment":[{"href":"https:\/\/krets.jagareforbundet.se\/eksjo\/wp-json\/wp\/v2\/media?parent=816"}],"curies":[{"name":"wp","href":"https:\/\/api.w.org\/{rel}","templated":true}]}}