{"id":821,"date":"2021-02-26T23:17:22","date_gmt":"2021-02-26T22:17:22","guid":{"rendered":"https:\/\/krets.jagareforbundet.se\/eksjo\/?page_id=821"},"modified":"2021-04-10T16:12:36","modified_gmt":"2021-04-10T14:12:36","slug":"bello-jaktskytteklubb","status":"publish","type":"page","link":"https:\/\/krets.jagareforbundet.se\/eksjo\/organisationer-inom-eksjo-jaktvardskrets\/bello-jaktskytteklubb\/","title":{"rendered":"Bell\u00f6 jaktskytteklubb"},"content":{"rendered":"<p>Bell\u00f6 jaktskytteklubb \u00e4r bel\u00e4gen i Borstrulla socken och bildades 1970. F\u00f6reningen har ett 70-tal medlemmar och bedriver i huvudsak tr\u00e4ningsskytte p\u00e5 klubbens \u00e4lgbana.<br \/>\nUt\u00f6ver f\u00f6reningens medlemmar finns \u00e4ven m\u00f6jlighet f\u00f6r lokala jaktlag att boka klubbens tr\u00e4ningsanl\u00e4ggning f\u00f6r skytte inf\u00f6r \u00e5rets jakter.<\/p>\n<p>Klubbens f\u00f6rhoppning \u00e4r att \u00e4lgbanan som idag \u00e4r utrustad med skottsensor f\u00f6r automatiskt start kommer att uppdateras med nytt digitalt markeringssystem inom snar framtid.<\/p>\n<p>F\u00f6reningen som h\u00e5lls ig\u00e5ng p\u00e5 ideell basis f\u00e5r ut\u00f6ver medlemsavgifterna in pengar fr\u00e5n deras deltagande p\u00e5 Bell\u00f6 marknad d\u00e4r de s\u00e4ljer korv fr\u00e5n klubbens r\u00f6da &#8221;korvvagn&#8221; som varit en trogen medlem i m\u00e5nga \u00e5r.<\/p>\n<p>Kontaktpersoner:<\/p>\n<p>Ordf\u00f6rande<br \/>\nFredrik Evertsson<br \/>\n070-323 92 51<br \/>\nfredrik-e@hotmail.com<\/p>\n<p>Sekreterare<br \/>\nJohan Wede<br \/>\n070-230 82 12<br \/>\nJohan.wede@telia.com<\/p>\n<p>Kass\u00f6r<br \/>\nTorgny Evertsson<br \/>\n070-323 92 44<br \/>\nhakarp@outlook.com<\/p>\n<p><strong>\u00a0 \u00a0<\/strong><\/p>\n<p>&nbsp;<\/p>\n","protected":false},"excerpt":{"rendered":"<p>Bell\u00f6 jaktskytteklubb \u00e4r bel\u00e4gen i Borstrulla socken och bildades 1970. F\u00f6reningen har ett 70-tal medlemmar och bedriver i huvudsak tr\u00e4ningsskytte p\u00e5 klubbens \u00e4lgbana. Ut\u00f6ver f\u00f6reningens medlemmar finns \u00e4ven m\u00f6jlighet f\u00f6r lokala jaktlag att boka klubbens tr\u00e4ningsanl\u00e4ggning f\u00f6r skytte inf\u00f6r \u00e5rets jakter. Klubbens f\u00f6rhoppning \u00e4r att \u00e4lgbanan som idag \u00e4r utrustad med skottsensor f\u00f6r automatiskt start [&hellip;]<\/p>\n","protected":false},"author":39,"featured_media":0,"parent":819,"menu_order":0,"comment_status":"closed","ping_status":"closed","template":"","meta":{"footnotes":""},"class_list":["post-821","page","type-page","status-publish","hentry"],"_links":{"self":[{"href":"https:\/\/krets.jagareforbundet.se\/eksjo\/wp-json\/wp\/v2\/pages\/821","targetHints":{"allow":["GET"]}}],"collection":[{"href":"https:\/\/krets.jagareforbundet.se\/eksjo\/wp-json\/wp\/v2\/pages"}],"about":[{"href":"https:\/\/krets.jagareforbundet.se\/eksjo\/wp-json\/wp\/v2\/types\/page"}],"author":[{"embeddable":true,"href":"https:\/\/krets.jagareforbundet.se\/eksjo\/wp-json\/wp\/v2\/users\/39"}],"replies":[{"embeddable":true,"href":"https:\/\/krets.jagareforbundet.se\/eksjo\/wp-json\/wp\/v2\/comments?post=821"}],"version-history":[{"count":3,"href":"https:\/\/krets.jagareforbundet.se\/eksjo\/wp-json\/wp\/v2\/pages\/821\/revisions"}],"predecessor-version":[{"id":1182,"href":"https:\/\/krets.jagareforbundet.se\/eksjo\/wp-json\/wp\/v2\/pages\/821\/revisions\/1182"}],"up":[{"embeddable":true,"href":"https:\/\/krets.jagareforbundet.se\/eksjo\/wp-json\/wp\/v2\/pages\/819"}],"wp:attachment":[{"href":"https:\/\/krets.jagareforbundet.se\/eksjo\/wp-json\/wp\/v2\/media?parent=821"}],"curies":[{"name":"wp","href":"https:\/\/api.w.org\/{rel}","templated":true}]}}