{"id":825,"date":"2021-02-26T23:18:05","date_gmt":"2021-02-26T22:18:05","guid":{"rendered":"https:\/\/krets.jagareforbundet.se\/eksjo\/?page_id=825"},"modified":"2021-04-10T16:17:17","modified_gmt":"2021-04-10T14:17:17","slug":"eksjonejdens-jaktvardsforening","status":"publish","type":"page","link":"https:\/\/krets.jagareforbundet.se\/eksjo\/organisationer-inom-eksjo-jaktvardskrets\/eksjonejdens-jaktvardsforening\/","title":{"rendered":"Eksj\u00f6nejdens Jaktv\u00e5rdsf\u00f6rening"},"content":{"rendered":"<p>Eksj\u00f6nejdens jaktv\u00e5rdsf\u00f6rening har sin verksamhet p\u00e5 J\u00e4gareg\u00e5rden i Eksj\u00f6 d\u00e4r de erbjuder v\u00e4lsk\u00f6tta banor och m\u00f6jlighet till tr\u00e4ning huvuddelen av \u00e5rets dagar.<br \/>\nTryck <a href=\"http:\/\/www.eksjonejdensjvf.se\/\">h\u00e4r<\/a> f\u00f6r att komma till f\u00f6reningens hemsida.<\/p>\n<p>J\u00e4gareg\u00e5rdens banor:<br \/>\n&#8211; \u00c4lgbana<br \/>\n&#8211; R\u00e5djursbana<br \/>\n&#8211; Skeetbana<br \/>\n&#8211; Trappbana<br \/>\n&#8211; Sportingbana<br \/>\n&#8211; Inskjutningsbana<br \/>\n&#8211; Jaktstigsm\u00e5l<\/p>\n<div id=\"attachment_1178\" style=\"width: 769px\" class=\"wp-caption alignleft\"><img loading=\"lazy\" decoding=\"async\" aria-describedby=\"caption-attachment-1178\" class=\" wp-image-1178\" src=\"https:\/\/krets.jagareforbundet.se\/eksjo\/files\/2021\/04\/Jagaregarden-Eksjo.jpg\" alt=\"\" width=\"759\" height=\"569\" srcset=\"https:\/\/krets.jagareforbundet.se\/eksjo\/files\/2021\/04\/Jagaregarden-Eksjo.jpg 1024w, https:\/\/krets.jagareforbundet.se\/eksjo\/files\/2021\/04\/Jagaregarden-Eksjo-300x225.jpg 300w, https:\/\/krets.jagareforbundet.se\/eksjo\/files\/2021\/04\/Jagaregarden-Eksjo-768x576.jpg 768w\" sizes=\"auto, (max-width: 759px) 100vw, 759px\" \/><p id=\"caption-attachment-1178\" class=\"wp-caption-text\">Foto: Eksj\u00f6nejdens jaktv\u00e5rdsf\u00f6rening<\/p><\/div>\n<p>&nbsp;<\/p>\n<p>&nbsp;<\/p>\n<p>&nbsp;<\/p>\n<p>&nbsp;<\/p>\n","protected":false},"excerpt":{"rendered":"<p>Eksj\u00f6nejdens jaktv\u00e5rdsf\u00f6rening har sin verksamhet p\u00e5 J\u00e4gareg\u00e5rden i Eksj\u00f6 d\u00e4r de erbjuder v\u00e4lsk\u00f6tta banor och m\u00f6jlighet till tr\u00e4ning huvuddelen av \u00e5rets dagar. Tryck h\u00e4r f\u00f6r att komma till f\u00f6reningens hemsida. J\u00e4gareg\u00e5rdens banor: &#8211; \u00c4lgbana &#8211; R\u00e5djursbana &#8211; Skeetbana &#8211; Trappbana &#8211; Sportingbana &#8211; Inskjutningsbana &#8211; Jaktstigsm\u00e5l &nbsp; &nbsp; &nbsp; &nbsp;<\/p>\n","protected":false},"author":39,"featured_media":0,"parent":819,"menu_order":0,"comment_status":"closed","ping_status":"closed","template":"","meta":{"footnotes":""},"class_list":["post-825","page","type-page","status-publish","hentry"],"_links":{"self":[{"href":"https:\/\/krets.jagareforbundet.se\/eksjo\/wp-json\/wp\/v2\/pages\/825","targetHints":{"allow":["GET"]}}],"collection":[{"href":"https:\/\/krets.jagareforbundet.se\/eksjo\/wp-json\/wp\/v2\/pages"}],"about":[{"href":"https:\/\/krets.jagareforbundet.se\/eksjo\/wp-json\/wp\/v2\/types\/page"}],"author":[{"embeddable":true,"href":"https:\/\/krets.jagareforbundet.se\/eksjo\/wp-json\/wp\/v2\/users\/39"}],"replies":[{"embeddable":true,"href":"https:\/\/krets.jagareforbundet.se\/eksjo\/wp-json\/wp\/v2\/comments?post=825"}],"version-history":[{"count":4,"href":"https:\/\/krets.jagareforbundet.se\/eksjo\/wp-json\/wp\/v2\/pages\/825\/revisions"}],"predecessor-version":[{"id":1183,"href":"https:\/\/krets.jagareforbundet.se\/eksjo\/wp-json\/wp\/v2\/pages\/825\/revisions\/1183"}],"up":[{"embeddable":true,"href":"https:\/\/krets.jagareforbundet.se\/eksjo\/wp-json\/wp\/v2\/pages\/819"}],"wp:attachment":[{"href":"https:\/\/krets.jagareforbundet.se\/eksjo\/wp-json\/wp\/v2\/media?parent=825"}],"curies":[{"name":"wp","href":"https:\/\/api.w.org\/{rel}","templated":true}]}}