{"id":833,"date":"2021-02-26T23:19:41","date_gmt":"2021-02-26T22:19:41","guid":{"rendered":"https:\/\/krets.jagareforbundet.se\/eksjo\/?page_id=833"},"modified":"2021-03-01T17:44:06","modified_gmt":"2021-03-01T16:44:06","slug":"horedaortens-jaktvardsforening","status":"publish","type":"page","link":"https:\/\/krets.jagareforbundet.se\/eksjo\/organisationer-inom-eksjo-jaktvardskrets\/horedaortens-jaktvardsforening\/","title":{"rendered":"H\u00f6redaortens jaktv\u00e5rdsf\u00f6rening"},"content":{"rendered":"<p>Kontaktperson:<\/p>\n<p><strong>Stefan Yngvesson<\/strong><br \/>\nUvhemet<br \/>\n575 95 Eksj\u00f6<br \/>\nTel: 076 \u2013 63 47 215<br \/>\nMail: stefan.yngvesson@gmail.se<\/p>\n","protected":false},"excerpt":{"rendered":"<p>Kontaktperson: Stefan Yngvesson Uvhemet 575 95 Eksj\u00f6 Tel: 076 \u2013 63 47 215 Mail: stefan.yngvesson@gmail.se<\/p>\n","protected":false},"author":39,"featured_media":0,"parent":819,"menu_order":0,"comment_status":"closed","ping_status":"closed","template":"","meta":{"footnotes":""},"class_list":["post-833","page","type-page","status-publish","hentry"],"_links":{"self":[{"href":"https:\/\/krets.jagareforbundet.se\/eksjo\/wp-json\/wp\/v2\/pages\/833","targetHints":{"allow":["GET"]}}],"collection":[{"href":"https:\/\/krets.jagareforbundet.se\/eksjo\/wp-json\/wp\/v2\/pages"}],"about":[{"href":"https:\/\/krets.jagareforbundet.se\/eksjo\/wp-json\/wp\/v2\/types\/page"}],"author":[{"embeddable":true,"href":"https:\/\/krets.jagareforbundet.se\/eksjo\/wp-json\/wp\/v2\/users\/39"}],"replies":[{"embeddable":true,"href":"https:\/\/krets.jagareforbundet.se\/eksjo\/wp-json\/wp\/v2\/comments?post=833"}],"version-history":[{"count":3,"href":"https:\/\/krets.jagareforbundet.se\/eksjo\/wp-json\/wp\/v2\/pages\/833\/revisions"}],"predecessor-version":[{"id":978,"href":"https:\/\/krets.jagareforbundet.se\/eksjo\/wp-json\/wp\/v2\/pages\/833\/revisions\/978"}],"up":[{"embeddable":true,"href":"https:\/\/krets.jagareforbundet.se\/eksjo\/wp-json\/wp\/v2\/pages\/819"}],"wp:attachment":[{"href":"https:\/\/krets.jagareforbundet.se\/eksjo\/wp-json\/wp\/v2\/media?parent=833"}],"curies":[{"name":"wp","href":"https:\/\/api.w.org\/{rel}","templated":true}]}}