{"id":835,"date":"2021-02-26T23:23:05","date_gmt":"2021-02-26T22:23:05","guid":{"rendered":"https:\/\/krets.jagareforbundet.se\/eksjo\/?page_id=835"},"modified":"2021-03-02T10:50:41","modified_gmt":"2021-03-02T09:50:41","slug":"ungdom","status":"publish","type":"page","link":"https:\/\/krets.jagareforbundet.se\/eksjo\/ungdom\/","title":{"rendered":"Ungdom"},"content":{"rendered":"<p>Vi i Svenska J\u00e4garef\u00f6rbundet vill att du som \u00e4r ung och jaktintresserad ska f\u00e5 m\u00f6jlighet att utvecklas som j\u00e4gare. Vi vill hj\u00e4lpa dig att skaffa dig mer kunskap om jakt, skytte, natur och viltv\u00e5rd.<br \/>\nL\u00e4s mer om det p\u00e5 f\u00f6rbundets hemsida genom att trycka <a href=\"https:\/\/jagareforbundet.se\/jakt\/ungdom\/\">h\u00e4r<\/a> eller v\u00e4lj kategorisering i menyn f\u00f6r relevant information f\u00f6r dig som ungdom i kretsen.<\/p>\n<div id=\"attachment_939\" style=\"width: 310px\" class=\"wp-caption alignleft\"><a href=\"https:\/\/krets.jagareforbundet.se\/eksjo\/files\/2021\/03\/BusjonAlgjaktCalleFranklinA.jpg\"><img loading=\"lazy\" decoding=\"async\" aria-describedby=\"caption-attachment-939\" class=\"size-medium wp-image-939\" src=\"https:\/\/krets.jagareforbundet.se\/eksjo\/files\/2021\/03\/BusjonAlgjaktCalleFranklinA-300x225.jpg\" alt=\"\" width=\"300\" height=\"225\" srcset=\"https:\/\/krets.jagareforbundet.se\/eksjo\/files\/2021\/03\/BusjonAlgjaktCalleFranklinA-300x225.jpg 300w, https:\/\/krets.jagareforbundet.se\/eksjo\/files\/2021\/03\/BusjonAlgjaktCalleFranklinA-1024x768.jpg 1024w, https:\/\/krets.jagareforbundet.se\/eksjo\/files\/2021\/03\/BusjonAlgjaktCalleFranklinA-768x576.jpg 768w, https:\/\/krets.jagareforbundet.se\/eksjo\/files\/2021\/03\/BusjonAlgjaktCalleFranklinA-1536x1152.jpg 1536w, https:\/\/krets.jagareforbundet.se\/eksjo\/files\/2021\/03\/BusjonAlgjaktCalleFranklinA.jpg 1984w\" sizes=\"auto, (max-width: 300px) 100vw, 300px\" \/><\/a><p id=\"caption-attachment-939\" class=\"wp-caption-text\">Foto: calle Franklin<\/p><\/div>\n","protected":false},"excerpt":{"rendered":"<p>Vi i Svenska J\u00e4garef\u00f6rbundet vill att du som \u00e4r ung och jaktintresserad ska f\u00e5 m\u00f6jlighet att utvecklas som j\u00e4gare. Vi vill hj\u00e4lpa dig att skaffa dig mer kunskap om jakt, skytte, natur och viltv\u00e5rd. L\u00e4s mer om det p\u00e5 f\u00f6rbundets hemsida genom att trycka h\u00e4r eller v\u00e4lj kategorisering i menyn f\u00f6r relevant information f\u00f6r dig [&hellip;]<\/p>\n","protected":false},"author":39,"featured_media":0,"parent":0,"menu_order":1,"comment_status":"closed","ping_status":"closed","template":"","meta":{"footnotes":""},"class_list":["post-835","page","type-page","status-publish","hentry"],"_links":{"self":[{"href":"https:\/\/krets.jagareforbundet.se\/eksjo\/wp-json\/wp\/v2\/pages\/835","targetHints":{"allow":["GET"]}}],"collection":[{"href":"https:\/\/krets.jagareforbundet.se\/eksjo\/wp-json\/wp\/v2\/pages"}],"about":[{"href":"https:\/\/krets.jagareforbundet.se\/eksjo\/wp-json\/wp\/v2\/types\/page"}],"author":[{"embeddable":true,"href":"https:\/\/krets.jagareforbundet.se\/eksjo\/wp-json\/wp\/v2\/users\/39"}],"replies":[{"embeddable":true,"href":"https:\/\/krets.jagareforbundet.se\/eksjo\/wp-json\/wp\/v2\/comments?post=835"}],"version-history":[{"count":4,"href":"https:\/\/krets.jagareforbundet.se\/eksjo\/wp-json\/wp\/v2\/pages\/835\/revisions"}],"predecessor-version":[{"id":1057,"href":"https:\/\/krets.jagareforbundet.se\/eksjo\/wp-json\/wp\/v2\/pages\/835\/revisions\/1057"}],"wp:attachment":[{"href":"https:\/\/krets.jagareforbundet.se\/eksjo\/wp-json\/wp\/v2\/media?parent=835"}],"curies":[{"name":"wp","href":"https:\/\/api.w.org\/{rel}","templated":true}]}}