{"id":837,"date":"2021-02-26T23:24:10","date_gmt":"2021-02-26T22:24:10","guid":{"rendered":"https:\/\/krets.jagareforbundet.se\/eksjo\/?page_id=837"},"modified":"2021-03-01T19:19:06","modified_gmt":"2021-03-01T18:19:06","slug":"jagarexamen","status":"publish","type":"page","link":"https:\/\/krets.jagareforbundet.se\/eksjo\/ungdom\/jagarexamen\/","title":{"rendered":"J\u00e4garexamen"},"content":{"rendered":"<p>Sugen p\u00e5 j\u00e4garexamen? L\u00e4s mer om detta under kategorin <a href=\"https:\/\/krets.jagareforbundet.se\/eksjo\/utbildning\/jagarexamen\/\">utbildning<\/a>.<\/p>\n<div id=\"attachment_971\" style=\"width: 874px\" class=\"wp-caption alignleft\"><a href=\"https:\/\/krets.jagareforbundet.se\/eksjo\/files\/2021\/03\/lugn_jagarskolan_webb2.jpg\"><img loading=\"lazy\" decoding=\"async\" aria-describedby=\"caption-attachment-971\" class=\" wp-image-971\" src=\"https:\/\/krets.jagareforbundet.se\/eksjo\/files\/2021\/03\/lugn_jagarskolan_webb2-300x152.jpg\" alt=\"\" width=\"864\" height=\"438\" srcset=\"https:\/\/krets.jagareforbundet.se\/eksjo\/files\/2021\/03\/lugn_jagarskolan_webb2-300x152.jpg 300w, https:\/\/krets.jagareforbundet.se\/eksjo\/files\/2021\/03\/lugn_jagarskolan_webb2-768x390.jpg 768w, https:\/\/krets.jagareforbundet.se\/eksjo\/files\/2021\/03\/lugn_jagarskolan_webb2.jpg 985w\" sizes=\"auto, (max-width: 864px) 100vw, 864px\" \/><\/a><p id=\"caption-attachment-971\" class=\"wp-caption-text\">Foto: Svenska J\u00e4garef\u00f6rbundet<\/p><\/div>\n","protected":false},"excerpt":{"rendered":"<p>Sugen p\u00e5 j\u00e4garexamen? L\u00e4s mer om detta under kategorin utbildning.<\/p>\n","protected":false},"author":39,"featured_media":0,"parent":835,"menu_order":0,"comment_status":"closed","ping_status":"closed","template":"","meta":{"footnotes":""},"class_list":["post-837","page","type-page","status-publish","hentry"],"_links":{"self":[{"href":"https:\/\/krets.jagareforbundet.se\/eksjo\/wp-json\/wp\/v2\/pages\/837","targetHints":{"allow":["GET"]}}],"collection":[{"href":"https:\/\/krets.jagareforbundet.se\/eksjo\/wp-json\/wp\/v2\/pages"}],"about":[{"href":"https:\/\/krets.jagareforbundet.se\/eksjo\/wp-json\/wp\/v2\/types\/page"}],"author":[{"embeddable":true,"href":"https:\/\/krets.jagareforbundet.se\/eksjo\/wp-json\/wp\/v2\/users\/39"}],"replies":[{"embeddable":true,"href":"https:\/\/krets.jagareforbundet.se\/eksjo\/wp-json\/wp\/v2\/comments?post=837"}],"version-history":[{"count":4,"href":"https:\/\/krets.jagareforbundet.se\/eksjo\/wp-json\/wp\/v2\/pages\/837\/revisions"}],"predecessor-version":[{"id":993,"href":"https:\/\/krets.jagareforbundet.se\/eksjo\/wp-json\/wp\/v2\/pages\/837\/revisions\/993"}],"up":[{"embeddable":true,"href":"https:\/\/krets.jagareforbundet.se\/eksjo\/wp-json\/wp\/v2\/pages\/835"}],"wp:attachment":[{"href":"https:\/\/krets.jagareforbundet.se\/eksjo\/wp-json\/wp\/v2\/media?parent=837"}],"curies":[{"name":"wp","href":"https:\/\/api.w.org\/{rel}","templated":true}]}}