{"id":839,"date":"2021-02-26T23:24:37","date_gmt":"2021-02-26T22:24:37","guid":{"rendered":"https:\/\/krets.jagareforbundet.se\/eksjo\/?page_id=839"},"modified":"2021-03-01T16:25:14","modified_gmt":"2021-03-01T15:25:14","slug":"ungdomsjakter","status":"publish","type":"page","link":"https:\/\/krets.jagareforbundet.se\/eksjo\/ungdom\/ungdomsjakter\/","title":{"rendered":"Ungdomsjakter"},"content":{"rendered":"<p>P\u00e5 Skedhult anordnas ett flertal jakter varje \u00e5r f\u00f6r ungdomar som \u00e4r medlemmar i f\u00f6rbundet.<br \/>\nInformation om jakter 2021\/2022 kommer i h\u00f6st.<\/p>\n<div id=\"attachment_945\" style=\"width: 310px\" class=\"wp-caption alignleft\"><a href=\"https:\/\/krets.jagareforbundet.se\/eksjo\/files\/2021\/03\/ungajagare_algjakt_hanna_o-scaled.jpg\"><img loading=\"lazy\" decoding=\"async\" aria-describedby=\"caption-attachment-945\" class=\"size-medium wp-image-945\" src=\"https:\/\/krets.jagareforbundet.se\/eksjo\/files\/2021\/03\/ungajagare_algjakt_hanna_o-300x201.jpg\" alt=\"\" width=\"300\" height=\"201\" srcset=\"https:\/\/krets.jagareforbundet.se\/eksjo\/files\/2021\/03\/ungajagare_algjakt_hanna_o-300x201.jpg 300w, https:\/\/krets.jagareforbundet.se\/eksjo\/files\/2021\/03\/ungajagare_algjakt_hanna_o-1024x685.jpg 1024w, https:\/\/krets.jagareforbundet.se\/eksjo\/files\/2021\/03\/ungajagare_algjakt_hanna_o-768x514.jpg 768w, https:\/\/krets.jagareforbundet.se\/eksjo\/files\/2021\/03\/ungajagare_algjakt_hanna_o-1536x1028.jpg 1536w, https:\/\/krets.jagareforbundet.se\/eksjo\/files\/2021\/03\/ungajagare_algjakt_hanna_o-2048x1371.jpg 2048w\" sizes=\"auto, (max-width: 300px) 100vw, 300px\" \/><\/a><p id=\"caption-attachment-945\" class=\"wp-caption-text\">Foto: Hanna Oscarsson<\/p><\/div>\n","protected":false},"excerpt":{"rendered":"<p>P\u00e5 Skedhult anordnas ett flertal jakter varje \u00e5r f\u00f6r ungdomar som \u00e4r medlemmar i f\u00f6rbundet. Information om jakter 2021\/2022 kommer i h\u00f6st.<\/p>\n","protected":false},"author":39,"featured_media":0,"parent":835,"menu_order":0,"comment_status":"closed","ping_status":"closed","template":"","meta":{"footnotes":""},"class_list":["post-839","page","type-page","status-publish","hentry"],"_links":{"self":[{"href":"https:\/\/krets.jagareforbundet.se\/eksjo\/wp-json\/wp\/v2\/pages\/839","targetHints":{"allow":["GET"]}}],"collection":[{"href":"https:\/\/krets.jagareforbundet.se\/eksjo\/wp-json\/wp\/v2\/pages"}],"about":[{"href":"https:\/\/krets.jagareforbundet.se\/eksjo\/wp-json\/wp\/v2\/types\/page"}],"author":[{"embeddable":true,"href":"https:\/\/krets.jagareforbundet.se\/eksjo\/wp-json\/wp\/v2\/users\/39"}],"replies":[{"embeddable":true,"href":"https:\/\/krets.jagareforbundet.se\/eksjo\/wp-json\/wp\/v2\/comments?post=839"}],"version-history":[{"count":3,"href":"https:\/\/krets.jagareforbundet.se\/eksjo\/wp-json\/wp\/v2\/pages\/839\/revisions"}],"predecessor-version":[{"id":946,"href":"https:\/\/krets.jagareforbundet.se\/eksjo\/wp-json\/wp\/v2\/pages\/839\/revisions\/946"}],"up":[{"embeddable":true,"href":"https:\/\/krets.jagareforbundet.se\/eksjo\/wp-json\/wp\/v2\/pages\/835"}],"wp:attachment":[{"href":"https:\/\/krets.jagareforbundet.se\/eksjo\/wp-json\/wp\/v2\/media?parent=839"}],"curies":[{"name":"wp","href":"https:\/\/api.w.org\/{rel}","templated":true}]}}