{"id":841,"date":"2021-02-26T23:25:02","date_gmt":"2021-02-26T22:25:02","guid":{"rendered":"https:\/\/krets.jagareforbundet.se\/eksjo\/?page_id=841"},"modified":"2021-03-01T16:20:42","modified_gmt":"2021-03-01T15:20:42","slug":"ung-jagare","status":"publish","type":"page","link":"https:\/\/krets.jagareforbundet.se\/eksjo\/ungdom\/ung-jagare\/","title":{"rendered":"Ung j\u00e4gare"},"content":{"rendered":"<p>Svenska J\u00e4garef\u00f6rbundet vill att du som \u00e4r ung och jaktintresserad ska f\u00e5 m\u00f6jlighet att utvecklas som j\u00e4gare. Vi vill hj\u00e4lpa dig att skaffa mer kunskap om jakt, skytte, natur och viltv\u00e5rd. L\u00e4s mer om detta och n\u00e4tverket ung j\u00e4gare genom att trycka <a href=\"https:\/\/jagareforbundet.se\/jakt\/ungdom\/unga-jagare\/\">h\u00e4r<\/a>.<\/p>\n<div id=\"attachment_941\" style=\"width: 310px\" class=\"wp-caption alignleft\"><a href=\"https:\/\/krets.jagareforbundet.se\/eksjo\/files\/2021\/03\/ungjagare-scaled.jpg\"><img loading=\"lazy\" decoding=\"async\" aria-describedby=\"caption-attachment-941\" class=\"size-medium wp-image-941\" src=\"https:\/\/krets.jagareforbundet.se\/eksjo\/files\/2021\/03\/ungjagare-300x199.jpg\" alt=\"\" width=\"300\" height=\"199\" srcset=\"https:\/\/krets.jagareforbundet.se\/eksjo\/files\/2021\/03\/ungjagare-300x199.jpg 300w, https:\/\/krets.jagareforbundet.se\/eksjo\/files\/2021\/03\/ungjagare-1024x678.jpg 1024w, https:\/\/krets.jagareforbundet.se\/eksjo\/files\/2021\/03\/ungjagare-768x509.jpg 768w, https:\/\/krets.jagareforbundet.se\/eksjo\/files\/2021\/03\/ungjagare-1536x1017.jpg 1536w, https:\/\/krets.jagareforbundet.se\/eksjo\/files\/2021\/03\/ungjagare-2048x1356.jpg 2048w\" sizes=\"auto, (max-width: 300px) 100vw, 300px\" \/><\/a><p id=\"caption-attachment-941\" class=\"wp-caption-text\">Foto: Madeleine Lewander<\/p><\/div>\n","protected":false},"excerpt":{"rendered":"<p>Svenska J\u00e4garef\u00f6rbundet vill att du som \u00e4r ung och jaktintresserad ska f\u00e5 m\u00f6jlighet att utvecklas som j\u00e4gare. Vi vill hj\u00e4lpa dig att skaffa mer kunskap om jakt, skytte, natur och viltv\u00e5rd. L\u00e4s mer om detta och n\u00e4tverket ung j\u00e4gare genom att trycka h\u00e4r.<\/p>\n","protected":false},"author":39,"featured_media":0,"parent":835,"menu_order":0,"comment_status":"closed","ping_status":"closed","template":"","meta":{"footnotes":""},"class_list":["post-841","page","type-page","status-publish","hentry"],"_links":{"self":[{"href":"https:\/\/krets.jagareforbundet.se\/eksjo\/wp-json\/wp\/v2\/pages\/841","targetHints":{"allow":["GET"]}}],"collection":[{"href":"https:\/\/krets.jagareforbundet.se\/eksjo\/wp-json\/wp\/v2\/pages"}],"about":[{"href":"https:\/\/krets.jagareforbundet.se\/eksjo\/wp-json\/wp\/v2\/types\/page"}],"author":[{"embeddable":true,"href":"https:\/\/krets.jagareforbundet.se\/eksjo\/wp-json\/wp\/v2\/users\/39"}],"replies":[{"embeddable":true,"href":"https:\/\/krets.jagareforbundet.se\/eksjo\/wp-json\/wp\/v2\/comments?post=841"}],"version-history":[{"count":3,"href":"https:\/\/krets.jagareforbundet.se\/eksjo\/wp-json\/wp\/v2\/pages\/841\/revisions"}],"predecessor-version":[{"id":942,"href":"https:\/\/krets.jagareforbundet.se\/eksjo\/wp-json\/wp\/v2\/pages\/841\/revisions\/942"}],"up":[{"embeddable":true,"href":"https:\/\/krets.jagareforbundet.se\/eksjo\/wp-json\/wp\/v2\/pages\/835"}],"wp:attachment":[{"href":"https:\/\/krets.jagareforbundet.se\/eksjo\/wp-json\/wp\/v2\/media?parent=841"}],"curies":[{"name":"wp","href":"https:\/\/api.w.org\/{rel}","templated":true}]}}