{"id":850,"date":"2021-02-26T23:39:59","date_gmt":"2021-02-26T22:39:59","guid":{"rendered":"https:\/\/krets.jagareforbundet.se\/eksjo\/?page_id=850"},"modified":"2021-03-01T19:26:47","modified_gmt":"2021-03-01T18:26:47","slug":"rovdjursrapportering","status":"publish","type":"page","link":"https:\/\/krets.jagareforbundet.se\/eksjo\/rapporteringar-anmalningar\/rovdjursrapportering\/","title":{"rendered":"Rovviltsrapportering"},"content":{"rendered":"<p>Har man gjort en observation av bj\u00f6rn, varg, lodjur eller j\u00e4rv \u00e4r det viktigt att rapportera detta. Det g\u00f6r man p\u00e5 <a href=\"https:\/\/www.skandobs.se\/\">Scandobs.se<\/a><\/p>\n<p>En observation \u00e4r tillexempel:<br \/>\n&#8211; sp\u00e5r<br \/>\n&#8211; synobservation<br \/>\n&#8211; spillning<br \/>\n&#8211; d\u00f6tt eller skadat byte<br \/>\n&#8211; lya\/ide<br \/>\n&#8211; d\u00f6tt rovdjur<\/p>\n<p><strong><span style=\"color: #000000\">Kretsens Roviltsansvariga:<\/span><\/strong><br \/>\nPeter Nordstr\u00f6m 070-811 81 73, lilla.fagerhult@gmail.com<br \/>\nLars Olofsson Kjellberg 070-337 36 10<\/p>\n<div id=\"attachment_996\" style=\"width: 456px\" class=\"wp-caption alignleft\"><a href=\"https:\/\/krets.jagareforbundet.se\/eksjo\/files\/2021\/03\/30346929-wild-cat-in-the-forest-lynx-in-the-nature-forest-scaled.jpg\"><img loading=\"lazy\" decoding=\"async\" aria-describedby=\"caption-attachment-996\" class=\" wp-image-996\" src=\"https:\/\/krets.jagareforbundet.se\/eksjo\/files\/2021\/03\/30346929-wild-cat-in-the-forest-lynx-in-the-nature-forest-300x200.jpg\" alt=\"\" width=\"446\" height=\"297\" srcset=\"https:\/\/krets.jagareforbundet.se\/eksjo\/files\/2021\/03\/30346929-wild-cat-in-the-forest-lynx-in-the-nature-forest-300x200.jpg 300w, https:\/\/krets.jagareforbundet.se\/eksjo\/files\/2021\/03\/30346929-wild-cat-in-the-forest-lynx-in-the-nature-forest-1024x683.jpg 1024w, https:\/\/krets.jagareforbundet.se\/eksjo\/files\/2021\/03\/30346929-wild-cat-in-the-forest-lynx-in-the-nature-forest-768x512.jpg 768w, https:\/\/krets.jagareforbundet.se\/eksjo\/files\/2021\/03\/30346929-wild-cat-in-the-forest-lynx-in-the-nature-forest-1536x1024.jpg 1536w, https:\/\/krets.jagareforbundet.se\/eksjo\/files\/2021\/03\/30346929-wild-cat-in-the-forest-lynx-in-the-nature-forest-2048x1366.jpg 2048w\" sizes=\"auto, (max-width: 446px) 100vw, 446px\" \/><\/a><p id=\"caption-attachment-996\" class=\"wp-caption-text\">Foto: Ondrej Prosicky \/ Mostphotos<\/p><\/div>\n<p>&nbsp;<\/p>\n","protected":false},"excerpt":{"rendered":"<p>Har man gjort en observation av bj\u00f6rn, varg, lodjur eller j\u00e4rv \u00e4r det viktigt att rapportera detta. Det g\u00f6r man p\u00e5 Scandobs.se En observation \u00e4r tillexempel: &#8211; sp\u00e5r &#8211; synobservation &#8211; spillning &#8211; d\u00f6tt eller skadat byte &#8211; lya\/ide &#8211; d\u00f6tt rovdjur Kretsens Roviltsansvariga: Peter Nordstr\u00f6m 070-811 81 73, lilla.fagerhult@gmail.com Lars Olofsson Kjellberg 070-337 36 [&hellip;]<\/p>\n","protected":false},"author":39,"featured_media":0,"parent":812,"menu_order":0,"comment_status":"closed","ping_status":"closed","template":"","meta":{"footnotes":""},"class_list":["post-850","page","type-page","status-publish","hentry"],"_links":{"self":[{"href":"https:\/\/krets.jagareforbundet.se\/eksjo\/wp-json\/wp\/v2\/pages\/850","targetHints":{"allow":["GET"]}}],"collection":[{"href":"https:\/\/krets.jagareforbundet.se\/eksjo\/wp-json\/wp\/v2\/pages"}],"about":[{"href":"https:\/\/krets.jagareforbundet.se\/eksjo\/wp-json\/wp\/v2\/types\/page"}],"author":[{"embeddable":true,"href":"https:\/\/krets.jagareforbundet.se\/eksjo\/wp-json\/wp\/v2\/users\/39"}],"replies":[{"embeddable":true,"href":"https:\/\/krets.jagareforbundet.se\/eksjo\/wp-json\/wp\/v2\/comments?post=850"}],"version-history":[{"count":3,"href":"https:\/\/krets.jagareforbundet.se\/eksjo\/wp-json\/wp\/v2\/pages\/850\/revisions"}],"predecessor-version":[{"id":997,"href":"https:\/\/krets.jagareforbundet.se\/eksjo\/wp-json\/wp\/v2\/pages\/850\/revisions\/997"}],"up":[{"embeddable":true,"href":"https:\/\/krets.jagareforbundet.se\/eksjo\/wp-json\/wp\/v2\/pages\/812"}],"wp:attachment":[{"href":"https:\/\/krets.jagareforbundet.se\/eksjo\/wp-json\/wp\/v2\/media?parent=850"}],"curies":[{"name":"wp","href":"https:\/\/api.w.org\/{rel}","templated":true}]}}