{"id":853,"date":"2021-02-26T23:41:58","date_gmt":"2021-02-26T22:41:58","guid":{"rendered":"https:\/\/krets.jagareforbundet.se\/eksjo\/?page_id=853"},"modified":"2021-03-01T19:16:42","modified_gmt":"2021-03-01T18:16:42","slug":"vildsvinspasset","status":"publish","type":"page","link":"https:\/\/krets.jagareforbundet.se\/eksjo\/aktiviteter\/skytte\/vildsvinspasset\/","title":{"rendered":"Vildsvinspasset"},"content":{"rendered":"<p>Vildsvinspasset \u00e4r framtaget f\u00f6r att \u00f6ka j\u00e4garens kunskaper kring vildsvinsjakt. Passet skjuts som tre olika moment f\u00f6r att motsvara olika jaktformer. Inledningsvis \u00e4r det \u00e5teljakt sedan \u00e4r det smygjakt\/spannm\u00e5lsjakt och avslutningsvis \u00e4r det l\u00f6pskott likt hundjakt\/drevjakt. Vildsvinspasset b\u00f6r avl\u00e4ggas \u00e5rligen.<br \/>\nL\u00e4s mer om vildsvinspasset genom att trycka <a href=\"https:\/\/jagareforbundet.se\/jakt\/skytte\/vildsvinspasset\/\">h\u00e4r<\/a><\/p>\n<p>De skjutbanor inom kretsen som anordnar viltsvinspasset \u00e4r:<br \/>\n&#8211; <a href=\"https:\/\/krets.jagareforbundet.se\/eksjo\/organisationer-inom-eksjo-jaktvardskrets\/edshultsortens-jaktvardsforening\/\">Edshultsortens jaktv\u00e5rdsf\u00f6rening<\/a><br \/>\n&#8211; <a href=\"https:\/\/krets.jagareforbundet.se\/eksjo\/organisationer-inom-eksjo-jaktvardskrets\/eksjonejdens-jaktvardsforening\/\">Eksj\u00f6nejdens jaktv\u00e5rdsf\u00f6rening<\/a><br \/>\n&#8211; <a href=\"https:\/\/krets.jagareforbundet.se\/eksjo\/organisationer-inom-eksjo-jaktvardskrets\/harstorps-jaktskytteklubb\/\">H\u00e4rstorps Jaktskytteklubb<\/a><br \/>\n&#8211; <a href=\"https:\/\/krets.jagareforbundet.se\/eksjo\/organisationer-inom-eksjo-jaktvardskrets\/mariannelunds-jaktvardsforening\/\">Mariannelund Jaktv\u00e5rsf\u00f6rening<\/a><\/p>\n<div id=\"attachment_966\" style=\"width: 310px\" class=\"wp-caption alignleft\"><a href=\"https:\/\/krets.jagareforbundet.se\/eksjo\/files\/2021\/03\/42406807-wild-boar-standing-on-meadow-in-snowing-nature-scaled.jpg\"><img loading=\"lazy\" decoding=\"async\" aria-describedby=\"caption-attachment-966\" class=\"size-medium wp-image-966\" src=\"https:\/\/krets.jagareforbundet.se\/eksjo\/files\/2021\/03\/42406807-wild-boar-standing-on-meadow-in-snowing-nature-300x200.jpg\" alt=\"\" width=\"300\" height=\"200\" srcset=\"https:\/\/krets.jagareforbundet.se\/eksjo\/files\/2021\/03\/42406807-wild-boar-standing-on-meadow-in-snowing-nature-300x200.jpg 300w, https:\/\/krets.jagareforbundet.se\/eksjo\/files\/2021\/03\/42406807-wild-boar-standing-on-meadow-in-snowing-nature-1024x683.jpg 1024w, https:\/\/krets.jagareforbundet.se\/eksjo\/files\/2021\/03\/42406807-wild-boar-standing-on-meadow-in-snowing-nature-768x512.jpg 768w, https:\/\/krets.jagareforbundet.se\/eksjo\/files\/2021\/03\/42406807-wild-boar-standing-on-meadow-in-snowing-nature-1536x1024.jpg 1536w, https:\/\/krets.jagareforbundet.se\/eksjo\/files\/2021\/03\/42406807-wild-boar-standing-on-meadow-in-snowing-nature-2048x1365.jpg 2048w\" sizes=\"auto, (max-width: 300px) 100vw, 300px\" \/><\/a><p id=\"caption-attachment-966\" class=\"wp-caption-text\">Foto: Wildmedia<\/p><\/div>\n","protected":false},"excerpt":{"rendered":"<p>Vildsvinspasset \u00e4r framtaget f\u00f6r att \u00f6ka j\u00e4garens kunskaper kring vildsvinsjakt. Passet skjuts som tre olika moment f\u00f6r att motsvara olika jaktformer. Inledningsvis \u00e4r det \u00e5teljakt sedan \u00e4r det smygjakt\/spannm\u00e5lsjakt och avslutningsvis \u00e4r det l\u00f6pskott likt hundjakt\/drevjakt. Vildsvinspasset b\u00f6r avl\u00e4ggas \u00e5rligen. L\u00e4s mer om vildsvinspasset genom att trycka h\u00e4r De skjutbanor inom kretsen som anordnar viltsvinspasset [&hellip;]<\/p>\n","protected":false},"author":39,"featured_media":0,"parent":804,"menu_order":0,"comment_status":"closed","ping_status":"closed","template":"","meta":{"footnotes":""},"class_list":["post-853","page","type-page","status-publish","hentry"],"_links":{"self":[{"href":"https:\/\/krets.jagareforbundet.se\/eksjo\/wp-json\/wp\/v2\/pages\/853","targetHints":{"allow":["GET"]}}],"collection":[{"href":"https:\/\/krets.jagareforbundet.se\/eksjo\/wp-json\/wp\/v2\/pages"}],"about":[{"href":"https:\/\/krets.jagareforbundet.se\/eksjo\/wp-json\/wp\/v2\/types\/page"}],"author":[{"embeddable":true,"href":"https:\/\/krets.jagareforbundet.se\/eksjo\/wp-json\/wp\/v2\/users\/39"}],"replies":[{"embeddable":true,"href":"https:\/\/krets.jagareforbundet.se\/eksjo\/wp-json\/wp\/v2\/comments?post=853"}],"version-history":[{"count":3,"href":"https:\/\/krets.jagareforbundet.se\/eksjo\/wp-json\/wp\/v2\/pages\/853\/revisions"}],"predecessor-version":[{"id":990,"href":"https:\/\/krets.jagareforbundet.se\/eksjo\/wp-json\/wp\/v2\/pages\/853\/revisions\/990"}],"up":[{"embeddable":true,"href":"https:\/\/krets.jagareforbundet.se\/eksjo\/wp-json\/wp\/v2\/pages\/804"}],"wp:attachment":[{"href":"https:\/\/krets.jagareforbundet.se\/eksjo\/wp-json\/wp\/v2\/media?parent=853"}],"curies":[{"name":"wp","href":"https:\/\/api.w.org\/{rel}","templated":true}]}}