{"id":859,"date":"2021-02-26T23:43:35","date_gmt":"2021-02-26T22:43:35","guid":{"rendered":"https:\/\/krets.jagareforbundet.se\/eksjo\/?page_id=859"},"modified":"2021-03-01T19:14:53","modified_gmt":"2021-03-01T18:14:53","slug":"skjutbanor","status":"publish","type":"page","link":"https:\/\/krets.jagareforbundet.se\/eksjo\/aktiviteter\/skytte\/skjutbanor\/","title":{"rendered":"Skjutbanor"},"content":{"rendered":"<p>Nedan listas kretsens skjutbanor. F\u00f6r mer information och kontaktuppgifter klicka nedan:<\/p>\n<ul class=\"children\">\n<li class=\"page_item page-item-821\"><a href=\"https:\/\/krets.jagareforbundet.se\/eksjo\/organisationer-inom-eksjo-jaktvardskrets\/bello-jaktskytteklubb\/\">Bell\u00f6 jaktskytteklubb<\/a><\/li>\n<li class=\"page_item page-item-823\"><a href=\"https:\/\/krets.jagareforbundet.se\/eksjo\/organisationer-inom-eksjo-jaktvardskrets\/edshultsortens-jaktvardsforening\/\">Edshultsortens jaktv\u00e5rdsf\u00f6rening<\/a><\/li>\n<li class=\"page_item page-item-825\"><a href=\"https:\/\/krets.jagareforbundet.se\/eksjo\/organisationer-inom-eksjo-jaktvardskrets\/eksjonejdens-jaktvardsforening\/\">Eksj\u00f6nejdens Jaktv\u00e5rdsf\u00f6rening<\/a><\/li>\n<li class=\"page_item page-item-827\"><a href=\"https:\/\/krets.jagareforbundet.se\/eksjo\/organisationer-inom-eksjo-jaktvardskrets\/harstorps-jaktskytteklubb\/\">H\u00e4rstorps Jaktskytteklubb<\/a><\/li>\n<li class=\"page_item page-item-833\"><a href=\"https:\/\/krets.jagareforbundet.se\/eksjo\/organisationer-inom-eksjo-jaktvardskrets\/horedaortens-jaktvardsforening\/\">H\u00f6redaortens jaktv\u00e5rdsf\u00f6rening<\/a><\/li>\n<li class=\"page_item page-item-829\"><a href=\"https:\/\/krets.jagareforbundet.se\/eksjo\/organisationer-inom-eksjo-jaktvardskrets\/mariannelunds-jaktvardsforening\/\">Mariannelunds jaktv\u00e5rdsf\u00f6rening<\/a><\/li>\n<li class=\"page_item page-item-872\"><a href=\"https:\/\/krets.jagareforbundet.se\/eksjo\/organisationer-inom-eksjo-jaktvardskrets\/mellby-jaktvardsforening\/\">Mellby jaktv\u00e5rdsf\u00f6rening<\/a><\/li>\n<\/ul>\n","protected":false},"excerpt":{"rendered":"<p>Nedan listas kretsens skjutbanor. F\u00f6r mer information och kontaktuppgifter klicka nedan: Bell\u00f6 jaktskytteklubb Edshultsortens jaktv\u00e5rdsf\u00f6rening Eksj\u00f6nejdens Jaktv\u00e5rdsf\u00f6rening H\u00e4rstorps Jaktskytteklubb H\u00f6redaortens jaktv\u00e5rdsf\u00f6rening Mariannelunds jaktv\u00e5rdsf\u00f6rening Mellby jaktv\u00e5rdsf\u00f6rening<\/p>\n","protected":false},"author":39,"featured_media":0,"parent":804,"menu_order":0,"comment_status":"closed","ping_status":"closed","template":"","meta":{"footnotes":""},"class_list":["post-859","page","type-page","status-publish","hentry"],"_links":{"self":[{"href":"https:\/\/krets.jagareforbundet.se\/eksjo\/wp-json\/wp\/v2\/pages\/859","targetHints":{"allow":["GET"]}}],"collection":[{"href":"https:\/\/krets.jagareforbundet.se\/eksjo\/wp-json\/wp\/v2\/pages"}],"about":[{"href":"https:\/\/krets.jagareforbundet.se\/eksjo\/wp-json\/wp\/v2\/types\/page"}],"author":[{"embeddable":true,"href":"https:\/\/krets.jagareforbundet.se\/eksjo\/wp-json\/wp\/v2\/users\/39"}],"replies":[{"embeddable":true,"href":"https:\/\/krets.jagareforbundet.se\/eksjo\/wp-json\/wp\/v2\/comments?post=859"}],"version-history":[{"count":3,"href":"https:\/\/krets.jagareforbundet.se\/eksjo\/wp-json\/wp\/v2\/pages\/859\/revisions"}],"predecessor-version":[{"id":989,"href":"https:\/\/krets.jagareforbundet.se\/eksjo\/wp-json\/wp\/v2\/pages\/859\/revisions\/989"}],"up":[{"embeddable":true,"href":"https:\/\/krets.jagareforbundet.se\/eksjo\/wp-json\/wp\/v2\/pages\/804"}],"wp:attachment":[{"href":"https:\/\/krets.jagareforbundet.se\/eksjo\/wp-json\/wp\/v2\/media?parent=859"}],"curies":[{"name":"wp","href":"https:\/\/api.w.org\/{rel}","templated":true}]}}