{"id":979,"date":"2021-03-01T18:50:43","date_gmt":"2021-03-01T17:50:43","guid":{"rendered":"https:\/\/krets.jagareforbundet.se\/eksjo\/?page_id=979"},"modified":"2021-03-01T19:46:17","modified_gmt":"2021-03-01T18:46:17","slug":"webbshop","status":"publish","type":"page","link":"https:\/\/krets.jagareforbundet.se\/eksjo\/webbshop\/","title":{"rendered":"Webbshop"},"content":{"rendered":"<p>P\u00e5 f\u00f6rbundets webbshop hittar du bland annat den h\u00e4r suver\u00e4na viltdragaren. in och kika genom att trycka <a href=\"https:\/\/jagare.roupez.se\/Start_publik\/Jakt___Skytte\">h\u00e4r<\/a>!<\/p>\n<div id=\"attachment_980\" style=\"width: 513px\" class=\"wp-caption alignleft\"><a href=\"https:\/\/krets.jagareforbundet.se\/eksjo\/files\/2021\/03\/WJA1009-1.png\"><img loading=\"lazy\" decoding=\"async\" aria-describedby=\"caption-attachment-980\" class=\" wp-image-980\" src=\"https:\/\/krets.jagareforbundet.se\/eksjo\/files\/2021\/03\/WJA1009-1-261x300.png\" alt=\"\" width=\"503\" height=\"578\" srcset=\"https:\/\/krets.jagareforbundet.se\/eksjo\/files\/2021\/03\/WJA1009-1-261x300.png 261w, https:\/\/krets.jagareforbundet.se\/eksjo\/files\/2021\/03\/WJA1009-1.png 580w\" sizes=\"auto, (max-width: 503px) 100vw, 503px\" \/><\/a><p id=\"caption-attachment-980\" class=\"wp-caption-text\">Foto: Svenska J\u00e4garef\u00f6rbundet<\/p><\/div>\n","protected":false},"excerpt":{"rendered":"<p>P\u00e5 f\u00f6rbundets webbshop hittar du bland annat den h\u00e4r suver\u00e4na viltdragaren. in och kika genom att trycka h\u00e4r!<\/p>\n","protected":false},"author":39,"featured_media":0,"parent":0,"menu_order":9,"comment_status":"closed","ping_status":"closed","template":"","meta":{"footnotes":""},"class_list":["post-979","page","type-page","status-publish","hentry"],"_links":{"self":[{"href":"https:\/\/krets.jagareforbundet.se\/eksjo\/wp-json\/wp\/v2\/pages\/979","targetHints":{"allow":["GET"]}}],"collection":[{"href":"https:\/\/krets.jagareforbundet.se\/eksjo\/wp-json\/wp\/v2\/pages"}],"about":[{"href":"https:\/\/krets.jagareforbundet.se\/eksjo\/wp-json\/wp\/v2\/types\/page"}],"author":[{"embeddable":true,"href":"https:\/\/krets.jagareforbundet.se\/eksjo\/wp-json\/wp\/v2\/users\/39"}],"replies":[{"embeddable":true,"href":"https:\/\/krets.jagareforbundet.se\/eksjo\/wp-json\/wp\/v2\/comments?post=979"}],"version-history":[{"count":3,"href":"https:\/\/krets.jagareforbundet.se\/eksjo\/wp-json\/wp\/v2\/pages\/979\/revisions"}],"predecessor-version":[{"id":1011,"href":"https:\/\/krets.jagareforbundet.se\/eksjo\/wp-json\/wp\/v2\/pages\/979\/revisions\/1011"}],"wp:attachment":[{"href":"https:\/\/krets.jagareforbundet.se\/eksjo\/wp-json\/wp\/v2\/media?parent=979"}],"curies":[{"name":"wp","href":"https:\/\/api.w.org\/{rel}","templated":true}]}}