{"id":151,"date":"2013-03-31T10:45:38","date_gmt":"2013-03-31T08:45:38","guid":{"rendered":"https:\/\/krets.jagareforbundet.se\/falbygden\/?page_id=151"},"modified":"2014-06-15T11:48:36","modified_gmt":"2014-06-15T09:48:36","slug":"skytte","status":"publish","type":"page","link":"https:\/\/krets.jagareforbundet.se\/falbygden\/skytte\/","title":{"rendered":"Jaktskytte"},"content":{"rendered":"<p><strong><span style=\"text-decoration: underline\">Sture Nilsson Solberga Lyckhem 52043 \u00c5sarp 0515-54049\u00a0 070-5723923<\/span><\/strong><\/p>\n<p><strong><span style=\"text-decoration: underline\">John-Erik Fridh J\u00e4ttene Folkag\u00e5rden 2\u00a0 52194 Falk\u00f6ping 0515-720666\u00a0 070-5499166<\/span><\/strong><\/p>\n<p>&nbsp;<\/p>\n<p align=\"center\"><strong>V\u00c4LKOMMEN TILL SKJUTBANAN<\/strong><\/p>\n<p align=\"center\">9\u00a0augusti 2014 kl 09.00 &#8211; 13,00 har Falbygdens Jvk tillsammans med Falk\u00f6pings jaktskytteklubb och Studiefr\u00e4mjandet \u00f6ppethus p\u00e5 skjutbanan i Falk\u00f6ping.<\/p>\n<p>Du kommer d\u00e5 ha m\u00f6jlighet att prova p\u00e5 olika sorters skytte bl.a trap, mini\u00e4lg, grisbana och pistol.<\/p>\n<p>F\u00f6r dig som \u00e4r hundintresserad s\u00e5 kommer det \u00e4ven att finnas m\u00f6jlighet att prova p\u00e5 att sp\u00e5ra med din hund och f\u00e5 tips och r\u00e5d ang\u00e5ende viltsp\u00e5r och lydnad. Trof\u00e9bed\u00f6mning av Andreas Lindgren. F\u00f6rs\u00e4ljning av jaktarticklar Forndalens Jakt<\/p>\n<p>S\u00e5 \u00e4r du nyfiken p\u00e5 skytte eller bara vill komma prata hund och tr\u00e4ffa folk med samma intressen \u00e4r du v\u00e4lkommen. Inga f\u00f6rkunskaper kr\u00e4vs. Falbygdens Jvk bjuder p\u00e5 fika.<\/p>\n<p>&nbsp;<\/p>\n<p>&nbsp;<\/p>\n<p>&nbsp;<\/p>\n<p>&nbsp;<\/p>\n<p>&nbsp;<\/p>\n<p>&nbsp;<\/p>\n<p>&nbsp;<\/p>\n<p>&nbsp;<\/p>\n<p>&nbsp;<\/p>\n<p>&nbsp;<\/p>\n<div><\/div>\n<p><strong><span style=\"text-decoration: underline\">\u00a0<\/span><\/strong><\/p>\n<div><\/div>\n<p><strong><span style=\"text-decoration: underline\"><br \/> \u00a0 <\/span><\/strong><\/p>\n","protected":false},"excerpt":{"rendered":"<p>Sture Nilsson Solberga Lyckhem 52043 \u00c5sarp 0515-54049\u00a0 070-5723923 John-Erik Fridh J\u00e4ttene Folkag\u00e5rden 2\u00a0 52194 Falk\u00f6ping 0515-720666\u00a0 070-5499166 &nbsp; V\u00c4LKOMMEN TILL SKJUTBANAN 9\u00a0augusti 2014 kl 09.00 &#8211; 13,00 har Falbygdens Jvk tillsammans med Falk\u00f6pings jaktskytteklubb och Studiefr\u00e4mjandet \u00f6ppethus p\u00e5 skjutbanan i Falk\u00f6ping. Du kommer d\u00e5 ha m\u00f6jlighet att prova p\u00e5 olika sorters skytte bl.a trap, mini\u00e4lg, [&hellip;]<\/p>\n","protected":false},"author":85,"featured_media":0,"parent":0,"menu_order":0,"comment_status":"open","ping_status":"open","template":"","meta":{"footnotes":""},"class_list":["post-151","page","type-page","status-publish","hentry"],"_links":{"self":[{"href":"https:\/\/krets.jagareforbundet.se\/falbygden\/wp-json\/wp\/v2\/pages\/151","targetHints":{"allow":["GET"]}}],"collection":[{"href":"https:\/\/krets.jagareforbundet.se\/falbygden\/wp-json\/wp\/v2\/pages"}],"about":[{"href":"https:\/\/krets.jagareforbundet.se\/falbygden\/wp-json\/wp\/v2\/types\/page"}],"author":[{"embeddable":true,"href":"https:\/\/krets.jagareforbundet.se\/falbygden\/wp-json\/wp\/v2\/users\/85"}],"replies":[{"embeddable":true,"href":"https:\/\/krets.jagareforbundet.se\/falbygden\/wp-json\/wp\/v2\/comments?post=151"}],"version-history":[{"count":0,"href":"https:\/\/krets.jagareforbundet.se\/falbygden\/wp-json\/wp\/v2\/pages\/151\/revisions"}],"wp:attachment":[{"href":"https:\/\/krets.jagareforbundet.se\/falbygden\/wp-json\/wp\/v2\/media?parent=151"}],"curies":[{"name":"wp","href":"https:\/\/api.w.org\/{rel}","templated":true}]}}