{"id":159,"date":"2013-03-31T11:07:00","date_gmt":"2013-03-31T09:07:00","guid":{"rendered":"https:\/\/krets.jagareforbundet.se\/falbygden\/?page_id=159"},"modified":"2016-05-06T10:57:36","modified_gmt":"2016-05-06T08:57:36","slug":"utbildning","status":"publish","type":"page","link":"https:\/\/krets.jagareforbundet.se\/falbygden\/utbildning\/","title":{"rendered":"Utbildning"},"content":{"rendered":"<p><strong><span style=\"text-decoration: underline\">J\u00e4garexamen.<\/span><\/strong><\/p>\n<p><strong><span style=\"text-decoration: underline\">Assar Lid\u00e9n\u00a0 Villagatan 26 52152 Floby 0515-41926\u00a0 <a href=\"mailto:assar.liden@telia.com\">assar.liden@telia.com<\/a><\/span><\/strong><\/p>\n<p>&nbsp;<\/p>\n<p><strong>T\u00c4NKER DU P\u00c5 ATT TA\u00a0 J\u00c4GAREXAMEN?<\/strong><\/p>\n<div>Tillsammans med studiefr\u00e4mjandet startar en ny kurs tisdagen 20 sept 2016 med Assar Lid\u00e9n som ledare.<\/div>\n<div>F\u00f6r ytterligare information och anm\u00e4lan kontakta <em>Florence Lid\u00e9n<\/em> Studiefr\u00e4mjandet.<\/div>\n<div>0515-421 56 \/ 070 2449424 \u2013 florence.liden@studieframjandet.se<\/div>\n<div>Fr\u00e5gor kan ocks\u00e5 besvaras av Assar Lid\u00e9n, 0515-41926 \/ 070 3413723 \u2013 assar.liden@telia.com<\/div>\n<div><\/div>\n<div>V\u00e4lkommen med din anm\u00e4lan!<\/div>\n<p>&nbsp;<\/p>\n<p>&nbsp;<\/p>\n","protected":false},"excerpt":{"rendered":"<p>J\u00e4garexamen. Assar Lid\u00e9n\u00a0 Villagatan 26 52152 Floby 0515-41926\u00a0 assar.liden@telia.com &nbsp; T\u00c4NKER DU P\u00c5 ATT TA\u00a0 J\u00c4GAREXAMEN? Tillsammans med studiefr\u00e4mjandet startar en ny kurs tisdagen 20 sept 2016 med Assar Lid\u00e9n som ledare. F\u00f6r ytterligare information och anm\u00e4lan kontakta Florence Lid\u00e9n Studiefr\u00e4mjandet. 0515-421 56 \/ 070 2449424 \u2013 florence.liden@studieframjandet.se Fr\u00e5gor kan ocks\u00e5 besvaras av Assar Lid\u00e9n, [&hellip;]<\/p>\n","protected":false},"author":85,"featured_media":0,"parent":0,"menu_order":0,"comment_status":"open","ping_status":"open","template":"","meta":{"footnotes":""},"class_list":["post-159","page","type-page","status-publish","hentry"],"_links":{"self":[{"href":"https:\/\/krets.jagareforbundet.se\/falbygden\/wp-json\/wp\/v2\/pages\/159","targetHints":{"allow":["GET"]}}],"collection":[{"href":"https:\/\/krets.jagareforbundet.se\/falbygden\/wp-json\/wp\/v2\/pages"}],"about":[{"href":"https:\/\/krets.jagareforbundet.se\/falbygden\/wp-json\/wp\/v2\/types\/page"}],"author":[{"embeddable":true,"href":"https:\/\/krets.jagareforbundet.se\/falbygden\/wp-json\/wp\/v2\/users\/85"}],"replies":[{"embeddable":true,"href":"https:\/\/krets.jagareforbundet.se\/falbygden\/wp-json\/wp\/v2\/comments?post=159"}],"version-history":[{"count":1,"href":"https:\/\/krets.jagareforbundet.se\/falbygden\/wp-json\/wp\/v2\/pages\/159\/revisions"}],"predecessor-version":[{"id":454,"href":"https:\/\/krets.jagareforbundet.se\/falbygden\/wp-json\/wp\/v2\/pages\/159\/revisions\/454"}],"wp:attachment":[{"href":"https:\/\/krets.jagareforbundet.se\/falbygden\/wp-json\/wp\/v2\/media?parent=159"}],"curies":[{"name":"wp","href":"https:\/\/api.w.org\/{rel}","templated":true}]}}