{"id":162,"date":"2013-03-31T11:16:01","date_gmt":"2013-03-31T09:16:01","guid":{"rendered":"https:\/\/krets.jagareforbundet.se\/falbygden\/?page_id=162"},"modified":"2020-03-16T20:55:22","modified_gmt":"2020-03-16T19:55:22","slug":"eftersok","status":"publish","type":"page","link":"https:\/\/krets.jagareforbundet.se\/falbygden\/eftersok\/","title":{"rendered":"Efters\u00f6k"},"content":{"rendered":"<div>\n<h1><a href=\"https:\/\/krets.jagareforbundet.se\/falbygden\/files\/2013\/03\/\u00c4lgen-090.jpg\"><img loading=\"lazy\" decoding=\"async\" class=\"alignnone wp-image-302\" title=\"\u00c4lgen 090\" src=\"https:\/\/krets.jagareforbundet.se\/falbygden\/files\/2013\/03\/\u00c4lgen-090-300x199.jpg\" alt=\"\" width=\"336\" height=\"217\" \/><\/a><\/h1>\n<h1>Efters\u00f6ksorganisation<\/h1>\n<\/div>\n<div>\n<div>\n<div>\n<p>Jakten \u00e4r den st\u00f6rsta fritidssyssels\u00e4ttningen f\u00f6r m\u00e5nga av oss och alla har v\u00e4l som m\u00e5l att alltid avsluta med ett v\u00e4lriktat skott, s\u00e5 viltet kan b\u00e4rgas i anslutning till skottplatsen.<\/p>\n<p>Men det h\u00e4nder dom flesta n\u00e5gon g\u00e5ng att n\u00e5got g\u00e5r snett i skott\u00f6gonblicket, det kan vara en gren som \u00e4ndrar riktning p\u00e5 kulan eller att viltet kastar i skottet.<\/p>\n<p>Enligt lag s\u00e5 har vi som skyldighet att ha tillg\u00e5ng till en s\u00e4rskilt tr\u00e4nad efters\u00f6kshund inom 2 timmar efter skottet. Vad menas d\u00e5 med detta? S\u00e4rskilt tr\u00e4nad f\u00f6r det aktuella fallet d.v.s. inte g\u00e5 med enbart en sp\u00e5rhund p\u00e5 ett benskjutet djur eller sl\u00e4ppa en skarp snabb hund som inte \u00e4r sp\u00e5rtr\u00e4nad p\u00e5 skottplatsen i tron att den hade nog tagit r\u00e5djuret om det vore skadat. 2 timmars regeln s\u00e4ger inte att efters\u00f6ket ska startas inom 2 timmar men att det ska finnas till hands om skottecken och skottplatsunders\u00f6kning tyder p\u00e5 att det b\u00f6r startas d\u00e5.<\/p>\n<p>\u00d6verlag s\u00e5 tror jag att vi skulle kunna h\u00f6ja etiken f\u00f6r jakten och d\u00e4rigenom erbjuda m\u00e5nga efters\u00f6ksekipage bra tr\u00e4ning s\u00e5 dom blir \u00e4nd\u00e5 b\u00e4ttre. Efters\u00f6ksekipagen arbetar gratis, det \u00e4r tr\u00e4ningen som \u00e4r l\u00f6n f\u00f6r m\u00f6dan men milers\u00e4ttning kan erbjudas.<\/p>\n<p>Vi har ett antal duktiga efters\u00f6ksekipage i kretsen och m\u00e5nga skulle vilja ha mera arbete f\u00f6r att bli \u00e4nnu duktigare. Det finns inget efters\u00f6k som \u00e4r f\u00f6r sv\u00e5rt f\u00f6r att g\u00f6ra ett f\u00f6rs\u00f6k p\u00e5, det kan r\u00e4cka med n\u00e5gra f\u00e5 hagel i djuret f\u00f6r att det ska lyckas. Den vanligaste orsaken till att man misslyckas med efters\u00f6ken \u00e4r att man har f\u00f6r br\u00e5ttom med att starta eller har fel typ av hund.<\/p>\n<p>Det finns inget efters\u00f6ksekipage som anklagar dig f\u00f6r ett skott du inte borde skjutit, det \u00e4r bara skytten sj\u00e4lv som kan avg\u00f6ra och visst k\u00e4nns det mycket b\u00e4ttre om viltet hittas och kan avlivas s\u00e5 man vet att det inte lider.<\/p>\n<p>Kretsen ska f\u00f6rs\u00f6ka sammanst\u00e4lla en lista \u00f6ver efters\u00f6ksekipagen med deras specialitet dit du som j\u00e4gare kan ringa om du beh\u00f6ver hj\u00e4lp. Hos dessa ekipage r\u00e4cker det inte med att hunden\u00a0 \u00e4r godk\u00e4nd p\u00e5 viltsp\u00e5rprov utan att \u00e4ven f\u00f6raren har n\u00e5gon form av kunskap \/ utbildning att g\u00f6ra skottplatsunders\u00f6kning och l\u00e4gga upp efters\u00f6ket utifr\u00e5n det, och anv\u00e4nda den hund som anses l\u00e4mplig f\u00f6r det aktuella fallet.<\/p>\n<p>Sj\u00e4lvfallet kan man sp\u00e5ra med en mindre rutinerad hund f\u00f6rst f\u00f6r att se om djuret ligger inom 200 meter, g\u00f6r det ej det \u00e4r det ofta en icke d\u00f6dande tr\u00e4ff och djuret smiter ur s\u00e5rlegan utan att erbjuda skottl\u00e4ge. F\u00f6r varje g\u00e5ng det st\u00f6ts ur s\u00e5rlegan s\u00e5 minskar chansen att lyckas med efters\u00f6ket.<\/p>\n<p>H\u00e4r nedan f\u00f6ljer en lista p\u00e5 erfarna efters\u00f6ksekipage.<\/p>\n<p>Om du vill vara med p\u00e5 listan och har en duktig efters\u00f6kshund och stor erfarenhet eller n\u00e5gon utbildning inom efters\u00f6k kan du h\u00f6ra av dig till\u00a0Lennart Ragnarsson\u00a00515-52110 mob. 0706-521125<\/p>\n<p><strong>\u00c4LG<br \/>\n<\/strong>J-E Frid jettene 070-5499166 gr\u00e5hund. sp\u00e5rar \u00e4lg<br \/>\nJ-O ericsson Vartofta 070-6632493 j\u00e4mthund. sp\u00e5rar och st\u00e4ller \u00e4lg.<br \/>\nJan Josefsson Marka 070-8299886 vit \u00e4lghund. sp\u00e5rar och st\u00e4ller \u00e4lg<br \/>\nDan Lagerstrand Kinnarp 070-6976814 gr\u00e5hund. sp\u00e5rar och st\u00e4ller \u00e4lg<br \/>\nJakob Johansson Vartofta 0709-691609 Wachtel,j\u00e4mthund. sp\u00e5rar och st\u00e4ller \u00e4lg<br \/>\nMagnus Elf k\u00e4ttilstorp 070-5748932 wachtel. sp\u00e5rar \u00e4lg<br \/>\nPatrik Badh Vartofta 070-5816576 tysk jaktterrier. sp\u00e5rar \u00e4lg<br \/>\nMartin Blank D\u00f6ve 076-8121740 \u00f6stsibirisk Laika, Hannoveranare. sp\u00e5rar och st\u00e4ller \u00e4lg<\/p>\n<p><strong>R\u00c5DJUR<br \/>\n<\/strong>Patrik Badh Vartofta 070-5816576 tysk jaktterrier. sp\u00e5rar och drar ner r\u00e5djur<br \/>\nMagnus Elf K\u00e4ttilstorp 070-5748932 wachtel. sp\u00e5rar och drar ner r\u00e5djur<br \/>\nJakob johansson Vartofta 0709-691609 Wachtel sp\u00e5rar och drar ner r\u00e5djur<br \/>\nMartin Blank D\u00f6ve 076-8121740 Hannoveraner sp\u00e5rar och drar ner r\u00e5djur<\/p>\n<p><strong>VILDSVIN<\/strong><br \/>\nMagnus Elf K\u00e4ttilstorp 070-5748932 wachtel. sp\u00e5rar gris<br \/>\nPatrik Badh Vartofta 070-5816576 tysk jaktterrier. sp\u00e5rar gris<br \/>\nRasmus Nyman P\u00e5ver\u00e5s 070-3543882 \u00f6stsibirisk laika. st\u00e4ller gris<br \/>\nJakob Johansson Vartofta 0709-691609 wachtel,j\u00e4mthund. sp\u00e5rar och st\u00e4ller gris<br \/>\nMartin Blank D\u00f6ve 076-8121740 \u00f6stsibirisk laika, hannoveranare sp\u00e5rar st\u00e4ller gris<\/p>\n<p><strong>GRYT<br \/>\n<\/strong>K-G Gunnarsson Vartofta 070-8391622 foxterrier.<br \/>\nPatrik Badh Vartofta 070-5816576 tysk jaktterrier.<\/p>\n<\/div>\n<\/div>\n<\/div>\n","protected":false},"excerpt":{"rendered":"<p>Efters\u00f6ksorganisation Jakten \u00e4r den st\u00f6rsta fritidssyssels\u00e4ttningen f\u00f6r m\u00e5nga av oss och alla har v\u00e4l som m\u00e5l att alltid avsluta med ett v\u00e4lriktat skott, s\u00e5 viltet kan b\u00e4rgas i anslutning till skottplatsen. Men det h\u00e4nder dom flesta n\u00e5gon g\u00e5ng att n\u00e5got g\u00e5r snett i skott\u00f6gonblicket, det kan vara en gren som \u00e4ndrar riktning p\u00e5 kulan eller [&hellip;]<\/p>\n","protected":false},"author":248,"featured_media":0,"parent":0,"menu_order":0,"comment_status":"open","ping_status":"open","template":"","meta":{"footnotes":""},"class_list":["post-162","page","type-page","status-publish","hentry"],"_links":{"self":[{"href":"https:\/\/krets.jagareforbundet.se\/falbygden\/wp-json\/wp\/v2\/pages\/162","targetHints":{"allow":["GET"]}}],"collection":[{"href":"https:\/\/krets.jagareforbundet.se\/falbygden\/wp-json\/wp\/v2\/pages"}],"about":[{"href":"https:\/\/krets.jagareforbundet.se\/falbygden\/wp-json\/wp\/v2\/types\/page"}],"author":[{"embeddable":true,"href":"https:\/\/krets.jagareforbundet.se\/falbygden\/wp-json\/wp\/v2\/users\/248"}],"replies":[{"embeddable":true,"href":"https:\/\/krets.jagareforbundet.se\/falbygden\/wp-json\/wp\/v2\/comments?post=162"}],"version-history":[{"count":3,"href":"https:\/\/krets.jagareforbundet.se\/falbygden\/wp-json\/wp\/v2\/pages\/162\/revisions"}],"predecessor-version":[{"id":490,"href":"https:\/\/krets.jagareforbundet.se\/falbygden\/wp-json\/wp\/v2\/pages\/162\/revisions\/490"}],"wp:attachment":[{"href":"https:\/\/krets.jagareforbundet.se\/falbygden\/wp-json\/wp\/v2\/media?parent=162"}],"curies":[{"name":"wp","href":"https:\/\/api.w.org\/{rel}","templated":true}]}}