{"id":166,"date":"2013-03-31T11:28:09","date_gmt":"2013-03-31T09:28:09","guid":{"rendered":"https:\/\/krets.jagareforbundet.se\/falbygden\/?page_id=166"},"modified":"2016-05-01T11:21:37","modified_gmt":"2016-05-01T09:21:37","slug":"medlemsinformation","status":"publish","type":"page","link":"https:\/\/krets.jagareforbundet.se\/falbygden\/medlemsinformation\/","title":{"rendered":"Medlemsinformation"},"content":{"rendered":"<div>\n<h1>Falbygdens jaktv\u00e5rdskrets<strong>\u00a02016.<\/strong><\/h1>\n<\/div>\n<div>\n<div>\n<div>\n<p>Kretsen ing\u00e5r i J\u00e4garef\u00f6rbundet Skaraborg och p\u00e5 riksniv\u00e5 i J\u00e4garef\u00f6rbundet<\/p>\n<p>Medlemmarna h\u00e4lsas h\u00e4rmed v\u00e4lkomna till det h\u00e4r verksamhets\u00e5ret.<\/p>\n<p>Verksamhet inom kretsen kommer huvudsakligen att bedrivas i jaktlag eller av enskilda medlemmar.<\/p>\n<p>En av kretsens uppgifter \u00e4r att tillvarata medlemmarnas intressen. Andra uppgifter som l\u00e4nsf\u00f6reningen\u00a0 har angett som viktiga \u00e4r opinionsbildning, medlemsrekrytering, medlemsv\u00e5rd, utbildning, ungdomsverksamhet, information, f\u00f6rtroendemannautbildning och lokal viltf\u00f6rvaltning, vilt\u00f6vervakning och en fungerande efters\u00f6ksorganisation vid viltolyckor.<\/p>\n<p>Gemensamma s\u00e4rskilda aktiviteter som genomf\u00f6rs i kretsens regi kommer att sk\u00f6tas av kretsens aktivitetsgrupper.<\/p>\n<p>Dessa grupper kommer att samverka direkt med l\u00e4nsf\u00f6reningens arbetsgrupper som har motsvarande uppgifter. Du som \u00e4r intresserad av att hj\u00e4lpa till i n\u00e5gon grupp anm\u00e4l dig till sammankallande!<\/p>\n<p>Du som har en efters\u00f6kshund eller \u00e4r intresserad av utbildning och inte redan ing\u00e5r i v\u00e5r nuvarande efters\u00f6ksorganisation anm\u00e4l dig till hundsamordningsgruppen!<\/p>\n<p>Intresserad av studiecirklar kontakta\u00a0\u00c5sa Eklund\u00a0Studiefr\u00e4mjandet 0515 \u2013 19466<\/p>\n<p>Vid observation av v\u00e5ra stora rovdjur kontakta\u00a0 Jan-Olof Ericson 070-6632493<\/p>\n<\/div>\n<\/div>\n<\/div>\n","protected":false},"excerpt":{"rendered":"<p>Falbygdens jaktv\u00e5rdskrets\u00a02016. Kretsen ing\u00e5r i J\u00e4garef\u00f6rbundet Skaraborg och p\u00e5 riksniv\u00e5 i J\u00e4garef\u00f6rbundet Medlemmarna h\u00e4lsas h\u00e4rmed v\u00e4lkomna till det h\u00e4r verksamhets\u00e5ret. Verksamhet inom kretsen kommer huvudsakligen att bedrivas i jaktlag eller av enskilda medlemmar. En av kretsens uppgifter \u00e4r att tillvarata medlemmarnas intressen. Andra uppgifter som l\u00e4nsf\u00f6reningen\u00a0 har angett som viktiga \u00e4r opinionsbildning, medlemsrekrytering, medlemsv\u00e5rd, utbildning, [&hellip;]<\/p>\n","protected":false},"author":85,"featured_media":0,"parent":0,"menu_order":0,"comment_status":"open","ping_status":"open","template":"","meta":{"footnotes":""},"class_list":["post-166","page","type-page","status-publish","hentry"],"_links":{"self":[{"href":"https:\/\/krets.jagareforbundet.se\/falbygden\/wp-json\/wp\/v2\/pages\/166","targetHints":{"allow":["GET"]}}],"collection":[{"href":"https:\/\/krets.jagareforbundet.se\/falbygden\/wp-json\/wp\/v2\/pages"}],"about":[{"href":"https:\/\/krets.jagareforbundet.se\/falbygden\/wp-json\/wp\/v2\/types\/page"}],"author":[{"embeddable":true,"href":"https:\/\/krets.jagareforbundet.se\/falbygden\/wp-json\/wp\/v2\/users\/85"}],"replies":[{"embeddable":true,"href":"https:\/\/krets.jagareforbundet.se\/falbygden\/wp-json\/wp\/v2\/comments?post=166"}],"version-history":[{"count":0,"href":"https:\/\/krets.jagareforbundet.se\/falbygden\/wp-json\/wp\/v2\/pages\/166\/revisions"}],"wp:attachment":[{"href":"https:\/\/krets.jagareforbundet.se\/falbygden\/wp-json\/wp\/v2\/media?parent=166"}],"curies":[{"name":"wp","href":"https:\/\/api.w.org\/{rel}","templated":true}]}}