{"id":170,"date":"2013-03-31T11:37:55","date_gmt":"2013-03-31T09:37:55","guid":{"rendered":"https:\/\/krets.jagareforbundet.se\/falbygden\/?page_id=170"},"modified":"2016-05-01T11:28:57","modified_gmt":"2016-05-01T09:28:57","slug":"aktivitetsplan","status":"publish","type":"page","link":"https:\/\/krets.jagareforbundet.se\/falbygden\/aktivitetsplan\/","title":{"rendered":"Aktivitetsplan"},"content":{"rendered":"<div>\n<h1><strong>Falbygdens jaktv\u00e5rdskrets aktivitetsplan f\u00f6r \u00e5r 2016<\/strong><\/h1>\n<\/div>\n<div>\n<div>\n<p><strong>Aktivitetsgrupper<\/strong><\/p>\n<p><strong>Jakt och fauna:<\/strong><\/p>\n<p><strong>\u00a0<\/strong>1.\u00a0\u00a0 Utbildning, Efters\u00f6k och Dressyrkurser mm.<\/p>\n<p>2.\u00a0\u00a0 Vilt\u00f6vervakning och rapportering avskjutning.<\/p>\n<p>1.\u00a0\u00a0\u00a0F\u00f6rmedling av f\u00e4llor.<\/p>\n<p><strong>Information\/medlemsv\u00e5rd:<\/strong><\/p>\n<ol>\n<li>Ut\u00f6ka hemsidan.<\/li>\n<li>Presentera v\u00e5r och \u00f6vriga delar av j\u00e4garef\u00f6rbundets verksamhet vid till exempel skogsdagar.<\/li>\n<li>G\u00f6ra medlemsutskick med information.<\/li>\n<li>Ordna en s\u00e4rskild informationstr\u00e4ff f\u00f6r kretsens kvinnliga medlemmar om projektet kvinnligt n\u00e4tverk.<\/li>\n<\/ol>\n<p><strong>Jaktskytte:<\/strong><\/p>\n<ol>\n<li>Utnyttja enk\u00e4tsvaren fr\u00e5n \u00e5rsm\u00f6tet, d\u00e4r huvuddelen av de svarande sk\u00f6t mer \u00e4n 100 tr\u00e4ningsskott om\u00a0 \u00e5ret, i planeringen.<\/li>\n<li>Ordna s\u00e4rskild uppf\u00f6ljning av hagelskytte f\u00f6r dem som nyss tagit j\u00e4garexamen.<\/li>\n<li>H\u00e5lla i g\u00e5ng mini\u00e4lgbanan parallellt med stora banan.<\/li>\n<li>\u00d6vningsskjutning skyttesimulator<\/li>\n<\/ol>\n<p><strong>Hundsamordning:<\/strong><\/p>\n<ol>\n<li><strong>Jakthundsdressyr!<\/strong> Grunddressyr f\u00f6r jakthundar, 8 tr\u00e4ffar.<\/li>\n<\/ol>\n<p>Start\u00a0andra veckan\u00a0i\u00a0april varje \u00e5r.\u00a0F\u00f6r information och anm\u00e4lan ring<\/p>\n<p>Lennart Ragnarsson 0515-52110 eller<\/p>\n<p>Karl-Gunnar Gunnarsson 0515-30261.<\/p>\n<p><strong>Ungdom\/skolinformat\u00f6rer:<\/strong><\/p>\n<ol>\n<li>Hj\u00e4lpa intresserade skolor med Gr\u00f6na lektioner och l\u00e4rardagar.<\/li>\n<li>Anordna en pr\u00f6vap\u00e5dag f\u00f6r ungdomar (olika typer av skytte, f\u00e4llor, sp\u00e5rtecken, viltk\u00e4nnedom mm).<\/li>\n<\/ol>\n<p><strong>Utbildning:<\/strong><\/p>\n<ol>\n<li>J\u00e4garexamensutbildning.<\/li>\n<li>Uppmuntra till studiecirklar, H\u00e4lge 6 handlar om vildsvin.<\/li>\n<li>Hj\u00e4lpa till med jaktledarutbildning och utbildning i jaktjuridik.<\/li>\n<\/ol>\n<p><strong>\u00d6vrigt<\/strong><\/p>\n<ol>\n<li>Delta i regional och central verksamhet enligt kallelser.<\/li>\n<li>Medverka i\u00a0 organisationen f\u00f6r efters\u00f6k av trafikskadat vilt.<\/li>\n<li>H\u00e5lla en viss beredskap f\u00f6r rovdjurssp\u00e5rning.<\/li>\n<\/ol>\n<\/div>\n<\/div>\n","protected":false},"excerpt":{"rendered":"<p>Falbygdens jaktv\u00e5rdskrets aktivitetsplan f\u00f6r \u00e5r 2016 Aktivitetsgrupper Jakt och fauna: \u00a01.\u00a0\u00a0 Utbildning, Efters\u00f6k och Dressyrkurser mm. 2.\u00a0\u00a0 Vilt\u00f6vervakning och rapportering avskjutning. 1.\u00a0\u00a0\u00a0F\u00f6rmedling av f\u00e4llor. Information\/medlemsv\u00e5rd: Ut\u00f6ka hemsidan. Presentera v\u00e5r och \u00f6vriga delar av j\u00e4garef\u00f6rbundets verksamhet vid till exempel skogsdagar. G\u00f6ra medlemsutskick med information. Ordna en s\u00e4rskild informationstr\u00e4ff f\u00f6r kretsens kvinnliga medlemmar om projektet kvinnligt n\u00e4tverk. [&hellip;]<\/p>\n","protected":false},"author":85,"featured_media":0,"parent":0,"menu_order":0,"comment_status":"open","ping_status":"open","template":"","meta":{"footnotes":""},"class_list":["post-170","page","type-page","status-publish","hentry"],"_links":{"self":[{"href":"https:\/\/krets.jagareforbundet.se\/falbygden\/wp-json\/wp\/v2\/pages\/170","targetHints":{"allow":["GET"]}}],"collection":[{"href":"https:\/\/krets.jagareforbundet.se\/falbygden\/wp-json\/wp\/v2\/pages"}],"about":[{"href":"https:\/\/krets.jagareforbundet.se\/falbygden\/wp-json\/wp\/v2\/types\/page"}],"author":[{"embeddable":true,"href":"https:\/\/krets.jagareforbundet.se\/falbygden\/wp-json\/wp\/v2\/users\/85"}],"replies":[{"embeddable":true,"href":"https:\/\/krets.jagareforbundet.se\/falbygden\/wp-json\/wp\/v2\/comments?post=170"}],"version-history":[{"count":0,"href":"https:\/\/krets.jagareforbundet.se\/falbygden\/wp-json\/wp\/v2\/pages\/170\/revisions"}],"wp:attachment":[{"href":"https:\/\/krets.jagareforbundet.se\/falbygden\/wp-json\/wp\/v2\/media?parent=170"}],"curies":[{"name":"wp","href":"https:\/\/api.w.org\/{rel}","templated":true}]}}