{"id":183,"date":"2013-04-04T11:19:26","date_gmt":"2013-04-04T09:19:26","guid":{"rendered":"https:\/\/krets.jagareforbundet.se\/falbygden\/?page_id=183"},"modified":"2016-05-23T20:35:18","modified_gmt":"2016-05-23T18:35:18","slug":"kvinnligt-natverk","status":"publish","type":"page","link":"https:\/\/krets.jagareforbundet.se\/falbygden\/kvinnligt-natverk\/","title":{"rendered":"Kvinnligt n\u00e4tverk"},"content":{"rendered":"<div>\n<h2 style=\"text-align: left\"><\/h2>\n<h2 style=\"text-align: left\"><em>H\u00e4r kommer v\u00e5ra kvinnliga jaktkamrater att ha en egen sida<\/em><\/h2>\n<\/div>\n<div>\n<div>\n<div>\n<div><\/div>\n<div><a href=\"https:\/\/krets.jagareforbundet.se\/falbygden\/files\/2013\/04\/Angelica.jpg\"><img loading=\"lazy\" decoding=\"async\" class=\"alignnone size-medium wp-image-187\" title=\"Angelica\" src=\"https:\/\/krets.jagareforbundet.se\/falbygden\/files\/2013\/04\/Angelica-219x300.jpg\" alt=\"\" width=\"219\" height=\"300\" srcset=\"https:\/\/krets.jagareforbundet.se\/falbygden\/files\/2013\/04\/Angelica-219x300.jpg 219w, https:\/\/krets.jagareforbundet.se\/falbygden\/files\/2013\/04\/Angelica.jpg 263w\" sizes=\"auto, (max-width: 219px) 100vw, 219px\" \/><\/a><\/div>\n<p>&nbsp;<\/p>\n<p><strong>Kontaktperson &#8211; <\/strong><span style=\"text-decoration: underline\">Angelica Johansson<\/span><\/p>\n<p>Fivlered Eks\u00e4ter, 52171 \u00c5sarp<\/p>\n<p>Kontakt: 0515-92050 \/ <a href=\"mailto:aj810322@gmail.com\">aj810322@gmail.com<\/a><\/p>\n<p>F\u00f6r mer info om JAQT klicka <strong><a href=\"http:\/\/jagareforbundet.se\/syd\/vastra-gotalands-lan\/jagareforbundet-skaraborg\/arbetsgrupper\/jaqt-kvinnligt-natverk\/\">H\u00c4R<\/a><\/strong><\/p>\n<\/div>\n<\/div>\n<\/div>\n","protected":false},"excerpt":{"rendered":"<p>H\u00e4r kommer v\u00e5ra kvinnliga jaktkamrater att ha en egen sida &nbsp; Kontaktperson &#8211; Angelica Johansson Fivlered Eks\u00e4ter, 52171 \u00c5sarp Kontakt: 0515-92050 \/ aj810322@gmail.com F\u00f6r mer info om JAQT klicka H\u00c4R<\/p>\n","protected":false},"author":85,"featured_media":0,"parent":0,"menu_order":0,"comment_status":"open","ping_status":"open","template":"","meta":{"footnotes":""},"class_list":["post-183","page","type-page","status-publish","hentry"],"_links":{"self":[{"href":"https:\/\/krets.jagareforbundet.se\/falbygden\/wp-json\/wp\/v2\/pages\/183","targetHints":{"allow":["GET"]}}],"collection":[{"href":"https:\/\/krets.jagareforbundet.se\/falbygden\/wp-json\/wp\/v2\/pages"}],"about":[{"href":"https:\/\/krets.jagareforbundet.se\/falbygden\/wp-json\/wp\/v2\/types\/page"}],"author":[{"embeddable":true,"href":"https:\/\/krets.jagareforbundet.se\/falbygden\/wp-json\/wp\/v2\/users\/85"}],"replies":[{"embeddable":true,"href":"https:\/\/krets.jagareforbundet.se\/falbygden\/wp-json\/wp\/v2\/comments?post=183"}],"version-history":[{"count":1,"href":"https:\/\/krets.jagareforbundet.se\/falbygden\/wp-json\/wp\/v2\/pages\/183\/revisions"}],"predecessor-version":[{"id":456,"href":"https:\/\/krets.jagareforbundet.se\/falbygden\/wp-json\/wp\/v2\/pages\/183\/revisions\/456"}],"wp:attachment":[{"href":"https:\/\/krets.jagareforbundet.se\/falbygden\/wp-json\/wp\/v2\/media?parent=183"}],"curies":[{"name":"wp","href":"https:\/\/api.w.org\/{rel}","templated":true}]}}