{"id":191,"date":"2013-05-11T09:34:51","date_gmt":"2013-05-11T07:34:51","guid":{"rendered":"https:\/\/krets.jagareforbundet.se\/falbygden\/?page_id=191"},"modified":"2020-02-11T20:23:57","modified_gmt":"2020-02-11T19:23:57","slug":"styrelse","status":"publish","type":"page","link":"https:\/\/krets.jagareforbundet.se\/falbygden\/styrelse\/","title":{"rendered":"Styrelse"},"content":{"rendered":"<p>&nbsp;<\/p>\n<p><strong>Ordf. &#8211; <\/strong><span style=\"text-decoration: underline\">Jan-Olof Ericsson<\/span> &#8221;Hund\/Ungdom\/Skola\/Rovdjur&#8221;<\/p>\n<p>Mellomg\u00e5rden. 1, 52197 Vartofta<\/p>\n<p>Kontakt: 070-6632493 \/ jolleericsson@hotmail.com<\/p>\n<p><strong>Vice Ordf. &#8211; <\/strong><span style=\"text-decoration: underline\">Krister Theander<\/span><\/p>\n<p>Tiarp Torag\u00e5rden 4, 521 91 Falk\u00f6ping<\/p>\n<p>Kontakt: 070-6589649 \/ theandermaskin@gmail.com<\/p>\n<p><strong>Kass\u00f6r &#8211;<\/strong> <span style=\"text-decoration: underline\">Roger Karlsson<\/span> &#8221;Hund\/Ungdom&#8221;<\/p>\n<p>Brantar\u00e5sen 1, 52492 Herrljunga<\/p>\n<p>Kontakt: 070-2051066 \/ brantarasen@gmail.com<\/p>\n<p><strong>Sekreterare &#8211;<\/strong> <span style=\"text-decoration: underline\">Thomas B\u00f6rjesson<\/span> &#8221;Medlemsansvarig&#8221;<\/p>\n<p>Pr\u00e4stg\u00e5rden, 52153 Floby<\/p>\n<p>Kontakt: 0515-40633 \/ 072-5274715 \/ thomasborjesson@telia.com<\/p>\n<p><strong>Ledamot &#8211;<\/strong> <span style=\"text-decoration: underline\">Uno Larsson<\/span> &#8221;Jakt\/Fauna\/Samord.trafikefters\u00f6k&#8221;<\/p>\n<p>Vilske Kleva \u00d6deg\u00e5rden, 52194 Falk\u00f6ping<\/p>\n<p>Kontakt: 0515-725033 \/ 070-7420690 \/ unolarsson@hotmail.se<\/p>\n<p><strong>Ledamot &#8211;<\/strong> <span style=\"text-decoration: underline\">Sture Nilsson<\/span> &#8221;Skytteansvarig\/Jakt och Fauna&#8221;<\/p>\n<p>Solberga Lyckhem, 52043 \u00c5sarp<\/p>\n<p>Kontakt: 0515-54049 \/ 070-5723923<\/p>\n<p><strong>Ledamot &#8211; <\/strong><span style=\"text-decoration: underline\">Stellan Svensson<\/span><\/p>\n<p>Klosterg\u00e5rden \u00d6ja, 52162 Stenstorp<\/p>\n<p>Kontakt: 070-5655532 \/ klostergarden@hotmail.com<\/p>\n<p><strong>Ledamot &#8211; <\/strong><span style=\"text-decoration: underline\">Jesper Johansson<\/span><\/p>\n<p>Bolum \u00c4ngslyckan, 52198 Broddetorp<\/p>\n<p>Kontakt: 070-8430300 \/ j-johansson83@live.se<\/p>\n<p><strong>Ledamot &#8211;<\/strong> <span style=\"text-decoration: underline\">Jacob Johansson<\/span> &#8221;Hund\/Ungdom, samordnare efters\u00f6k trafikskadat vilt&#8221;<\/p>\n<p>Sl\u00f6ta Grevb\u00e4ck, 42197 Vartofta<\/p>\n<p>Kontakt: 076-7939566<\/p>\n<p><strong>Ledamot &#8211;<\/strong> <span><u>Martin Blank<\/u> Info\/medlem<\/span><\/p>\n<p>D\u00f6ve V\u00e4sterg\u00e5rden 5, 52377 Blidsberg<\/p>\n<p>Kontakt: 076-8121740 \/ blancken1@gmail.com<\/p>\n<p><strong>\u00d6vriga funktion\u00e4rer:<\/strong><\/p>\n<p><span style=\"text-decoration: underline\">Karl-Gunnar Gunnarsson<\/span> &#8221;Hund\/Ungdom&#8221;<\/p>\n<p>Sl\u00f6ta Karlsro, 52197 Vartofta<\/p>\n<p>Kontakt: 0708-391622 \/ karl-gunnar.gunnarsson@telia.com<\/p>\n<p><span style=\"text-decoration: underline\">Assar Lid\u00e9n<\/span> &#8221;Utbildning J\u00e4garexamen&#8221;<\/p>\n<p>Villagatan 26, 52152 Floby<\/p>\n<p>Kontakt: 0515-41926 \/ assar.liden@telia.com<\/p>\n<p><span style=\"text-decoration: underline\">Andreas Lindgren<\/span> &#8221;Ungdom\/skola&#8221;<\/p>\n<p>G\u00f6teve \u00c4storp 5, 52192 Falk\u00f6ping<\/p>\n<p>Kontakt: 070-3051977 \/ andreaslindgren79@yahoo.se<\/p>\n<p>&nbsp;<\/p>\n<p>&nbsp;<\/p>\n<p>&nbsp;<\/p>\n<p>&nbsp;<\/p>\n<p>&nbsp;<\/p>\n<p>&nbsp;<\/p>\n","protected":false},"excerpt":{"rendered":"<p>&nbsp; Ordf. &#8211; Jan-Olof Ericsson &#8221;Hund\/Ungdom\/Skola\/Rovdjur&#8221; Mellomg\u00e5rden. 1, 52197 Vartofta Kontakt: 070-6632493 \/ jolleericsson@hotmail.com Vice Ordf. &#8211; Krister Theander Tiarp Torag\u00e5rden 4, 521 91 Falk\u00f6ping Kontakt: 070-6589649 \/ theandermaskin@gmail.com Kass\u00f6r &#8211; Roger Karlsson &#8221;Hund\/Ungdom&#8221; Brantar\u00e5sen 1, 52492 Herrljunga Kontakt: 070-2051066 \/ brantarasen@gmail.com Sekreterare &#8211; Thomas B\u00f6rjesson &#8221;Medlemsansvarig&#8221; Pr\u00e4stg\u00e5rden, 52153 Floby Kontakt: 0515-40633 \/ 072-5274715 \/ [&hellip;]<\/p>\n","protected":false},"author":248,"featured_media":0,"parent":0,"menu_order":0,"comment_status":"open","ping_status":"open","template":"","meta":{"footnotes":""},"class_list":["post-191","page","type-page","status-publish","hentry"],"_links":{"self":[{"href":"https:\/\/krets.jagareforbundet.se\/falbygden\/wp-json\/wp\/v2\/pages\/191","targetHints":{"allow":["GET"]}}],"collection":[{"href":"https:\/\/krets.jagareforbundet.se\/falbygden\/wp-json\/wp\/v2\/pages"}],"about":[{"href":"https:\/\/krets.jagareforbundet.se\/falbygden\/wp-json\/wp\/v2\/types\/page"}],"author":[{"embeddable":true,"href":"https:\/\/krets.jagareforbundet.se\/falbygden\/wp-json\/wp\/v2\/users\/248"}],"replies":[{"embeddable":true,"href":"https:\/\/krets.jagareforbundet.se\/falbygden\/wp-json\/wp\/v2\/comments?post=191"}],"version-history":[{"count":3,"href":"https:\/\/krets.jagareforbundet.se\/falbygden\/wp-json\/wp\/v2\/pages\/191\/revisions"}],"predecessor-version":[{"id":473,"href":"https:\/\/krets.jagareforbundet.se\/falbygden\/wp-json\/wp\/v2\/pages\/191\/revisions\/473"}],"wp:attachment":[{"href":"https:\/\/krets.jagareforbundet.se\/falbygden\/wp-json\/wp\/v2\/media?parent=191"}],"curies":[{"name":"wp","href":"https:\/\/api.w.org\/{rel}","templated":true}]}}