{"id":2,"date":"2011-09-07T09:28:43","date_gmt":"2011-09-07T09:28:43","guid":{"rendered":"https:\/\/krets.jagareforbundet.se\/template\/?page_id=2"},"modified":"2023-01-15T21:14:30","modified_gmt":"2023-01-15T20:14:30","slug":"exempelsida","status":"publish","type":"page","link":"https:\/\/krets.jagareforbundet.se\/falbygden\/","title":{"rendered":"Falbygdens Jaktv\u00e5rdskrets"},"content":{"rendered":"<p style=\"text-align: center\">\u00a0 <a href=\"http:\/\/www.forndalens.se\/sv\/index.html\"><img loading=\"lazy\" decoding=\"async\" class=\"alignnone\" src=\"http:\/\/www.forndalens.se\/shop\/24827\/t3670408\/fieldbgupper-f717c7.jpg\" alt=\"\" width=\"321\" height=\"77\" \/><\/a><a href=\"http:\/\/www.viltdata.se\/\"><img loading=\"lazy\" decoding=\"async\" class=\"alignnone\" src=\"http:\/\/www.viltdata.se\/layout\/viltdata.jpg\" alt=\"\" width=\"315\" height=\"37\" \/><\/a> <a href=\"http:\/\/www.forndalens.se\/sv\/index.html\" target=\"_blank\" rel=\"noopener noreferrer\">Forndalens<\/a>\u00a0\u00a0\u00a0\u00a0\u00a0\u00a0\u00a0\u00a0\u00a0\u00a0\u00a0\u00a0\u00a0\u00a0\u00a0\u00a0\u00a0\u00a0\u00a0\u00a0\u00a0\u00a0\u00a0\u00a0\u00a0\u00a0\u00a0\u00a0\u00a0\u00a0\u00a0\u00a0\u00a0\u00a0\u00a0\u00a0\u00a0\u00a0\u00a0\u00a0\u00a0\u00a0\u00a0\u00a0\u00a0\u00a0\u00a0\u00a0\u00a0\u00a0\u00a0\u00a0\u00a0\u00a0\u00a0\u00a0\u00a0\u00a0\u00a0\u00a0\u00a0\u00a0\u00a0\u00a0\u00a0\u00a0 <a href=\"http:\/\/www.viltdata.se\/\" target=\"_blank\" rel=\"noopener noreferrer\">Viltdata<\/a><\/p>\n<p style=\"text-align: center\"><strong>V\u00e4lkommen till Falbygdens jaktv\u00e5rdskrets! Vi kommer fortl\u00f6pande att informera om vad som h\u00e4nder i kretsen. Skicka g\u00e4rna bilder och reportage till webmaster: blancken1@gmail.com<\/strong><\/p>\n<p>&nbsp;<\/p>\n<p>Missa inte \u00e5rsm\u00f6tet 2023-02-23 i Broddetorp L\u00f6fwings atelj\u00e9 18,30<\/p>\n<div><a href=\"https:\/\/krets.jagareforbundet.se\/falbygden\/files\/2011\/09\/algtjur.jpg\"><img loading=\"lazy\" decoding=\"async\" class=\"alignnone size-medium wp-image-449\" src=\"https:\/\/krets.jagareforbundet.se\/falbygden\/files\/2011\/09\/algtjur-300x207.jpg\" alt=\"\" width=\"300\" height=\"207\" \/><\/a><\/div>\n<div><\/div>\n<div>F\u00f6ranm\u00e4lan g\u00f6rs till Jan-Olof (jolle) Eriksson 070-5723923<\/div>\n<div>&#8212;&#8212;&#8212;&#8212;&#8212;&#8212;&#8212;&#8212;&#8212;&#8212;&#8212;&#8212;&#8212;&#8212;&#8212;-<\/div>\n<div><\/div>\n<div><\/div>\n<div><\/div>\n<div>De allra flesta j\u00e4gare \u00e4r medlemmar i ett jaktlag. Ni vet v\u00e4l att all viltv\u00e5rd ni g\u00f6r genererar pengar till ert jaktlag om ni registrera verksamheten hos studiefr\u00e4mjandet?! N\u00e4r ni r\u00f6jer pass, bygger torn, utfodrar djur mm, kort sagt allt utom sj\u00e4lva jakten rapporteras till n\u00e4rmaste studiefr\u00e4mjande kontor och genererar 20 kr per 45 min. Dessa pengar kan jaktlaget anv\u00e4nda f\u00f6r att k\u00f6pa foder, saltstenar, virke, fika eller vad man nu beh\u00f6ver. Visst l\u00e5ter det som ett smidigt s\u00e4tt att f\u00e5 in lite extra pengar? H\u00f6r av er till <a href=\"http:\/\/www.studieframjandet.se\/Sodra-Skaraborg--Ulricehamn\/\"><span style=\"color: #008000\">\u00c5sa Eklund\u00a0&#8211; asa.eklund@studiefr\u00e4mjandet.se<\/span><\/a>\u00a0eller 0515-19466\u00a0om ni har fr\u00e5gor eller vill ha underlag f\u00f6r att rapportera.<\/div>\n<table style=\"height: 49px\" width=\"123\">\n<tbody>\n<tr>\n<td><\/td>\n<td><\/td>\n<\/tr>\n<tr>\n<td><\/td>\n<td><\/td>\n<\/tr>\n<\/tbody>\n<\/table>\n","protected":false},"excerpt":{"rendered":"<p>\u00a0 Forndalens\u00a0\u00a0\u00a0\u00a0\u00a0\u00a0\u00a0\u00a0\u00a0\u00a0\u00a0\u00a0\u00a0\u00a0\u00a0\u00a0\u00a0\u00a0\u00a0\u00a0\u00a0\u00a0\u00a0\u00a0\u00a0\u00a0\u00a0\u00a0\u00a0\u00a0\u00a0\u00a0\u00a0\u00a0\u00a0\u00a0\u00a0\u00a0\u00a0\u00a0\u00a0\u00a0\u00a0\u00a0\u00a0\u00a0\u00a0\u00a0\u00a0\u00a0\u00a0\u00a0\u00a0\u00a0\u00a0\u00a0\u00a0\u00a0\u00a0\u00a0\u00a0\u00a0\u00a0\u00a0\u00a0\u00a0 Viltdata V\u00e4lkommen till Falbygdens jaktv\u00e5rdskrets! Vi kommer fortl\u00f6pande att informera om vad som h\u00e4nder i kretsen. Skicka g\u00e4rna bilder och reportage till webmaster: blancken1@gmail.com &nbsp; Missa inte \u00e5rsm\u00f6tet 2023-02-23 i Broddetorp L\u00f6fwings atelj\u00e9 18,30 F\u00f6ranm\u00e4lan g\u00f6rs till Jan-Olof (jolle) Eriksson 070-5723923 &#8212;&#8212;&#8212;&#8212;&#8212;&#8212;&#8212;&#8212;&#8212;&#8212;&#8212;&#8212;&#8212;&#8212;&#8212;- De allra flesta j\u00e4gare \u00e4r medlemmar i ett jaktlag. Ni vet [&hellip;]<\/p>\n","protected":false},"author":3,"featured_media":0,"parent":0,"menu_order":1,"comment_status":"open","ping_status":"open","template":"","meta":{"footnotes":""},"class_list":["post-2","page","type-page","status-publish","hentry"],"_links":{"self":[{"href":"https:\/\/krets.jagareforbundet.se\/falbygden\/wp-json\/wp\/v2\/pages\/2","targetHints":{"allow":["GET"]}}],"collection":[{"href":"https:\/\/krets.jagareforbundet.se\/falbygden\/wp-json\/wp\/v2\/pages"}],"about":[{"href":"https:\/\/krets.jagareforbundet.se\/falbygden\/wp-json\/wp\/v2\/types\/page"}],"author":[{"embeddable":true,"href":"https:\/\/krets.jagareforbundet.se\/falbygden\/wp-json\/wp\/v2\/users\/3"}],"replies":[{"embeddable":true,"href":"https:\/\/krets.jagareforbundet.se\/falbygden\/wp-json\/wp\/v2\/comments?post=2"}],"version-history":[{"count":4,"href":"https:\/\/krets.jagareforbundet.se\/falbygden\/wp-json\/wp\/v2\/pages\/2\/revisions"}],"predecessor-version":[{"id":513,"href":"https:\/\/krets.jagareforbundet.se\/falbygden\/wp-json\/wp\/v2\/pages\/2\/revisions\/513"}],"wp:attachment":[{"href":"https:\/\/krets.jagareforbundet.se\/falbygden\/wp-json\/wp\/v2\/media?parent=2"}],"curies":[{"name":"wp","href":"https:\/\/api.w.org\/{rel}","templated":true}]}}