{"id":274,"date":"2013-05-13T17:01:56","date_gmt":"2013-05-13T15:01:56","guid":{"rendered":"https:\/\/krets.jagareforbundet.se\/falbygden\/?page_id=274"},"modified":"2016-01-30T16:23:35","modified_gmt":"2016-01-30T15:23:35","slug":"allor","status":"publish","type":"page","link":"https:\/\/krets.jagareforbundet.se\/falbygden\/allor\/","title":{"rendered":"F\u00e4llor"},"content":{"rendered":"<div>\n<h1>F\u00e4llor<\/h1>\n<\/div>\n<div>Vi kommer inte lagerf\u00f6ra n\u00e5gra f\u00e4llor p\u00e5 grund av f\u00f6r liten oms\u00e4ttning, men vi tar hem vid behov. Det g\u00e5r att best\u00e4lla hos Jan-Olof Eriksson 070-6632493<\/div>\n<div><\/div>\n<div>\n<div>\n<div>\n<table border=\"2\" cellspacing=\"2\" cellpadding=\"1\">\n<tbody>\n<tr>\n<td valign=\"top\"><\/td>\n<td valign=\"top\">\n<div><strong>Prislista F\u00e4llor 2013<\/strong><\/div>\n<\/td>\n<td valign=\"top\"><strong>Medlem\u00a0\u00a0\u00a0\u00a0\u00a0 <\/strong><\/td>\n<td valign=\"top\"><strong>\u00d6vriga\u00a0 <\/strong><\/td>\n<\/tr>\n<tr>\n<td valign=\"top\">Gr\u00e4vling<\/td>\n<td valign=\"top\">Gr\u00e4vlingf\u00e4lla n\u00e4t<\/td>\n<td valign=\"top\">1400<\/td>\n<td valign=\"top\">1500<\/td>\n<\/tr>\n<tr>\n<td valign=\"top\"><\/td>\n<td valign=\"top\">\u00d6stg\u00f6taf\u00e4llan<\/td>\n<td valign=\"top\">400<\/td>\n<td valign=\"top\">450<\/td>\n<\/tr>\n<tr>\n<td valign=\"top\"><\/td>\n<td valign=\"top\"><\/td>\n<td valign=\"top\"><\/td>\n<td valign=\"top\"><\/td>\n<\/tr>\n<tr>\n<td valign=\"top\">Mink<\/td>\n<td valign=\"top\">Minkf\u00e4lla, S\u00f6sdala<\/td>\n<td valign=\"top\">430<\/td>\n<td valign=\"top\">480<\/td>\n<\/tr>\n<tr>\n<td valign=\"top\"><\/td>\n<td valign=\"top\">Slagf\u00e4lla, mink ihj\u00e4l<\/td>\n<td valign=\"top\">430<\/td>\n<td valign=\"top\">480<\/td>\n<\/tr>\n<tr>\n<td valign=\"top\"><\/td>\n<td valign=\"top\"><\/td>\n<td valign=\"top\"><\/td>\n<td valign=\"top\"><\/td>\n<\/tr>\n<tr>\n<td valign=\"top\">M\u00e5rd<\/td>\n<td valign=\"top\">Slagf\u00e4lla\u00a0 m\u00e5rd ihj\u00e4l<\/td>\n<td valign=\"top\">430<\/td>\n<td valign=\"top\">480<\/td>\n<\/tr>\n<tr>\n<td valign=\"top\"><\/td>\n<td valign=\"top\">Slagf\u00e4lla Trapper<\/td>\n<td valign=\"top\">400<\/td>\n<td valign=\"top\">450<\/td>\n<\/tr>\n<tr>\n<td valign=\"top\"><\/td>\n<td valign=\"top\">Utbytesfj\u00e4drar do:<\/td>\n<td valign=\"top\">30 kr\/par<\/td>\n<td valign=\"top\"><\/td>\n<\/tr>\n<tr>\n<td valign=\"top\"><\/td>\n<td valign=\"top\"><\/td>\n<td valign=\"top\"><\/td>\n<td valign=\"top\"><\/td>\n<\/tr>\n<tr>\n<td valign=\"top\">F\u00e5gel<\/td>\n<td valign=\"top\">Andkorg<\/td>\n<td valign=\"top\">390<\/td>\n<td valign=\"top\">440<\/td>\n<\/tr>\n<tr>\n<td valign=\"top\"><\/td>\n<td valign=\"top\">Knipholk<\/td>\n<td valign=\"top\">200<\/td>\n<td valign=\"top\">230<\/td>\n<\/tr>\n<tr>\n<td valign=\"top\"><\/td>\n<td valign=\"top\">Skatf\u00e4lla galv.<\/td>\n<td valign=\"top\">1350<\/td>\n<td valign=\"top\">1450<\/td>\n<\/tr>\n<tr>\n<td valign=\"top\"><\/td>\n<td valign=\"top\">Kr\u00e5kf\u00e4lla Trolle Ljungby<\/td>\n<td valign=\"top\">1350<\/td>\n<td valign=\"top\">1450<\/td>\n<\/tr>\n<tr>\n<td valign=\"top\"><\/td>\n<td valign=\"top\">Kr\u00e5k\/Skatf\u00e4lla Vindrarp<\/td>\n<td valign=\"top\">1600<\/td>\n<td valign=\"top\">1800<\/td>\n<\/tr>\n<tr>\n<td valign=\"top\"><\/td>\n<td valign=\"top\">Slagn\u00e4t Skata\/Kr\u00e5ka<\/td>\n<td valign=\"top\">530<\/td>\n<td valign=\"top\">570<\/td>\n<\/tr>\n<tr>\n<td valign=\"top\"><\/td>\n<td valign=\"top\"><\/td>\n<td valign=\"top\"><\/td>\n<td valign=\"top\"><\/td>\n<\/tr>\n<tr>\n<td valign=\"top\">Katt<\/td>\n<td valign=\"top\">Kattf\u00e4lla<\/td>\n<td valign=\"top\">420<\/td>\n<td valign=\"top\">470<\/td>\n<\/tr>\n<tr>\n<td valign=\"top\"><\/td>\n<td valign=\"top\"><\/td>\n<td valign=\"top\"><\/td>\n<td valign=\"top\"><\/td>\n<\/tr>\n<tr>\n<td valign=\"top\">\u00d6vrigt<\/td>\n<td valign=\"top\">Foderautomat<\/td>\n<td valign=\"top\">150<\/td>\n<td valign=\"top\">230<\/td>\n<\/tr>\n<\/tbody>\n<\/table>\n<\/div>\n<\/div>\n<\/div>\n","protected":false},"excerpt":{"rendered":"<p>F\u00e4llor Vi kommer inte lagerf\u00f6ra n\u00e5gra f\u00e4llor p\u00e5 grund av f\u00f6r liten oms\u00e4ttning, men vi tar hem vid behov. Det g\u00e5r att best\u00e4lla hos Jan-Olof Eriksson 070-6632493 Prislista F\u00e4llor 2013 Medlem\u00a0\u00a0\u00a0\u00a0\u00a0 \u00d6vriga\u00a0 Gr\u00e4vling Gr\u00e4vlingf\u00e4lla n\u00e4t 1400 1500 \u00d6stg\u00f6taf\u00e4llan 400 450 Mink Minkf\u00e4lla, S\u00f6sdala 430 480 Slagf\u00e4lla, mink ihj\u00e4l 430 480 M\u00e5rd Slagf\u00e4lla\u00a0 m\u00e5rd ihj\u00e4l 430 [&hellip;]<\/p>\n","protected":false},"author":85,"featured_media":0,"parent":0,"menu_order":0,"comment_status":"open","ping_status":"open","template":"","meta":{"footnotes":""},"class_list":["post-274","page","type-page","status-publish","hentry"],"_links":{"self":[{"href":"https:\/\/krets.jagareforbundet.se\/falbygden\/wp-json\/wp\/v2\/pages\/274","targetHints":{"allow":["GET"]}}],"collection":[{"href":"https:\/\/krets.jagareforbundet.se\/falbygden\/wp-json\/wp\/v2\/pages"}],"about":[{"href":"https:\/\/krets.jagareforbundet.se\/falbygden\/wp-json\/wp\/v2\/types\/page"}],"author":[{"embeddable":true,"href":"https:\/\/krets.jagareforbundet.se\/falbygden\/wp-json\/wp\/v2\/users\/85"}],"replies":[{"embeddable":true,"href":"https:\/\/krets.jagareforbundet.se\/falbygden\/wp-json\/wp\/v2\/comments?post=274"}],"version-history":[{"count":1,"href":"https:\/\/krets.jagareforbundet.se\/falbygden\/wp-json\/wp\/v2\/pages\/274\/revisions"}],"predecessor-version":[{"id":405,"href":"https:\/\/krets.jagareforbundet.se\/falbygden\/wp-json\/wp\/v2\/pages\/274\/revisions\/405"}],"wp:attachment":[{"href":"https:\/\/krets.jagareforbundet.se\/falbygden\/wp-json\/wp\/v2\/media?parent=274"}],"curies":[{"name":"wp","href":"https:\/\/api.w.org\/{rel}","templated":true}]}}