{"id":341,"date":"2013-10-15T18:44:05","date_gmt":"2013-10-15T16:44:05","guid":{"rendered":"https:\/\/krets.jagareforbundet.se\/falbygden\/event\/"},"modified":"2014-01-19T12:28:42","modified_gmt":"2014-01-19T11:28:42","slug":"event","status":"publish","type":"page","link":"https:\/\/krets.jagareforbundet.se\/falbygden\/event\/","title":{"rendered":"Evenemang"},"content":{"rendered":"<p>F\u00f6rel\u00e4sning om vildsvin 19 mars 2014 F\u00f6rel\u00e4sare blir Linus Perdeg\u00e5rd samt Anders Jansson fr\u00e5n Grims\u00f6 forskningsstation<\/p>\n","protected":false},"excerpt":{"rendered":"<p>CONTENTS<\/p>\n","protected":false},"author":3,"featured_media":0,"parent":0,"menu_order":0,"comment_status":"open","ping_status":"open","template":"","meta":{"footnotes":""},"class_list":["post-341","page","type-page","status-publish","hentry"],"_links":{"self":[{"href":"https:\/\/krets.jagareforbundet.se\/falbygden\/wp-json\/wp\/v2\/pages\/341","targetHints":{"allow":["GET"]}}],"collection":[{"href":"https:\/\/krets.jagareforbundet.se\/falbygden\/wp-json\/wp\/v2\/pages"}],"about":[{"href":"https:\/\/krets.jagareforbundet.se\/falbygden\/wp-json\/wp\/v2\/types\/page"}],"author":[{"embeddable":true,"href":"https:\/\/krets.jagareforbundet.se\/falbygden\/wp-json\/wp\/v2\/users\/3"}],"replies":[{"embeddable":true,"href":"https:\/\/krets.jagareforbundet.se\/falbygden\/wp-json\/wp\/v2\/comments?post=341"}],"version-history":[{"count":0,"href":"https:\/\/krets.jagareforbundet.se\/falbygden\/wp-json\/wp\/v2\/pages\/341\/revisions"}],"wp:attachment":[{"href":"https:\/\/krets.jagareforbundet.se\/falbygden\/wp-json\/wp\/v2\/media?parent=341"}],"curies":[{"name":"wp","href":"https:\/\/api.w.org\/{rel}","templated":true}]}}